{"id":1055,"date":"2023-04-17T12:16:29","date_gmt":"2023-04-17T10:16:29","guid":{"rendered":"https:\/\/www.ruderclub-salzburg.at\/wordpress\/?p=1055"},"modified":"2024-04-16T09:23:23","modified_gmt":"2024-04-16T07:23:23","slug":"rudercamp-2023","status":"publish","type":"page","link":"https:\/\/www.ruderclub-salzburg.at\/wordpress\/rudercamp-2023\/","title":{"rendered":"Rudercamp 2023"},"content":{"rendered":"<p>Nach einer doodle-Umfrage ergab sich f\u00fcr unser Rudercamp eine Mehrheit f\u00fcr den Termin am 31.3. bis 1.4.23. Markus organiserte daher f\u00fcr die Ausfahrt in Waging die M\u00f6glichkeit beim RC Waging mit deren Booten auszufahren.<\/p>\n<p><img loading=\"lazy\" decoding=\"async\" class=\"wp-image-1058 aligncenter\" src=\"https:\/\/www.ruderclub-salzburg.at\/wordpress\/wp-content\/uploads\/2023\/04\/Unbenannt.jpeg\" alt=\"\" width=\"598\" height=\"449\" srcset=\"https:\/\/www.ruderclub-salzburg.at\/wordpress\/wp-content\/uploads\/2023\/04\/Unbenannt.jpeg 1024w, https:\/\/www.ruderclub-salzburg.at\/wordpress\/wp-content\/uploads\/2023\/04\/Unbenannt-300x225.jpeg 300w, https:\/\/www.ruderclub-salzburg.at\/wordpress\/wp-content\/uploads\/2023\/04\/Unbenannt-768x576.jpeg 768w\" sizes=\"auto, (max-width: 598px) 100vw, 598px\" \/><img loading=\"lazy\" decoding=\"async\" class=\"wp-image-1059 aligncenter\" src=\"https:\/\/www.ruderclub-salzburg.at\/wordpress\/wp-content\/uploads\/2023\/04\/Waging2.jpeg\" alt=\"\" width=\"595\" height=\"446\" srcset=\"https:\/\/www.ruderclub-salzburg.at\/wordpress\/wp-content\/uploads\/2023\/04\/Waging2.jpeg 1024w, https:\/\/www.ruderclub-salzburg.at\/wordpress\/wp-content\/uploads\/2023\/04\/Waging2-300x225.jpeg 300w, https:\/\/www.ruderclub-salzburg.at\/wordpress\/wp-content\/uploads\/2023\/04\/Waging2-768x576.jpeg 768w\" sizes=\"auto, (max-width: 595px) 100vw, 595px\" \/><\/p>\n<p>Die Wettervorhersage war denkbar schlecht: Regen und starker, b\u00f6iger Wind waren angesagt. Dennoch fanden sich sechs RCS-ler am ersten Tag in Waging ein. Nicht nur Wetterf\u00fchligkeit, sondern auch Verletzung und andere Probleme f\u00fchrten zu der einen oder anderen Absage. Wenn Engel reisen&#8230;. Der Himmel klarte auf und wir fuhren mit einem 4er und einen 2er fast p\u00fcnktlich um 10 Uhr aus. Die Ruderstrecke f\u00fchrte uns \u00fcber den oberen Teil des Waginger Sees in den Tachinger See, der deutlich windgesch\u00fctzter war. Ein kurzer Regenguss konnte die Freude \u00fcber die gut laufenden Boote und das perfekte Ruderwasser nicht tr\u00fcben. Nach ca. 13 km genussvollem Fahren kehrten wir zum Steg zur\u00fcck und versorgten die Boote.<\/p>\n<p>W\u00e4hrend des Mittagessens in Waging verfinsterte sich der Himmel und die Wolken lie\u00dfen ihre Last fallen. Dazu frischte der Wind auf. Dennoch ging es mit ungebrochener Motivation wieder zum Steg. Tats\u00e4chlich lie\u00df der Regen nach einiger Zeit nach und wir fuhren wieder aus. Es wurde Rudern unter erschwerten Bedingungen \ud83d\ude09 . Strammer Wind, ziemlich bewegtes Wasser und leichter Regen brachten uns dazu, fr\u00fcher als geplant in die ruhigere Bucht zum Clubhaus zur\u00fcckzukehren.<\/p>\n<p><img loading=\"lazy\" decoding=\"async\" class=\"wp-image-1060 aligncenter\" src=\"https:\/\/www.ruderclub-salzburg.at\/wordpress\/wp-content\/uploads\/2023\/04\/Waging3.jpeg\" alt=\"\" width=\"600\" height=\"450\" srcset=\"https:\/\/www.ruderclub-salzburg.at\/wordpress\/wp-content\/uploads\/2023\/04\/Waging3.jpeg 1024w, https:\/\/www.ruderclub-salzburg.at\/wordpress\/wp-content\/uploads\/2023\/04\/Waging3-300x225.jpeg 300w, https:\/\/www.ruderclub-salzburg.at\/wordpress\/wp-content\/uploads\/2023\/04\/Waging3-768x576.jpeg 768w\" sizes=\"auto, (max-width: 600px) 100vw, 600px\" \/><br \/>\nNach einem gem\u00fctlichen Abend im Sch\u00f6nramer Br\u00e4ust\u00fcberl bezogen wir unser Quartier in der Hoffnung auf einen weiteren sch\u00f6nen Rudertag. Am n\u00e4chsten Morgen war es trockener, aber windig. Wir starteten mit einem C-F\u00fcnfer und waren voll motiviert. Weiter am See drau\u00dfen wurde der Wind aber heftig. Die Wellen hatten schon wei\u00dfe Kronen und ein ruhiges Fahren war nicht m\u00f6glich. An den Ufern des Sees blinkten die gelben Lichter im Sturmwarnungs-Modus. Als dann das Wasser \u00fcber den Bug ins Boot schlug, gab Markus den Befehl &#8222;Wenden&#8220; und wir kehrten in ufern\u00e4he zum Steg zur\u00fcck. An ein weiteres Ausfahren war nicht mehr zu denken und wir traten die Heimfahrt an.<\/p>\n<p>Auch wenn die Wetterverh\u00e4ltnisse (die \u00fcbrigens zum zweiten m\u00f6glichen Termin nicht besser gewesen w\u00e4ren) das Rudern abk\u00fcrzte, gingen wir bereichert durch das Erleben der Ruderkameradschaft und das Bew\u00e4ltigen von schwierigen Bedingungen, zufrieden und erf\u00fcllt auseinander.<\/p>\n<div style=\"width: 780px;\" class=\"wp-video\"><video class=\"wp-video-shortcode\" id=\"video-1055-1\" width=\"780\" height=\"281\" preload=\"metadata\" controls=\"controls\"><source type=\"video\/mp4\" src=\"https:\/\/www.ruderclub-salzburg.at\/wordpress\/wp-content\/uploads\/2023\/04\/VID-20230331-WA0003.mp4?_=1\" \/><a href=\"https:\/\/www.ruderclub-salzburg.at\/wordpress\/wp-content\/uploads\/2023\/04\/VID-20230331-WA0003.mp4\">https:\/\/www.ruderclub-salzburg.at\/wordpress\/wp-content\/uploads\/2023\/04\/VID-20230331-WA0003.mp4<\/a><\/video><\/div>\n","protected":false},"excerpt":{"rendered":"<p>Nach einer doodle-Umfrage ergab sich f\u00fcr unser Rudercamp eine Mehrheit f\u00fcr den Termin am 31.3. bis 1.4.23. Markus organiserte daher f\u00fcr die Ausfahrt in Waging die M\u00f6glichkeit beim RC Waging mit deren Booten auszufahren. Die Wettervorhersage war denkbar schlecht: Regen und starker, b\u00f6iger Wind waren angesagt. Dennoch fanden sich sechs RCS-ler am ersten Tag in <a class=\"more-link\" href=\"https:\/\/www.ruderclub-salzburg.at\/wordpress\/rudercamp-2023\/\">weiterlesen&#8230;<\/a><\/p>\n","protected":false},"author":2,"featured_media":0,"parent":0,"menu_order":0,"comment_status":"closed","ping_status":"closed","template":"","meta":{"footnotes":""},"class_list":["post-1055","page","type-page","status-publish","hentry"],"_links":{"self":[{"href":"https:\/\/www.ruderclub-salzburg.at\/wordpress\/wp-json\/wp\/v2\/pages\/1055","targetHints":{"allow":["GET"]}}],"collection":[{"href":"https:\/\/www.ruderclub-salzburg.at\/wordpress\/wp-json\/wp\/v2\/pages"}],"about":[{"href":"https:\/\/www.ruderclub-salzburg.at\/wordpress\/wp-json\/wp\/v2\/types\/page"}],"author":[{"embeddable":true,"href":"https:\/\/www.ruderclub-salzburg.at\/wordpress\/wp-json\/wp\/v2\/users\/2"}],"replies":[{"embeddable":true,"href":"https:\/\/www.ruderclub-salzburg.at\/wordpress\/wp-json\/wp\/v2\/comments?post=1055"}],"version-history":[{"count":9,"href":"https:\/\/www.ruderclub-salzburg.at\/wordpress\/wp-json\/wp\/v2\/pages\/1055\/revisions"}],"predecessor-version":[{"id":1068,"href":"https:\/\/www.ruderclub-salzburg.at\/wordpress\/wp-json\/wp\/v2\/pages\/1055\/revisions\/1068"}],"wp:attachment":[{"href":"https:\/\/www.ruderclub-salzburg.at\/wordpress\/wp-json\/wp\/v2\/media?parent=1055"}],"curies":[{"name":"wp","href":"https:\/\/api.w.org\/{rel}","templated":true}]}}