{"id":1074,"date":"2023-05-03T20:49:32","date_gmt":"2023-05-03T18:49:32","guid":{"rendered":"https:\/\/www.ruderclub-salzburg.at\/wordpress\/?p=1074"},"modified":"2024-04-16T09:23:06","modified_gmt":"2024-04-16T07:23:06","slug":"inn-river-race-2023","status":"publish","type":"page","link":"https:\/\/www.ruderclub-salzburg.at\/wordpress\/inn-river-race-2023\/","title":{"rendered":"Inn-River-Race 2023"},"content":{"rendered":"<h3>Ruderclub Salzburg nimmt an der Inn Regatta teil<\/h3>\n<h4><img loading=\"lazy\" decoding=\"async\" class=\"alignnone size-full wp-image-1079\" src=\"https:\/\/www.ruderclub-salzburg.at\/wordpress\/wp-content\/uploads\/2023\/05\/Inregatta1a.jpg\" alt=\"\" width=\"768\" height=\"424\" srcset=\"https:\/\/www.ruderclub-salzburg.at\/wordpress\/wp-content\/uploads\/2023\/05\/Inregatta1a.jpg 768w, https:\/\/www.ruderclub-salzburg.at\/wordpress\/wp-content\/uploads\/2023\/05\/Inregatta1a-300x166.jpg 300w\" sizes=\"auto, (max-width: 768px) 100vw, 768px\" \/><\/h4>\n<h4>RCS-Vierer schl\u00e4gt sich beachtlich<\/h4>\n<div>\n<div>\n<p>Am 12. November 2022, beim Abrudern, gingen Stephan, Willi, Neil und Markus im HORST aufs Wasser. \u00dcberrascht vom erfolgreichen Zusammenspiel, dank Stephan am Schlag, wurde das Projekt geboren, am IRR (Inn River Race) in Passau teilzunehmen.<\/p>\n<p>Es wurde einige Male zusammen trainiert, doch dann musste Willi absagen. Er war zum Regattazeitpunkt verhindert. Hans sprang ein und so war der Vierer wieder komplett. Neil und Markus waren in Passau im 2er &#8222;Proberudern&#8220;, um Bugmann Neil mit der Strecke vertraut zu machen.<\/p>\n<p>Am 15. April war es dann soweit: Startzeit 11Uhr24, mit Startnummer 24. Vom Steg des Passauer RV ging es die Regattastrecke verkehrt rum 5,5 km zum Start beim Mariensteg. Damit war die Truppe schon gut aufgew\u00e4rmt. Das Wetter war feucht und k\u00fchl, aber kaum Wind. Im Vergleich zur Prognose direkt ausgezeichnet. Hans meldete noch am Vortag aus seinem verschneiten Zuhause Bedenken an&#8230;.<\/p>\n<div id=\"attachment_1077\" style=\"width: 790px\" class=\"wp-caption aligncenter\"><img loading=\"lazy\" decoding=\"async\" aria-describedby=\"caption-attachment-1077\" class=\"wp-image-1077 size-large\" src=\"https:\/\/www.ruderclub-salzburg.at\/wordpress\/wp-content\/uploads\/2023\/05\/inriverrace1a-1024x559.jpg\" alt=\"IRR1\" width=\"780\" height=\"426\" srcset=\"https:\/\/www.ruderclub-salzburg.at\/wordpress\/wp-content\/uploads\/2023\/05\/inriverrace1a-1024x559.jpg 1024w, https:\/\/www.ruderclub-salzburg.at\/wordpress\/wp-content\/uploads\/2023\/05\/inriverrace1a-300x164.jpg 300w, https:\/\/www.ruderclub-salzburg.at\/wordpress\/wp-content\/uploads\/2023\/05\/inriverrace1a-768x420.jpg 768w, https:\/\/www.ruderclub-salzburg.at\/wordpress\/wp-content\/uploads\/2023\/05\/inriverrace1a-1536x839.jpg 1536w, https:\/\/www.ruderclub-salzburg.at\/wordpress\/wp-content\/uploads\/2023\/05\/inriverrace1a-2048x1119.jpg 2048w\" sizes=\"auto, (max-width: 780px) 100vw, 780px\" \/><p id=\"caption-attachment-1077\" class=\"wp-caption-text\">Niel auf der &#8222;1&#8220;, dann Hans, Markus und Stephan<\/p><\/div>\n<p>Stephan, exzellent am Schlag, f\u00fchrte das Team sicher durch die Regatta. Hans, Neil und Markus taten ihr m\u00f6glichstes dazu. In 23 Minuten wurde die Ziellinie passiert und damit in der Klasse die zweitbeste Zeit erzielt. F\u00fcr die gesamte Mannschaft war es ein gro\u00dfartiges Erlebnis.<\/p>\n<p>Es war auch eine imposante Veranstaltung. Insgesamt waren ca. 90 Boote am Start, gestaffelt mit Renn8ter, C-8ter, C-4er und Renn4er. Mitten drin das RCS-Team.<\/p>\n<\/div>\n<\/div>\n<p><img loading=\"lazy\" decoding=\"async\" class=\"size-large wp-image-1078 aligncenter\" src=\"https:\/\/www.ruderclub-salzburg.at\/wordpress\/wp-content\/uploads\/2023\/05\/inriverrace2a-1024x460.jpg\" alt=\"\" width=\"780\" height=\"350\" srcset=\"https:\/\/www.ruderclub-salzburg.at\/wordpress\/wp-content\/uploads\/2023\/05\/inriverrace2a-1024x460.jpg 1024w, https:\/\/www.ruderclub-salzburg.at\/wordpress\/wp-content\/uploads\/2023\/05\/inriverrace2a-300x135.jpg 300w, https:\/\/www.ruderclub-salzburg.at\/wordpress\/wp-content\/uploads\/2023\/05\/inriverrace2a-768x345.jpg 768w, https:\/\/www.ruderclub-salzburg.at\/wordpress\/wp-content\/uploads\/2023\/05\/inriverrace2a-1536x689.jpg 1536w, https:\/\/www.ruderclub-salzburg.at\/wordpress\/wp-content\/uploads\/2023\/05\/inriverrace2a-2048x919.jpg 2048w\" sizes=\"auto, (max-width: 780px) 100vw, 780px\" \/><\/p>\n<p>&nbsp;<\/p>\n","protected":false},"excerpt":{"rendered":"<p>Ruderclub Salzburg nimmt an der Inn Regatta teil RCS-Vierer schl\u00e4gt sich beachtlich Am 12. November 2022, beim Abrudern, gingen Stephan, Willi, Neil und Markus im HORST aufs Wasser. \u00dcberrascht vom erfolgreichen Zusammenspiel, dank Stephan am Schlag, wurde das Projekt geboren, am IRR (Inn River Race) in Passau teilzunehmen. Es wurde einige Male zusammen trainiert, doch <a class=\"more-link\" href=\"https:\/\/www.ruderclub-salzburg.at\/wordpress\/inn-river-race-2023\/\">weiterlesen&#8230;<\/a><\/p>\n","protected":false},"author":2,"featured_media":0,"parent":0,"menu_order":0,"comment_status":"closed","ping_status":"closed","template":"","meta":{"footnotes":""},"class_list":["post-1074","page","type-page","status-publish","hentry"],"_links":{"self":[{"href":"https:\/\/www.ruderclub-salzburg.at\/wordpress\/wp-json\/wp\/v2\/pages\/1074","targetHints":{"allow":["GET"]}}],"collection":[{"href":"https:\/\/www.ruderclub-salzburg.at\/wordpress\/wp-json\/wp\/v2\/pages"}],"about":[{"href":"https:\/\/www.ruderclub-salzburg.at\/wordpress\/wp-json\/wp\/v2\/types\/page"}],"author":[{"embeddable":true,"href":"https:\/\/www.ruderclub-salzburg.at\/wordpress\/wp-json\/wp\/v2\/users\/2"}],"replies":[{"embeddable":true,"href":"https:\/\/www.ruderclub-salzburg.at\/wordpress\/wp-json\/wp\/v2\/comments?post=1074"}],"version-history":[{"count":6,"href":"https:\/\/www.ruderclub-salzburg.at\/wordpress\/wp-json\/wp\/v2\/pages\/1074\/revisions"}],"predecessor-version":[{"id":1086,"href":"https:\/\/www.ruderclub-salzburg.at\/wordpress\/wp-json\/wp\/v2\/pages\/1074\/revisions\/1086"}],"wp:attachment":[{"href":"https:\/\/www.ruderclub-salzburg.at\/wordpress\/wp-json\/wp\/v2\/media?parent=1074"}],"curies":[{"name":"wp","href":"https:\/\/api.w.org\/{rel}","templated":true}]}}