{"id":1088,"date":"2023-05-24T19:46:23","date_gmt":"2023-05-24T17:46:23","guid":{"rendered":"https:\/\/www.ruderclub-salzburg.at\/wordpress\/?p=1088"},"modified":"2024-04-16T09:24:16","modified_gmt":"2024-04-16T07:24:16","slug":"ruderkurs-2023","status":"publish","type":"page","link":"https:\/\/www.ruderclub-salzburg.at\/wordpress\/ruderkurs-2023\/","title":{"rendered":"Ruderkurs 2023"},"content":{"rendered":"<h4>Ruderkurs f\u00fcr acht Ruderneulinge abgeschlossen<\/h4>\n<p>Am 24. April startete ein Anf\u00e4nger-Ruderkurs beim Ruder Club Salzburg mit acht ambitionierten Neulingen. Organisation und Koordination sowie ein Gro\u00dfteil der Kursstunden lagen in den H\u00e4nden von Sporttrainer Hartmut Sedelmaier. Die Wetterbedingungen waren recht unterschiedlich und aufgrund von Schleusen\u00f6ffnungen und starkem Regen musste die eine oder anderer Einheit verschoben werden. Doch mit der tollen Motivation aller Teilnehmer konnten bis zum 23 Mai acht Einheiten mit je ca. 1,5 Stunden abgehalten werden. Dank geht an die Helfer Pr\u00e4sident Herbert, Eugen, Johanna, Leo, Markus, Christian, Michael, Alina und Daisy, die Kursstunden \u00fcbernahmen bzw. als Bootsbesatzung einsprangen. Besonderer Dank geht an\u00a0 Ehrenmitglied Peter, der aus Nieder\u00f6sterreich anreiste und an den letzten beiden Kurstagen als Trainer zu Verf\u00fcgung stand.<\/p>\n<p>Beim letzten Kurstermin am 23. Mai bewiesen alle ganz besondere Motivation. Obwohl genau beim Ablegen ein Wolkenbruch herunterprasselte und Windb\u00f6en aus Nordwest unangenehm abk\u00fchlten, wurde weitergerudert und die Mannschaften zeigten ordentliches Rudern! Ein bemerkenswerter Fortschritt in einem Monat!<\/p>\n<p>Wieder in trockenen Gew\u00e4ndern traf sich im Anschluss der gesamte Kurs (leider eine krankheitsbedingte Absage) beim Kaiserhof in Neualm, wo der Vorstand des RCS wartete. Hartmut verteilte die Kurszertifikate und wies auf die tollen Leistungen aller hin. Logisch, dass da der Vorstand den Wunsch hat, m\u00f6glicht alle dieser Truppe als Mitglieder zu begr\u00fc\u00dfen. So ging zu sp\u00e4ter Stunde ein netter Abend und ein erfolgreicher Ruderkurs zu Ende.<\/p>\n<style type=\"text\/css\">\n#foogallery-gallery-1117 .fg-image { width: 200px; }\n#foogallery-gallery-1117 { --fg-gutter: 10px; }<\/style>\n\t\t\t<div class=\"foogallery foogallery-container foogallery-default foogallery-lightbox-none fg-center fg-default fg-ready fg-light fg-border-medium fg-round-medium fg-shadow-medium fg-shadow-inset-small fg-loading-default fg-loaded-fade-in fg-caption-hover fg-hover-fade fg-hover-zoom\" id=\"foogallery-gallery-1117\" data-foogallery=\"{&quot;item&quot;:{&quot;showCaptionTitle&quot;:false,&quot;showCaptionDescription&quot;:true},&quot;lazy&quot;:true}\" style=\"--fg-title-line-clamp: 0; --fg-description-line-clamp: 0;\" >\n\t<div class=\"fg-item fg-type-image fg-idle\"><figure class=\"fg-item-inner\"><a href=\"https:\/\/www.ruderclub-salzburg.at\/wordpress\/wp-content\/uploads\/2023\/05\/IMG20230513104407-scaled.jpg\" data-attachment-id=\"1104\" data-type=\"image\" class=\"fg-thumb\"><span class=\"fg-image-wrap\"><img decoding=\"async\" width=\"200\" height=\"200\" class=\"skip-lazy fg-image\" data-src-fg=\"https:\/\/www.ruderclub-salzburg.at\/wordpress\/wp-content\/uploads\/cache\/2023\/05\/IMG20230513104407-scaled\/880331627.jpg\" src=\"data:image\/svg+xml,%3Csvg%20xmlns%3D%22http%3A%2F%2Fwww.w3.org%2F2000%2Fsvg%22%20width%3D%22200%22%20height%3D%22200%22%20viewBox%3D%220%200%20200%20200%22%3E%3C%2Fsvg%3E\" loading=\"eager\"><\/span><span class=\"fg-image-overlay\"><\/span><\/a><\/figure><div class=\"fg-loader\"><\/div><\/div><div class=\"fg-item fg-type-image fg-idle\"><figure class=\"fg-item-inner\"><a href=\"https:\/\/www.ruderclub-salzburg.at\/wordpress\/wp-content\/uploads\/2023\/05\/Ruderkurs3.jpeg\" data-attachment-id=\"1101\" data-type=\"image\" class=\"fg-thumb\"><span class=\"fg-image-wrap\"><img decoding=\"async\" width=\"200\" height=\"200\" class=\"skip-lazy fg-image\" data-src-fg=\"https:\/\/www.ruderclub-salzburg.at\/wordpress\/wp-content\/uploads\/cache\/2023\/05\/Ruderkurs3\/3214571475.jpeg\" src=\"data:image\/svg+xml,%3Csvg%20xmlns%3D%22http%3A%2F%2Fwww.w3.org%2F2000%2Fsvg%22%20width%3D%22200%22%20height%3D%22200%22%20viewBox%3D%220%200%20200%20200%22%3E%3C%2Fsvg%3E\" loading=\"eager\"><\/span><span class=\"fg-image-overlay\"><\/span><\/a><\/figure><div class=\"fg-loader\"><\/div><\/div><div class=\"fg-item fg-type-image fg-idle\"><figure class=\"fg-item-inner\"><a href=\"https:\/\/www.ruderclub-salzburg.at\/wordpress\/wp-content\/uploads\/2023\/05\/Ruderkurs2.jpeg\" data-caption-title=\"Johanna (hinten) und Leo (li. vorne halfen auch aus\" data-caption-desc=\"Johanna (hinten) und Leo (li. vorne halfen auch aus\" data-attachment-id=\"1100\" data-type=\"image\" class=\"fg-thumb\"><span class=\"fg-image-wrap\"><img decoding=\"async\" title=\"Johanna (hinten) und Leo (li. vorne halfen auch aus\" width=\"200\" height=\"200\" class=\"skip-lazy fg-image\" data-src-fg=\"https:\/\/www.ruderclub-salzburg.at\/wordpress\/wp-content\/uploads\/cache\/2023\/05\/Ruderkurs2\/839367851.jpeg\" src=\"data:image\/svg+xml,%3Csvg%20xmlns%3D%22http%3A%2F%2Fwww.w3.org%2F2000%2Fsvg%22%20width%3D%22200%22%20height%3D%22200%22%20viewBox%3D%220%200%20200%20200%22%3E%3C%2Fsvg%3E\" loading=\"eager\"><\/span><span class=\"fg-image-overlay\"><\/span><\/a><figcaption class=\"fg-caption\"><div class=\"fg-caption-inner\"><div class=\"fg-caption-desc\">Johanna (hinten) und Leo (li. vorne halfen auch aus<\/div><\/div><\/figcaption><\/figure><div class=\"fg-loader\"><\/div><\/div><div class=\"fg-item fg-type-image fg-idle\"><figure class=\"fg-item-inner\"><a href=\"https:\/\/www.ruderclub-salzburg.at\/wordpress\/wp-content\/uploads\/2023\/05\/Ruderkurs1.jpeg\" data-caption-title=\"Kursgruppe mit Pr\u00e4s. Herbert am Schlag\" data-caption-desc=\"Kursgruppe mit Pr\u00e4s. Herbert am Schlag\" data-attachment-id=\"1099\" data-type=\"image\" class=\"fg-thumb\"><span class=\"fg-image-wrap\"><img decoding=\"async\" title=\"Kursgruppe mit Pr\u00e4s. Herbert am Schlag\" width=\"200\" height=\"200\" class=\"skip-lazy fg-image\" data-src-fg=\"https:\/\/www.ruderclub-salzburg.at\/wordpress\/wp-content\/uploads\/cache\/2023\/05\/Ruderkurs1\/2330749556.jpeg\" src=\"data:image\/svg+xml,%3Csvg%20xmlns%3D%22http%3A%2F%2Fwww.w3.org%2F2000%2Fsvg%22%20width%3D%22200%22%20height%3D%22200%22%20viewBox%3D%220%200%20200%20200%22%3E%3C%2Fsvg%3E\" loading=\"eager\"><\/span><span class=\"fg-image-overlay\"><\/span><\/a><figcaption class=\"fg-caption\"><div class=\"fg-caption-inner\"><div class=\"fg-caption-desc\">Kursgruppe mit Pr\u00e4s. Herbert am Schlag<\/div><\/div><\/figcaption><\/figure><div class=\"fg-loader\"><\/div><\/div><div class=\"fg-item fg-type-image fg-idle\"><figure class=\"fg-item-inner\"><a href=\"https:\/\/www.ruderclub-salzburg.at\/wordpress\/wp-content\/uploads\/2023\/05\/Abschluss5.jpeg\" data-attachment-id=\"1098\" data-type=\"image\" class=\"fg-thumb\"><span class=\"fg-image-wrap\"><img decoding=\"async\" width=\"200\" height=\"200\" class=\"skip-lazy fg-image\" data-src-fg=\"https:\/\/www.ruderclub-salzburg.at\/wordpress\/wp-content\/uploads\/cache\/2023\/05\/Abschluss5\/2405215609.jpeg\" src=\"data:image\/svg+xml,%3Csvg%20xmlns%3D%22http%3A%2F%2Fwww.w3.org%2F2000%2Fsvg%22%20width%3D%22200%22%20height%3D%22200%22%20viewBox%3D%220%200%20200%20200%22%3E%3C%2Fsvg%3E\" loading=\"eager\"><\/span><span class=\"fg-image-overlay\"><\/span><\/a><\/figure><div class=\"fg-loader\"><\/div><\/div><div class=\"fg-item fg-type-image fg-idle\"><figure class=\"fg-item-inner\"><a href=\"https:\/\/www.ruderclub-salzburg.at\/wordpress\/wp-content\/uploads\/2023\/05\/Abschluss4.jpeg\" data-attachment-id=\"1097\" data-type=\"image\" class=\"fg-thumb\"><span class=\"fg-image-wrap\"><img decoding=\"async\" width=\"200\" height=\"200\" class=\"skip-lazy fg-image\" data-src-fg=\"https:\/\/www.ruderclub-salzburg.at\/wordpress\/wp-content\/uploads\/cache\/2023\/05\/Abschluss4\/3865396295.jpeg\" src=\"data:image\/svg+xml,%3Csvg%20xmlns%3D%22http%3A%2F%2Fwww.w3.org%2F2000%2Fsvg%22%20width%3D%22200%22%20height%3D%22200%22%20viewBox%3D%220%200%20200%20200%22%3E%3C%2Fsvg%3E\" loading=\"eager\"><\/span><span class=\"fg-image-overlay\"><\/span><\/a><\/figure><div class=\"fg-loader\"><\/div><\/div><div class=\"fg-item fg-type-image fg-idle\"><figure class=\"fg-item-inner\"><a href=\"https:\/\/www.ruderclub-salzburg.at\/wordpress\/wp-content\/uploads\/2023\/05\/Abschluss3.jpeg\" data-attachment-id=\"1096\" data-type=\"image\" class=\"fg-thumb\"><span class=\"fg-image-wrap\"><img decoding=\"async\" width=\"200\" height=\"200\" class=\"skip-lazy fg-image\" data-src-fg=\"https:\/\/www.ruderclub-salzburg.at\/wordpress\/wp-content\/uploads\/cache\/2023\/05\/Abschluss3\/417527477.jpeg\" src=\"data:image\/svg+xml,%3Csvg%20xmlns%3D%22http%3A%2F%2Fwww.w3.org%2F2000%2Fsvg%22%20width%3D%22200%22%20height%3D%22200%22%20viewBox%3D%220%200%20200%20200%22%3E%3C%2Fsvg%3E\" loading=\"eager\"><\/span><span class=\"fg-image-overlay\"><\/span><\/a><\/figure><div class=\"fg-loader\"><\/div><\/div><div class=\"fg-item fg-type-image fg-idle\"><figure class=\"fg-item-inner\"><a href=\"https:\/\/www.ruderclub-salzburg.at\/wordpress\/wp-content\/uploads\/2023\/05\/Abschluss2.jpeg\" data-attachment-id=\"1095\" data-type=\"image\" class=\"fg-thumb\"><span class=\"fg-image-wrap\"><img decoding=\"async\" width=\"200\" height=\"200\" class=\"skip-lazy fg-image\" data-src-fg=\"https:\/\/www.ruderclub-salzburg.at\/wordpress\/wp-content\/uploads\/cache\/2023\/05\/Abschluss2\/2076411386.jpeg\" src=\"data:image\/svg+xml,%3Csvg%20xmlns%3D%22http%3A%2F%2Fwww.w3.org%2F2000%2Fsvg%22%20width%3D%22200%22%20height%3D%22200%22%20viewBox%3D%220%200%20200%20200%22%3E%3C%2Fsvg%3E\" loading=\"eager\"><\/span><span class=\"fg-image-overlay\"><\/span><\/a><\/figure><div class=\"fg-loader\"><\/div><\/div><div class=\"fg-item fg-type-image fg-idle\"><figure class=\"fg-item-inner\"><a href=\"https:\/\/www.ruderclub-salzburg.at\/wordpress\/wp-content\/uploads\/2023\/05\/Abschluss1.jpeg\" data-caption-title=\"Vorstand, Kursleitung samt Teilnehmern\" data-caption-desc=\"Vorstand, Kursleitung samt Teilnehmern\" data-attachment-id=\"1094\" data-type=\"image\" class=\"fg-thumb\"><span class=\"fg-image-wrap\"><img decoding=\"async\" title=\"Vorstand, Kursleitung samt Teilnehmern\" width=\"200\" height=\"200\" class=\"skip-lazy fg-image\" data-src-fg=\"https:\/\/www.ruderclub-salzburg.at\/wordpress\/wp-content\/uploads\/cache\/2023\/05\/Abschluss1\/3634914820.jpeg\" src=\"data:image\/svg+xml,%3Csvg%20xmlns%3D%22http%3A%2F%2Fwww.w3.org%2F2000%2Fsvg%22%20width%3D%22200%22%20height%3D%22200%22%20viewBox%3D%220%200%20200%20200%22%3E%3C%2Fsvg%3E\" loading=\"eager\"><\/span><span class=\"fg-image-overlay\"><\/span><\/a><figcaption class=\"fg-caption\"><div class=\"fg-caption-inner\"><div class=\"fg-caption-desc\">Vorstand, Kursleitung samt Teilnehmern<\/div><\/div><\/figcaption><\/figure><div class=\"fg-loader\"><\/div><\/div><\/div>\n\n<p>Schon nach zwei Einheiten wurde ordentlich gerudert:<\/p>\n<div style=\"width: 300px;\" class=\"wp-video\"><video class=\"wp-video-shortcode\" id=\"video-1088-1\" width=\"300\" height=\"360\" preload=\"metadata\" controls=\"controls\"><source type=\"video\/mp4\" src=\"https:\/\/www.ruderclub-salzburg.at\/wordpress\/wp-content\/uploads\/2023\/05\/VID-20230504-WA0000.mp4?_=1\" \/><a href=\"https:\/\/www.ruderclub-salzburg.at\/wordpress\/wp-content\/uploads\/2023\/05\/VID-20230504-WA0000.mp4\">https:\/\/www.ruderclub-salzburg.at\/wordpress\/wp-content\/uploads\/2023\/05\/VID-20230504-WA0000.mp4<\/a><\/video><\/div>\n","protected":false},"excerpt":{"rendered":"<p>Ruderkurs f\u00fcr acht Ruderneulinge abgeschlossen Am 24. April startete ein Anf\u00e4nger-Ruderkurs beim Ruder Club Salzburg mit acht ambitionierten Neulingen. Organisation und Koordination sowie ein Gro\u00dfteil der Kursstunden lagen in den H\u00e4nden von Sporttrainer Hartmut Sedelmaier. Die Wetterbedingungen waren recht unterschiedlich und aufgrund von Schleusen\u00f6ffnungen und starkem Regen musste die eine oder anderer Einheit verschoben werden. <a class=\"more-link\" href=\"https:\/\/www.ruderclub-salzburg.at\/wordpress\/ruderkurs-2023\/\">weiterlesen&#8230;<\/a><\/p>\n","protected":false},"author":2,"featured_media":0,"parent":0,"menu_order":0,"comment_status":"closed","ping_status":"closed","template":"","meta":{"footnotes":""},"class_list":["post-1088","page","type-page","status-publish","hentry"],"_links":{"self":[{"href":"https:\/\/www.ruderclub-salzburg.at\/wordpress\/wp-json\/wp\/v2\/pages\/1088","targetHints":{"allow":["GET"]}}],"collection":[{"href":"https:\/\/www.ruderclub-salzburg.at\/wordpress\/wp-json\/wp\/v2\/pages"}],"about":[{"href":"https:\/\/www.ruderclub-salzburg.at\/wordpress\/wp-json\/wp\/v2\/types\/page"}],"author":[{"embeddable":true,"href":"https:\/\/www.ruderclub-salzburg.at\/wordpress\/wp-json\/wp\/v2\/users\/2"}],"replies":[{"embeddable":true,"href":"https:\/\/www.ruderclub-salzburg.at\/wordpress\/wp-json\/wp\/v2\/comments?post=1088"}],"version-history":[{"count":20,"href":"https:\/\/www.ruderclub-salzburg.at\/wordpress\/wp-json\/wp\/v2\/pages\/1088\/revisions"}],"predecessor-version":[{"id":1119,"href":"https:\/\/www.ruderclub-salzburg.at\/wordpress\/wp-json\/wp\/v2\/pages\/1088\/revisions\/1119"}],"wp:attachment":[{"href":"https:\/\/www.ruderclub-salzburg.at\/wordpress\/wp-json\/wp\/v2\/media?parent=1088"}],"curies":[{"name":"wp","href":"https:\/\/api.w.org\/{rel}","templated":true}]}}