{"id":1359,"date":"2024-04-15T14:25:44","date_gmt":"2024-04-15T12:25:44","guid":{"rendered":"https:\/\/www.ruderclub-salzburg.at\/wordpress\/?p=1359"},"modified":"2025-01-11T13:04:42","modified_gmt":"2025-01-11T12:04:42","slug":"anrudern-2024","status":"publish","type":"page","link":"https:\/\/www.ruderclub-salzburg.at\/wordpress\/anrudern-2024\/","title":{"rendered":"Anrudern 2024"},"content":{"rendered":"<div>\n<h4>Neue Rekordzahl an Teilnehmern beim Anrudern des Ruder Club Salzburg<\/h4>\n<p><img loading=\"lazy\" decoding=\"async\" class=\"wp-image-1362 alignright\" src=\"https:\/\/www.ruderclub-salzburg.at\/wordpress\/wp-content\/uploads\/2024\/04\/Anrudern24-1-576x1024.jpg\" alt=\"\" width=\"329\" height=\"585\" srcset=\"https:\/\/www.ruderclub-salzburg.at\/wordpress\/wp-content\/uploads\/2024\/04\/Anrudern24-1-576x1024.jpg 576w, https:\/\/www.ruderclub-salzburg.at\/wordpress\/wp-content\/uploads\/2024\/04\/Anrudern24-1-169x300.jpg 169w, https:\/\/www.ruderclub-salzburg.at\/wordpress\/wp-content\/uploads\/2024\/04\/Anrudern24-1-768x1365.jpg 768w, https:\/\/www.ruderclub-salzburg.at\/wordpress\/wp-content\/uploads\/2024\/04\/Anrudern24-1-864x1536.jpg 864w, https:\/\/www.ruderclub-salzburg.at\/wordpress\/wp-content\/uploads\/2024\/04\/Anrudern24-1.jpg 1134w\" sizes=\"auto, (max-width: 329px) 100vw, 329px\" \/>Das traditionelle Anrudern als offizieller Start in die neue Rudersaison am 11. April brachte f\u00fcr den Ruder Club Salzburg einen neuen Teilnehmerrekord.<\/p>\n<p>Bei bestem Ruderwetter &#8211; Sonnenschein, glattes Wasser und m\u00e4\u00dfige Str\u00f6mung &#8211; nutzten insgesamt 19 Mitglieder, davon 8 Ruderinnen und 11 Ruderer, die Gelegenheit zu einer gemeinsamen Ausfahrt. Dank der Disziplin und P\u00fcnktlichkeit aller TeilnehmerInnen haben wir es geschafft, zwei\u00a0C-Vierer mit, einen Renndoppelvierer ohne Steuermann, einen\u00a0Renngig-Dreier und einen\u00a0alten Renndoppelzweier, also f\u00fcnf Boote in knapp vierzig Minuten auf&#8217;s Wasser zu bringen.<\/p>\n<p>Die gute Stimmung setzte sich beim anschlie\u00dfenden gemeinsamen Abendessen im Br\u00fcckenwirt fort, wo bei gutem Essen und Trinken noch zehn Leute die bevorstehenden Veranstaltungen besprachen (vier Routiniers starten am 13.04. beim Inn-River-Race in Passau und neunzehn \u00fcberwiegend neue Mitglieder sind f\u00fcr den Technikkurs mit Videoschulung von 12. bis 14. April angemeldet). Ebenso wurden in geselliger Runde manche neue Vorhaben f\u00fcr die heurige Rudersaison geplant und interessante Ideen generiert.<\/p>\n<p>Weil offenbar Alle mit gro\u00dfer Begeisterung dabei waren, ist leider nur ein Foto gemacht worden und soll quasi als &#8222;pars pro\u00a0toto&#8220;\u00a0an diesen gelungenen Saisonauftakt erinnern.<\/p>\n<\/div>\n<div><\/div>\n","protected":false},"excerpt":{"rendered":"<p>Neue Rekordzahl an Teilnehmern beim Anrudern des Ruder Club Salzburg Das traditionelle Anrudern als offizieller Start in die neue Rudersaison am 11. April brachte f\u00fcr den Ruder Club Salzburg einen neuen Teilnehmerrekord. Bei bestem Ruderwetter &#8211; Sonnenschein, glattes Wasser und m\u00e4\u00dfige Str\u00f6mung &#8211; nutzten insgesamt 19 Mitglieder, davon 8 Ruderinnen und 11 Ruderer, die Gelegenheit <a class=\"more-link\" href=\"https:\/\/www.ruderclub-salzburg.at\/wordpress\/anrudern-2024\/\">weiterlesen&#8230;<\/a><\/p>\n","protected":false},"author":3,"featured_media":0,"parent":0,"menu_order":0,"comment_status":"closed","ping_status":"closed","template":"","meta":{"footnotes":""},"class_list":["post-1359","page","type-page","status-publish","hentry"],"_links":{"self":[{"href":"https:\/\/www.ruderclub-salzburg.at\/wordpress\/wp-json\/wp\/v2\/pages\/1359","targetHints":{"allow":["GET"]}}],"collection":[{"href":"https:\/\/www.ruderclub-salzburg.at\/wordpress\/wp-json\/wp\/v2\/pages"}],"about":[{"href":"https:\/\/www.ruderclub-salzburg.at\/wordpress\/wp-json\/wp\/v2\/types\/page"}],"author":[{"embeddable":true,"href":"https:\/\/www.ruderclub-salzburg.at\/wordpress\/wp-json\/wp\/v2\/users\/3"}],"replies":[{"embeddable":true,"href":"https:\/\/www.ruderclub-salzburg.at\/wordpress\/wp-json\/wp\/v2\/comments?post=1359"}],"version-history":[{"count":7,"href":"https:\/\/www.ruderclub-salzburg.at\/wordpress\/wp-json\/wp\/v2\/pages\/1359\/revisions"}],"predecessor-version":[{"id":1367,"href":"https:\/\/www.ruderclub-salzburg.at\/wordpress\/wp-json\/wp\/v2\/pages\/1359\/revisions\/1367"}],"wp:attachment":[{"href":"https:\/\/www.ruderclub-salzburg.at\/wordpress\/wp-json\/wp\/v2\/media?parent=1359"}],"curies":[{"name":"wp","href":"https:\/\/api.w.org\/{rel}","templated":true}]}}