{"id":1395,"date":"2024-07-20T22:15:42","date_gmt":"2024-07-20T20:15:42","guid":{"rendered":"https:\/\/www.ruderclub-salzburg.at\/wordpress\/?p=1395"},"modified":"2025-01-11T13:01:45","modified_gmt":"2025-01-11T12:01:45","slug":"ruder-event-mit-stiegl-brauerei","status":"publish","type":"page","link":"https:\/\/www.ruderclub-salzburg.at\/wordpress\/ruder-event-mit-stiegl-brauerei\/","title":{"rendered":"Ruder-Event mit der Stiegl-Brauerei"},"content":{"rendered":"<p><img loading=\"lazy\" decoding=\"async\" class=\"wp-image-1396 aligncenter\" src=\"https:\/\/www.ruderclub-salzburg.at\/wordpress\/wp-content\/uploads\/2024\/07\/image001.jpg\" alt=\"\" width=\"417\" height=\"119\" \/><\/p>\n<p>Am 24. Mai und am 21. Juni veranstaltete der Ruder Club Salzburg zusammen mit der Stiegl-Brauerei einen Ruder-Event um einerseits in die Grundbegriffe das sportlichen Ruderns eingef\u00fchrt zu werden und andererseits eine Lernphase im Team zu erleben und auch entsprechende R\u00fcckschl\u00fcsse daraus zu ziehen.<\/p>\n<p>Besonders hat uns daher der Kommentar der Stiegl-Brauerei gefreut, den sie uns nach den Veranstaltungen zukommen lie\u00df:<\/p>\n<p style=\"padding-left: 80px;\"><em>Das Rudern war ein au\u00dfergew\u00f6hnliches Erlebnis und eine wertvolle Herausforderung f\u00fcr viele Teilnehmer. Es hat nicht nur den Teamgeist gest\u00e4rkt, sondern auch neue sportliche Interessen geweckt. Besonders hervorzuheben ist die perfekte Organisation und der Spa\u00dffaktor, der es den Teams erm\u00f6glichte, sich zu formen und gemeinsam zu performen. Insgesamt eine gro\u00dfartige und lehrreiche Erfahrung, die unsere Leadership-Ausbildung hervorragend erg\u00e4nzt hat.<\/em><\/p>\n<p><img loading=\"lazy\" decoding=\"async\" class=\"wp-image-1398 alignnone\" src=\"https:\/\/www.ruderclub-salzburg.at\/wordpress\/wp-content\/uploads\/2024\/07\/IMG_7654-1024x768.jpg\" alt=\"\" width=\"331\" height=\"249\" srcset=\"https:\/\/www.ruderclub-salzburg.at\/wordpress\/wp-content\/uploads\/2024\/07\/IMG_7654-1024x768.jpg 1024w, https:\/\/www.ruderclub-salzburg.at\/wordpress\/wp-content\/uploads\/2024\/07\/IMG_7654-300x225.jpg 300w, https:\/\/www.ruderclub-salzburg.at\/wordpress\/wp-content\/uploads\/2024\/07\/IMG_7654-768x576.jpg 768w, https:\/\/www.ruderclub-salzburg.at\/wordpress\/wp-content\/uploads\/2024\/07\/IMG_7654-1536x1152.jpg 1536w, https:\/\/www.ruderclub-salzburg.at\/wordpress\/wp-content\/uploads\/2024\/07\/IMG_7654-2048x1536.jpg 2048w\" sizes=\"auto, (max-width: 331px) 100vw, 331px\" \/> <img loading=\"lazy\" decoding=\"async\" class=\"wp-image-1397 alignnone\" src=\"https:\/\/www.ruderclub-salzburg.at\/wordpress\/wp-content\/uploads\/2024\/07\/IMG_7095-1024x768.jpeg\" alt=\"\" width=\"332\" height=\"249\" srcset=\"https:\/\/www.ruderclub-salzburg.at\/wordpress\/wp-content\/uploads\/2024\/07\/IMG_7095-1024x768.jpeg 1024w, https:\/\/www.ruderclub-salzburg.at\/wordpress\/wp-content\/uploads\/2024\/07\/IMG_7095-300x225.jpeg 300w, https:\/\/www.ruderclub-salzburg.at\/wordpress\/wp-content\/uploads\/2024\/07\/IMG_7095-768x576.jpeg 768w, https:\/\/www.ruderclub-salzburg.at\/wordpress\/wp-content\/uploads\/2024\/07\/IMG_7095-1536x1152.jpeg 1536w, https:\/\/www.ruderclub-salzburg.at\/wordpress\/wp-content\/uploads\/2024\/07\/IMG_7095-2048x1536.jpeg 2048w\" sizes=\"auto, (max-width: 332px) 100vw, 332px\" \/> \u00a0<img loading=\"lazy\" decoding=\"async\" class=\"alignnone wp-image-1424 size-medium\" src=\"https:\/\/www.ruderclub-salzburg.at\/wordpress\/wp-content\/uploads\/2024\/07\/IMG_2086-225x300.jpg\" alt=\"\" width=\"225\" height=\"300\" srcset=\"https:\/\/www.ruderclub-salzburg.at\/wordpress\/wp-content\/uploads\/2024\/07\/IMG_2086-225x300.jpg 225w, https:\/\/www.ruderclub-salzburg.at\/wordpress\/wp-content\/uploads\/2024\/07\/IMG_2086-768x1024.jpg 768w, https:\/\/www.ruderclub-salzburg.at\/wordpress\/wp-content\/uploads\/2024\/07\/IMG_2086-1152x1536.jpg 1152w, https:\/\/www.ruderclub-salzburg.at\/wordpress\/wp-content\/uploads\/2024\/07\/IMG_2086-1536x2048.jpg 1536w, https:\/\/www.ruderclub-salzburg.at\/wordpress\/wp-content\/uploads\/2024\/07\/IMG_2086-scaled.jpg 1920w\" sizes=\"auto, (max-width: 225px) 100vw, 225px\" \/> <img loading=\"lazy\" decoding=\"async\" class=\"alignnone wp-image-1425 size-medium\" src=\"https:\/\/www.ruderclub-salzburg.at\/wordpress\/wp-content\/uploads\/2024\/07\/IMG_2088-225x300.jpg\" alt=\"\" width=\"225\" height=\"300\" srcset=\"https:\/\/www.ruderclub-salzburg.at\/wordpress\/wp-content\/uploads\/2024\/07\/IMG_2088-225x300.jpg 225w, https:\/\/www.ruderclub-salzburg.at\/wordpress\/wp-content\/uploads\/2024\/07\/IMG_2088-768x1024.jpg 768w, https:\/\/www.ruderclub-salzburg.at\/wordpress\/wp-content\/uploads\/2024\/07\/IMG_2088-1152x1536.jpg 1152w, https:\/\/www.ruderclub-salzburg.at\/wordpress\/wp-content\/uploads\/2024\/07\/IMG_2088-1536x2048.jpg 1536w, https:\/\/www.ruderclub-salzburg.at\/wordpress\/wp-content\/uploads\/2024\/07\/IMG_2088-scaled.jpg 1920w\" sizes=\"auto, (max-width: 225px) 100vw, 225px\" \/><\/p>\n<p>Am 24. 05. waren drei Vierergruppen in Booten und eine Landmannschaft in Aktion. Die Boote wurden von erfahrenen Ruderern des RCS betreut und die Teilnehmer entsprechend angeleitet. Am Ende des Halbtages waren alle Teilnehmer soweit, dass ein kleiner Wettbewerb durchgef\u00fchrt werden konnte. Viel Vergn\u00fcgen und erstaunlicher Ehrgeiz konnte beobachtet werden.<\/p>\n<p>Am 21. Juni waren vier Gruppen in drei Booten unterwegs, was einiges Mehr an exakter Organisation notwendig machte. Auch an diesem Tag waren tolle Lernerfolge und eine spannende Challenge am Ende zu sehen. Entsprechend den R\u00fcckmeldungen der Stiegl-Crew konnte auch diese ihre Ziele und Absichten erf\u00fcllen.<\/p>\n<p>Den Helfern Herbert, Johanna, Volker, Hartmut, Barbara und Stephan sei herzlich f\u00fcr ihren Einsatz gedankt! Vielen Dank auch an die Stiegl-Mannschaft f\u00fcr die tolle Zusammenarbeit und auch f\u00fcr die \u00fcberlassenen hauseigenen Getr\u00e4nke. \ud83d\ude09<\/p>\n<p><img loading=\"lazy\" decoding=\"async\" class=\"aligncenter wp-image-1400 size-large\" src=\"https:\/\/www.ruderclub-salzburg.at\/wordpress\/wp-content\/uploads\/2024\/07\/StieglCrew1-scaled-e1724090594306-1024x788.jpg\" alt=\"\" width=\"780\" height=\"600\" srcset=\"https:\/\/www.ruderclub-salzburg.at\/wordpress\/wp-content\/uploads\/2024\/07\/StieglCrew1-scaled-e1724090594306-1024x788.jpg 1024w, https:\/\/www.ruderclub-salzburg.at\/wordpress\/wp-content\/uploads\/2024\/07\/StieglCrew1-scaled-e1724090594306-300x231.jpg 300w, https:\/\/www.ruderclub-salzburg.at\/wordpress\/wp-content\/uploads\/2024\/07\/StieglCrew1-scaled-e1724090594306-768x591.jpg 768w, https:\/\/www.ruderclub-salzburg.at\/wordpress\/wp-content\/uploads\/2024\/07\/StieglCrew1-scaled-e1724090594306-1536x1182.jpg 1536w, https:\/\/www.ruderclub-salzburg.at\/wordpress\/wp-content\/uploads\/2024\/07\/StieglCrew1-scaled-e1724090594306-2048x1576.jpg 2048w\" sizes=\"auto, (max-width: 780px) 100vw, 780px\" \/><\/p>\n","protected":false},"excerpt":{"rendered":"<p>Am 24. Mai und am 21. Juni veranstaltete der Ruder Club Salzburg zusammen mit der Stiegl-Brauerei einen Ruder-Event um einerseits in die Grundbegriffe das sportlichen Ruderns eingef\u00fchrt zu werden und andererseits eine Lernphase im Team zu erleben und auch entsprechende R\u00fcckschl\u00fcsse daraus zu ziehen. Besonders hat uns daher der Kommentar der Stiegl-Brauerei gefreut, den sie <a class=\"more-link\" href=\"https:\/\/www.ruderclub-salzburg.at\/wordpress\/ruder-event-mit-stiegl-brauerei\/\">weiterlesen&#8230;<\/a><\/p>\n","protected":false},"author":2,"featured_media":0,"parent":0,"menu_order":0,"comment_status":"closed","ping_status":"closed","template":"","meta":{"footnotes":""},"class_list":["post-1395","page","type-page","status-publish","hentry"],"_links":{"self":[{"href":"https:\/\/www.ruderclub-salzburg.at\/wordpress\/wp-json\/wp\/v2\/pages\/1395","targetHints":{"allow":["GET"]}}],"collection":[{"href":"https:\/\/www.ruderclub-salzburg.at\/wordpress\/wp-json\/wp\/v2\/pages"}],"about":[{"href":"https:\/\/www.ruderclub-salzburg.at\/wordpress\/wp-json\/wp\/v2\/types\/page"}],"author":[{"embeddable":true,"href":"https:\/\/www.ruderclub-salzburg.at\/wordpress\/wp-json\/wp\/v2\/users\/2"}],"replies":[{"embeddable":true,"href":"https:\/\/www.ruderclub-salzburg.at\/wordpress\/wp-json\/wp\/v2\/comments?post=1395"}],"version-history":[{"count":12,"href":"https:\/\/www.ruderclub-salzburg.at\/wordpress\/wp-json\/wp\/v2\/pages\/1395\/revisions"}],"predecessor-version":[{"id":1436,"href":"https:\/\/www.ruderclub-salzburg.at\/wordpress\/wp-json\/wp\/v2\/pages\/1395\/revisions\/1436"}],"wp:attachment":[{"href":"https:\/\/www.ruderclub-salzburg.at\/wordpress\/wp-json\/wp\/v2\/media?parent=1395"}],"curies":[{"name":"wp","href":"https:\/\/api.w.org\/{rel}","templated":true}]}}