{"id":1405,"date":"2024-07-21T18:00:03","date_gmt":"2024-07-21T16:00:03","guid":{"rendered":"https:\/\/www.ruderclub-salzburg.at\/wordpress\/?p=1405"},"modified":"2025-01-11T13:01:36","modified_gmt":"2025-01-11T12:01:36","slug":"achter-ausfahrt-wolfgangsee","status":"publish","type":"page","link":"https:\/\/www.ruderclub-salzburg.at\/wordpress\/achter-ausfahrt-wolfgangsee\/","title":{"rendered":"Achter-Ausfahrt Wolfgangsee"},"content":{"rendered":"<p>Am 29.Juni 2024 traf sich eine Gruppe von 9 RCS-lern beim Ruderclub Wolfgangsee in St. Gilgen, um mit dem dortigen Doppel-Renn-Achter auszufahren. Die Sonne und ein blauer Himmel versprachen gute Bedingungen. Der Wind und die dadurch entstehenden Wellen machten die erste H\u00e4lfte unserer Fahrt zu einer Herausforderung. Wir brachten einige Zentimeter Wasser im Boot aus St. Gilgen gut nach Strobl auf der anderen Seite des Sees. \ud83d\ude09<\/p>\n<p><img loading=\"lazy\" decoding=\"async\" class=\"wp-image-1410 aligncenter\" src=\"https:\/\/www.ruderclub-salzburg.at\/wordpress\/wp-content\/uploads\/2024\/07\/8terKarte-1024x840.jpg\" alt=\"\" width=\"441\" height=\"362\" srcset=\"https:\/\/www.ruderclub-salzburg.at\/wordpress\/wp-content\/uploads\/2024\/07\/8terKarte-1024x840.jpg 1024w, https:\/\/www.ruderclub-salzburg.at\/wordpress\/wp-content\/uploads\/2024\/07\/8terKarte-300x246.jpg 300w, https:\/\/www.ruderclub-salzburg.at\/wordpress\/wp-content\/uploads\/2024\/07\/8terKarte-768x630.jpg 768w, https:\/\/www.ruderclub-salzburg.at\/wordpress\/wp-content\/uploads\/2024\/07\/8terKarte.jpg 1056w\" sizes=\"auto, (max-width: 441px) 100vw, 441px\" \/><\/p>\n<p>Dier R\u00fcckfahrt verlief nach einer kurzen Rast wesentlich ruhiger und war ein gro\u00dfes Vergn\u00fcgen. Wir bedanken uns beim RC Wolfgangsee f\u00fcr die M\u00f6glichkeit das Boot auszuleihen.<\/p>\n<p>Unser Neumitglied Lola schilderte ihre Eindr\u00fccke beachtenswert poetisch:<\/p>\n<p style=\"text-align: center;\"><em>Das Wasser blau und k\u00fchl die Felsen spiegelnd<\/em><br \/>\n<em>Zu Acht im zwanzig Meter langen Boot<\/em><br \/>\n<em>Wie die Argonauten <\/em><br \/>\n<em>Wenn sie je am Wolfgangsee gewesen w\u00e4ren<\/em><br \/>\n<em>W\u00fcssten sie <\/em><br \/>\n<em>Wie sch\u00f6n es ist<\/em><br \/>\n<em>Im S\u00fc\u00dfwasser<\/em><br \/>\n<em>Wissend<\/em><br \/>\n<em>Dass nach \u00fcber zwanzig Kilometern Arbeit gegen die Wellen<\/em><br \/>\n<em>Die Vers\u00f6hnung kommt<\/em><br \/>\n<em>Mit dem Sprung vom Steg\u00a0<\/em><br \/>\n<em>Wohlverdient<\/em><\/p>\n<style type=\"text\/css\">\n#foogallery-gallery-1411 .fg-image { width: 150px; }\n#foogallery-gallery-1411 { --fg-gutter: 10px; }<\/style>\n\t\t\t<div class=\"foogallery foogallery-container foogallery-default foogallery-lightbox-foogallery fg-center fg-default fg-ready fg-light fg-border-thin fg-shadow-outline fg-loading-default fg-loaded-fade-in fg-caption-hover fg-hover-fade fg-hover-zoom\" id=\"foogallery-gallery-1411\" data-foogallery=\"{&quot;item&quot;:{&quot;showCaptionTitle&quot;:true,&quot;showCaptionDescription&quot;:true},&quot;lazy&quot;:true}\" data-foogallery-lightbox=\"{&quot;thumbs&quot;:&quot;bottom&quot;,&quot;thumbsCaptions&quot;:false,&quot;thumbsBestFit&quot;:false,&quot;thumbsSmall&quot;:false,&quot;thumbsCaptionsAlign&quot;:&quot;default&quot;,&quot;info&quot;:&quot;bottom&quot;,&quot;infoVisible&quot;:true,&quot;infoOverlay&quot;:true,&quot;infoAlign&quot;:&quot;default&quot;,&quot;transition&quot;:&quot;fade&quot;,&quot;hoverButtons&quot;:false,&quot;fitMedia&quot;:false,&quot;noScrollbars&quot;:true,&quot;preserveButtonSpace&quot;:true,&quot;buttons&quot;:{&quot;fullscreen&quot;:true,&quot;info&quot;:true,&quot;thumbs&quot;:false},&quot;video&quot;:{&quot;autoPlay&quot;:true}}\" style=\"--fg-title-line-clamp: 0; --fg-description-line-clamp: 0;\" >\n\t<div class=\"fg-item fg-type-image fg-idle\"><figure class=\"fg-item-inner\"><a href=\"https:\/\/www.ruderclub-salzburg.at\/wordpress\/wp-content\/uploads\/2024\/07\/8Bild3.jpg\" data-attachment-id=\"1408\" data-type=\"image\" class=\"fg-thumb\"><span class=\"fg-image-wrap\"><img decoding=\"async\" width=\"150\" height=\"150\" class=\"skip-lazy fg-image\" data-src-fg=\"https:\/\/www.ruderclub-salzburg.at\/wordpress\/wp-content\/uploads\/cache\/2024\/07\/8Bild3\/2754643381.jpg\" src=\"data:image\/svg+xml,%3Csvg%20xmlns%3D%22http%3A%2F%2Fwww.w3.org%2F2000%2Fsvg%22%20width%3D%22150%22%20height%3D%22150%22%20viewBox%3D%220%200%20150%20150%22%3E%3C%2Fsvg%3E\" loading=\"eager\"><\/span><span class=\"fg-image-overlay\"><\/span><\/a><\/figure><div class=\"fg-loader\"><\/div><\/div><div class=\"fg-item fg-type-image fg-idle\"><figure class=\"fg-item-inner\"><a href=\"https:\/\/www.ruderclub-salzburg.at\/wordpress\/wp-content\/uploads\/2024\/07\/8Bild1.jpg\" data-attachment-id=\"1406\" data-type=\"image\" class=\"fg-thumb\"><span class=\"fg-image-wrap\"><img decoding=\"async\" width=\"150\" height=\"150\" class=\"skip-lazy fg-image\" data-src-fg=\"https:\/\/www.ruderclub-salzburg.at\/wordpress\/wp-content\/uploads\/cache\/2024\/07\/8Bild1\/2301773962.jpg\" src=\"data:image\/svg+xml,%3Csvg%20xmlns%3D%22http%3A%2F%2Fwww.w3.org%2F2000%2Fsvg%22%20width%3D%22150%22%20height%3D%22150%22%20viewBox%3D%220%200%20150%20150%22%3E%3C%2Fsvg%3E\" loading=\"eager\"><\/span><span class=\"fg-image-overlay\"><\/span><\/a><\/figure><div class=\"fg-loader\"><\/div><\/div><div class=\"fg-item fg-type-image fg-idle\"><figure class=\"fg-item-inner\"><a href=\"https:\/\/www.ruderclub-salzburg.at\/wordpress\/wp-content\/uploads\/2024\/07\/8Bild2.jpg\" data-attachment-id=\"1407\" data-type=\"image\" class=\"fg-thumb\"><span class=\"fg-image-wrap\"><img decoding=\"async\" width=\"150\" height=\"150\" class=\"skip-lazy fg-image\" data-src-fg=\"https:\/\/www.ruderclub-salzburg.at\/wordpress\/wp-content\/uploads\/cache\/2024\/07\/8Bild2\/3268467711.jpg\" src=\"data:image\/svg+xml,%3Csvg%20xmlns%3D%22http%3A%2F%2Fwww.w3.org%2F2000%2Fsvg%22%20width%3D%22150%22%20height%3D%22150%22%20viewBox%3D%220%200%20150%20150%22%3E%3C%2Fsvg%3E\" loading=\"eager\"><\/span><span class=\"fg-image-overlay\"><\/span><\/a><\/figure><div class=\"fg-loader\"><\/div><\/div><div class=\"fg-item fg-type-image fg-idle\"><figure class=\"fg-item-inner\"><a href=\"https:\/\/www.ruderclub-salzburg.at\/wordpress\/wp-content\/uploads\/2024\/07\/8Bild4.jpg\" data-attachment-id=\"1409\" data-type=\"image\" class=\"fg-thumb\"><span class=\"fg-image-wrap\"><img decoding=\"async\" width=\"150\" height=\"150\" class=\"skip-lazy fg-image\" data-src-fg=\"https:\/\/www.ruderclub-salzburg.at\/wordpress\/wp-content\/uploads\/cache\/2024\/07\/8Bild4\/1805129786.jpg\" src=\"data:image\/svg+xml,%3Csvg%20xmlns%3D%22http%3A%2F%2Fwww.w3.org%2F2000%2Fsvg%22%20width%3D%22150%22%20height%3D%22150%22%20viewBox%3D%220%200%20150%20150%22%3E%3C%2Fsvg%3E\" loading=\"eager\"><\/span><span class=\"fg-image-overlay\"><\/span><\/a><\/figure><div class=\"fg-loader\"><\/div><\/div><\/div>\n\n","protected":false},"excerpt":{"rendered":"<p>Am 29.Juni 2024 traf sich eine Gruppe von 9 RCS-lern beim Ruderclub Wolfgangsee in St. Gilgen, um mit dem dortigen Doppel-Renn-Achter auszufahren. Die Sonne und ein blauer Himmel versprachen gute Bedingungen. Der Wind und die dadurch entstehenden Wellen machten die erste H\u00e4lfte unserer Fahrt zu einer Herausforderung. Wir brachten einige Zentimeter Wasser im Boot aus <a class=\"more-link\" href=\"https:\/\/www.ruderclub-salzburg.at\/wordpress\/achter-ausfahrt-wolfgangsee\/\">weiterlesen&#8230;<\/a><\/p>\n","protected":false},"author":2,"featured_media":0,"parent":0,"menu_order":0,"comment_status":"closed","ping_status":"closed","template":"","meta":{"footnotes":""},"class_list":["post-1405","page","type-page","status-publish","hentry"],"_links":{"self":[{"href":"https:\/\/www.ruderclub-salzburg.at\/wordpress\/wp-json\/wp\/v2\/pages\/1405","targetHints":{"allow":["GET"]}}],"collection":[{"href":"https:\/\/www.ruderclub-salzburg.at\/wordpress\/wp-json\/wp\/v2\/pages"}],"about":[{"href":"https:\/\/www.ruderclub-salzburg.at\/wordpress\/wp-json\/wp\/v2\/types\/page"}],"author":[{"embeddable":true,"href":"https:\/\/www.ruderclub-salzburg.at\/wordpress\/wp-json\/wp\/v2\/users\/2"}],"replies":[{"embeddable":true,"href":"https:\/\/www.ruderclub-salzburg.at\/wordpress\/wp-json\/wp\/v2\/comments?post=1405"}],"version-history":[{"count":5,"href":"https:\/\/www.ruderclub-salzburg.at\/wordpress\/wp-json\/wp\/v2\/pages\/1405\/revisions"}],"predecessor-version":[{"id":1431,"href":"https:\/\/www.ruderclub-salzburg.at\/wordpress\/wp-json\/wp\/v2\/pages\/1405\/revisions\/1431"}],"wp:attachment":[{"href":"https:\/\/www.ruderclub-salzburg.at\/wordpress\/wp-json\/wp\/v2\/media?parent=1405"}],"curies":[{"name":"wp","href":"https:\/\/api.w.org\/{rel}","templated":true}]}}