{"id":1492,"date":"2024-10-16T10:02:40","date_gmt":"2024-10-16T08:02:40","guid":{"rendered":"https:\/\/www.ruderclub-salzburg.at\/wordpress\/?p=1492"},"modified":"2025-01-11T13:00:43","modified_gmt":"2025-01-11T12:00:43","slug":"weissensee-we-2024","status":"publish","type":"page","link":"https:\/\/www.ruderclub-salzburg.at\/wordpress\/weissensee-we-2024\/","title":{"rendered":"Wei\u00dfensee-Ausflug 2024"},"content":{"rendered":"<h3>Schnee und Sonnenschein am Wei\u00dfensee<\/h3>\n<h5><span style=\"font-family: arial, helvetica, sans-serif;\">Ruderausflug<\/span> des RCS\u00a0 von 3. bis 6. Oktober<\/h5>\n<div style=\"width: 300px;\" class=\"wp-video\"><video class=\"wp-video-shortcode\" id=\"video-1492-1\" width=\"300\" height=\"360\" preload=\"metadata\" controls=\"controls\"><source type=\"video\/mp4\" src=\"https:\/\/www.ruderclub-salzburg.at\/wordpress\/wp-content\/uploads\/2024\/10\/Video2024-10-06.mp4?_=1\" \/><a href=\"https:\/\/www.ruderclub-salzburg.at\/wordpress\/wp-content\/uploads\/2024\/10\/Video2024-10-06.mp4\">https:\/\/www.ruderclub-salzburg.at\/wordpress\/wp-content\/uploads\/2024\/10\/Video2024-10-06.mp4<\/a><\/video><\/div>\n<p>Schon am Mittwoch reiste Peter nach Salzburg\/Golling an, um mit Hartmut die Boote zu verladen. Auf unseren Anh\u00e4nger kamen drei Boote: ein Zweier (PYROS) und zwei Einer (Hermes LeiLei und Alfons Seemann). Dazu mussten alle Boote abgeriggert werden, damt alle drei Boote auf einer &#8211; der obersten &#8211;\u00a0 Ebene des H\u00e4ngers Platz fanden. Also war Schrauben angesagt. Schlie\u00dflich, schon nach Einbruch der Dunkelheit, waren alle Boote festgezurrt und auch die Ruder am H\u00e4nger befestigt. B\u00f6cke und die Ausleger waren ebenfalls in Hartmuts Auto verstaut. Nach der kurzen Probefahrt nach Golling war das Gespann bereit zur Abreise am Donnerstag vormittags.<\/p>\n<p>Der Wetterbericht war nichts f\u00fcr schwache Nerven. Regen, Temperaturen in Richtung Null Grad mit Schnefall waren &#8222;angedroht&#8220;. Dennoch wurde nach Ankunft am Wei\u00dfensee der Pyros und ein Einer aufgeriggert und ruderfertig gemacht. Die Boote lagen nun in den B\u00f6cken und warteten auf das Wassern am n\u00e4chsten Tag. Einen Zweier, ein LiteBoat von Johanna und Hartmut, hatten diese schon in der Garage bei unserem Quartier Pension Lipeter gelagert.\u00a0 Ein Kompliment an alle Teilnehmer, die sich streng an unsere Ruderregel &#8222;das Wetter wird am Steg beurteilt&#8220; hielten. (Margareta mit Steve, Ines, Johanna, Inge, Anita, Peter und Hartmut)<\/p>\n<p><img loading=\"lazy\" decoding=\"async\" class=\"alignnone wp-image-1515\" src=\"https:\/\/www.ruderclub-salzburg.at\/wordpress\/wp-content\/uploads\/2024\/10\/Weissnsee-Schnee.jpg\" alt=\"\" width=\"588\" height=\"351\" srcset=\"https:\/\/www.ruderclub-salzburg.at\/wordpress\/wp-content\/uploads\/2024\/10\/Weissnsee-Schnee.jpg 992w, https:\/\/www.ruderclub-salzburg.at\/wordpress\/wp-content\/uploads\/2024\/10\/Weissnsee-Schnee-300x179.jpg 300w, https:\/\/www.ruderclub-salzburg.at\/wordpress\/wp-content\/uploads\/2024\/10\/Weissnsee-Schnee-768x458.jpg 768w\" sizes=\"auto, (max-width: 588px) 100vw, 588px\" \/><\/p>\n<p>Wie bef\u00fcrchtet lagen am n\u00e4chstn Tag die Boote unter einer Schneeschicht und der Weg zum Wasser war matschig und wei\u00df. Dennoch wurden sofort die ersten Niederschlagspausen ausgen\u00fctzt. Immerhin gab es bei Windstille perfektes Ruderwasser. Der aktualisierte Weterbericht gab Hoffnung auf zunehmende Besserung bis zu Sonnenschein am Sonntag.<\/p>\n<p>F\u00fcr den Samstag hatten wir noch zus\u00e4tzlich ein interessantes &#8222;Zweiergef\u00e4hrt&#8220; gemietet. Ein \u00fcbergro\u00dfes SUP mit einem Aufsatz incl. Rollsitzen und Auslegern. &#8222;ROWonAIR&#8220; , rudern auf einem aufblasbaren SUP, knapp \u00fcber dem Wasser, ohne Reling &#8211; ein spannendes Rudergef\u00fchl. \ud83d\ude09 Gro\u00dfteils niederschlagsfreie Zeiten lie\u00dfen doch etliche, auch unterhaltsame Ruderkilometer zu. Sehr fein f\u00fcr alle war, dass Peter immer wieder wertvolle Tips zur Rudertechnik geben konnte, die im Anschluss gleich umgesetzt wurden. \u00a0Erw\u00e4hnenswert auch, dass in unserem Quartier bei Karin und Andreas der Tag mit einem feinen und reichlichen Fr\u00fchst\u00fcck begann und mit einem exquisiten Abendessen endete.<\/p>\n<p>Wie erhofft, stellte dich tats\u00e4chlich am Sonntag Sonnenschein ein, der noch ordentlich ruderisch ausgen\u00fctzt wurde, ehe es ans Abriggern und Verladen der Boote ging. Wir genossen noch den Sonnenschein beim Mittagessen, ehe es ans Heimfahren ging. So ging ein entspanntes und auch spannendes, verl\u00e4ngertes Wochenende zu Ende.<\/p>\n<style type=\"text\/css\">\n#foogallery-gallery-1516 .fg-image { width: 150px; }\n#foogallery-gallery-1516 { --fg-gutter: 10px; }<\/style>\n\t\t\t<div class=\"foogallery foogallery-container foogallery-default foogallery-lightbox-foogallery fg-center fg-default fg-ready fg-light fg-border-thin fg-shadow-outline fg-loading-default fg-loaded-fade-in fg-caption-hover fg-hover-fade fg-hover-zoom\" id=\"foogallery-gallery-1516\" data-foogallery=\"{&quot;item&quot;:{&quot;showCaptionTitle&quot;:true,&quot;showCaptionDescription&quot;:true},&quot;lazy&quot;:true}\" data-foogallery-lightbox=\"{&quot;thumbs&quot;:&quot;bottom&quot;,&quot;thumbsCaptions&quot;:false,&quot;thumbsBestFit&quot;:false,&quot;thumbsSmall&quot;:false,&quot;thumbsCaptionsAlign&quot;:&quot;default&quot;,&quot;info&quot;:&quot;bottom&quot;,&quot;infoVisible&quot;:true,&quot;infoOverlay&quot;:true,&quot;infoAlign&quot;:&quot;default&quot;,&quot;transition&quot;:&quot;fade&quot;,&quot;hoverButtons&quot;:false,&quot;fitMedia&quot;:false,&quot;noScrollbars&quot;:true,&quot;preserveButtonSpace&quot;:true,&quot;buttons&quot;:{&quot;fullscreen&quot;:true,&quot;info&quot;:true,&quot;thumbs&quot;:false},&quot;video&quot;:{&quot;autoPlay&quot;:true}}\" style=\"--fg-title-line-clamp: 0; --fg-description-line-clamp: 0;\" >\n\t<div class=\"fg-item fg-type-image fg-idle\"><figure class=\"fg-item-inner\"><a href=\"https:\/\/www.ruderclub-salzburg.at\/wordpress\/wp-content\/uploads\/2024\/10\/Weissensee02.jpg\" data-attachment-id=\"1504\" data-type=\"image\" class=\"fg-thumb\"><span class=\"fg-image-wrap\"><img decoding=\"async\" width=\"150\" height=\"150\" class=\"skip-lazy fg-image\" data-src-fg=\"https:\/\/www.ruderclub-salzburg.at\/wordpress\/wp-content\/uploads\/cache\/2024\/10\/Weissensee02\/1371310965.jpg\" src=\"data:image\/svg+xml,%3Csvg%20xmlns%3D%22http%3A%2F%2Fwww.w3.org%2F2000%2Fsvg%22%20width%3D%22150%22%20height%3D%22150%22%20viewBox%3D%220%200%20150%20150%22%3E%3C%2Fsvg%3E\" loading=\"eager\"><\/span><span class=\"fg-image-overlay\"><\/span><\/a><\/figure><div class=\"fg-loader\"><\/div><\/div><div class=\"fg-item fg-type-image fg-idle\"><figure class=\"fg-item-inner\"><a href=\"https:\/\/www.ruderclub-salzburg.at\/wordpress\/wp-content\/uploads\/2024\/10\/Weissnsee-Schnee.jpg\" data-attachment-id=\"1515\" data-type=\"image\" class=\"fg-thumb\"><span class=\"fg-image-wrap\"><img decoding=\"async\" width=\"150\" height=\"150\" class=\"skip-lazy fg-image\" data-src-fg=\"https:\/\/www.ruderclub-salzburg.at\/wordpress\/wp-content\/uploads\/cache\/2024\/10\/Weissnsee-Schnee\/1431786700.jpg\" src=\"data:image\/svg+xml,%3Csvg%20xmlns%3D%22http%3A%2F%2Fwww.w3.org%2F2000%2Fsvg%22%20width%3D%22150%22%20height%3D%22150%22%20viewBox%3D%220%200%20150%20150%22%3E%3C%2Fsvg%3E\" loading=\"eager\"><\/span><span class=\"fg-image-overlay\"><\/span><\/a><\/figure><div class=\"fg-loader\"><\/div><\/div><div class=\"fg-item fg-type-image fg-idle\"><figure class=\"fg-item-inner\"><a href=\"https:\/\/www.ruderclub-salzburg.at\/wordpress\/wp-content\/uploads\/2024\/10\/Weissensee04.jpg\" data-attachment-id=\"1506\" data-type=\"image\" class=\"fg-thumb\"><span class=\"fg-image-wrap\"><img decoding=\"async\" width=\"150\" height=\"150\" class=\"skip-lazy fg-image\" data-src-fg=\"https:\/\/www.ruderclub-salzburg.at\/wordpress\/wp-content\/uploads\/cache\/2024\/10\/Weissensee04\/796957509.jpg\" src=\"data:image\/svg+xml,%3Csvg%20xmlns%3D%22http%3A%2F%2Fwww.w3.org%2F2000%2Fsvg%22%20width%3D%22150%22%20height%3D%22150%22%20viewBox%3D%220%200%20150%20150%22%3E%3C%2Fsvg%3E\" loading=\"eager\"><\/span><span class=\"fg-image-overlay\"><\/span><\/a><\/figure><div class=\"fg-loader\"><\/div><\/div><div class=\"fg-item fg-type-image fg-idle\"><figure class=\"fg-item-inner\"><a href=\"https:\/\/www.ruderclub-salzburg.at\/wordpress\/wp-content\/uploads\/2024\/10\/Weissensee12.jpg\" data-attachment-id=\"1514\" data-type=\"image\" class=\"fg-thumb\"><span class=\"fg-image-wrap\"><img decoding=\"async\" width=\"150\" height=\"150\" class=\"skip-lazy fg-image\" data-src-fg=\"https:\/\/www.ruderclub-salzburg.at\/wordpress\/wp-content\/uploads\/cache\/2024\/10\/Weissensee12\/1813587373.jpg\" src=\"data:image\/svg+xml,%3Csvg%20xmlns%3D%22http%3A%2F%2Fwww.w3.org%2F2000%2Fsvg%22%20width%3D%22150%22%20height%3D%22150%22%20viewBox%3D%220%200%20150%20150%22%3E%3C%2Fsvg%3E\" loading=\"eager\"><\/span><span class=\"fg-image-overlay\"><\/span><\/a><\/figure><div class=\"fg-loader\"><\/div><\/div><div class=\"fg-item fg-type-image fg-idle\"><figure class=\"fg-item-inner\"><a href=\"https:\/\/www.ruderclub-salzburg.at\/wordpress\/wp-content\/uploads\/2024\/10\/Weissensee03.jpg\" data-attachment-id=\"1505\" data-type=\"image\" class=\"fg-thumb\"><span class=\"fg-image-wrap\"><img decoding=\"async\" width=\"150\" height=\"150\" class=\"skip-lazy fg-image\" data-src-fg=\"https:\/\/www.ruderclub-salzburg.at\/wordpress\/wp-content\/uploads\/cache\/2024\/10\/Weissensee03\/747078672.jpg\" src=\"data:image\/svg+xml,%3Csvg%20xmlns%3D%22http%3A%2F%2Fwww.w3.org%2F2000%2Fsvg%22%20width%3D%22150%22%20height%3D%22150%22%20viewBox%3D%220%200%20150%20150%22%3E%3C%2Fsvg%3E\" loading=\"eager\"><\/span><span class=\"fg-image-overlay\"><\/span><\/a><\/figure><div class=\"fg-loader\"><\/div><\/div><div class=\"fg-item fg-type-image fg-idle\"><figure class=\"fg-item-inner\"><a href=\"https:\/\/www.ruderclub-salzburg.at\/wordpress\/wp-content\/uploads\/2024\/10\/Weissensee01.jpg\" data-attachment-id=\"1503\" data-type=\"image\" class=\"fg-thumb\"><span class=\"fg-image-wrap\"><img decoding=\"async\" width=\"150\" height=\"150\" class=\"skip-lazy fg-image\" data-src-fg=\"https:\/\/www.ruderclub-salzburg.at\/wordpress\/wp-content\/uploads\/cache\/2024\/10\/Weissensee01\/2099687413.jpg\" src=\"data:image\/svg+xml,%3Csvg%20xmlns%3D%22http%3A%2F%2Fwww.w3.org%2F2000%2Fsvg%22%20width%3D%22150%22%20height%3D%22150%22%20viewBox%3D%220%200%20150%20150%22%3E%3C%2Fsvg%3E\" loading=\"eager\"><\/span><span class=\"fg-image-overlay\"><\/span><\/a><\/figure><div class=\"fg-loader\"><\/div><\/div><div class=\"fg-item fg-type-image fg-idle\"><figure class=\"fg-item-inner\"><a href=\"https:\/\/www.ruderclub-salzburg.at\/wordpress\/wp-content\/uploads\/2024\/10\/Weissensee11.jpg\" data-attachment-id=\"1513\" data-type=\"image\" class=\"fg-thumb\"><span class=\"fg-image-wrap\"><img decoding=\"async\" width=\"150\" height=\"150\" class=\"skip-lazy fg-image\" data-src-fg=\"https:\/\/www.ruderclub-salzburg.at\/wordpress\/wp-content\/uploads\/cache\/2024\/10\/Weissensee11\/1082327341.jpg\" src=\"data:image\/svg+xml,%3Csvg%20xmlns%3D%22http%3A%2F%2Fwww.w3.org%2F2000%2Fsvg%22%20width%3D%22150%22%20height%3D%22150%22%20viewBox%3D%220%200%20150%20150%22%3E%3C%2Fsvg%3E\" loading=\"eager\"><\/span><span class=\"fg-image-overlay\"><\/span><\/a><\/figure><div class=\"fg-loader\"><\/div><\/div><div class=\"fg-item fg-type-image fg-idle\"><figure class=\"fg-item-inner\"><a href=\"https:\/\/www.ruderclub-salzburg.at\/wordpress\/wp-content\/uploads\/2024\/10\/Weissensee10.jpg\" data-attachment-id=\"1512\" data-type=\"image\" class=\"fg-thumb\"><span class=\"fg-image-wrap\"><img decoding=\"async\" width=\"150\" height=\"150\" class=\"skip-lazy fg-image\" data-src-fg=\"https:\/\/www.ruderclub-salzburg.at\/wordpress\/wp-content\/uploads\/cache\/2024\/10\/Weissensee10\/1035472456.jpg\" src=\"data:image\/svg+xml,%3Csvg%20xmlns%3D%22http%3A%2F%2Fwww.w3.org%2F2000%2Fsvg%22%20width%3D%22150%22%20height%3D%22150%22%20viewBox%3D%220%200%20150%20150%22%3E%3C%2Fsvg%3E\" loading=\"eager\"><\/span><span class=\"fg-image-overlay\"><\/span><\/a><\/figure><div class=\"fg-loader\"><\/div><\/div><div class=\"fg-item fg-type-image fg-idle\"><figure class=\"fg-item-inner\"><a href=\"https:\/\/www.ruderclub-salzburg.at\/wordpress\/wp-content\/uploads\/2024\/10\/Weissensee09.jpg\" data-attachment-id=\"1511\" data-type=\"image\" class=\"fg-thumb\"><span class=\"fg-image-wrap\"><img decoding=\"async\" width=\"150\" height=\"150\" class=\"skip-lazy fg-image\" data-src-fg=\"https:\/\/www.ruderclub-salzburg.at\/wordpress\/wp-content\/uploads\/cache\/2024\/10\/Weissensee09\/1011750764.jpg\" src=\"data:image\/svg+xml,%3Csvg%20xmlns%3D%22http%3A%2F%2Fwww.w3.org%2F2000%2Fsvg%22%20width%3D%22150%22%20height%3D%22150%22%20viewBox%3D%220%200%20150%20150%22%3E%3C%2Fsvg%3E\" loading=\"eager\"><\/span><span class=\"fg-image-overlay\"><\/span><\/a><\/figure><div class=\"fg-loader\"><\/div><\/div><div class=\"fg-item fg-type-image fg-idle\"><figure class=\"fg-item-inner\"><a href=\"https:\/\/www.ruderclub-salzburg.at\/wordpress\/wp-content\/uploads\/2024\/10\/Weissensee08.jpg\" data-attachment-id=\"1510\" data-type=\"image\" class=\"fg-thumb\"><span class=\"fg-image-wrap\"><img decoding=\"async\" width=\"150\" height=\"150\" class=\"skip-lazy fg-image\" data-src-fg=\"https:\/\/www.ruderclub-salzburg.at\/wordpress\/wp-content\/uploads\/cache\/2024\/10\/Weissensee08\/1098192905.jpg\" src=\"data:image\/svg+xml,%3Csvg%20xmlns%3D%22http%3A%2F%2Fwww.w3.org%2F2000%2Fsvg%22%20width%3D%22150%22%20height%3D%22150%22%20viewBox%3D%220%200%20150%20150%22%3E%3C%2Fsvg%3E\" loading=\"eager\"><\/span><span class=\"fg-image-overlay\"><\/span><\/a><\/figure><div class=\"fg-loader\"><\/div><\/div><div class=\"fg-item fg-type-image fg-idle\"><figure class=\"fg-item-inner\"><a href=\"https:\/\/www.ruderclub-salzburg.at\/wordpress\/wp-content\/uploads\/2024\/10\/Weissensee07.jpg\" data-attachment-id=\"1509\" data-type=\"image\" class=\"fg-thumb\"><span class=\"fg-image-wrap\"><img decoding=\"async\" width=\"150\" height=\"150\" class=\"skip-lazy fg-image\" data-src-fg=\"https:\/\/www.ruderclub-salzburg.at\/wordpress\/wp-content\/uploads\/cache\/2024\/10\/Weissensee07\/2412106714.jpg\" src=\"data:image\/svg+xml,%3Csvg%20xmlns%3D%22http%3A%2F%2Fwww.w3.org%2F2000%2Fsvg%22%20width%3D%22150%22%20height%3D%22150%22%20viewBox%3D%220%200%20150%20150%22%3E%3C%2Fsvg%3E\" loading=\"eager\"><\/span><span class=\"fg-image-overlay\"><\/span><\/a><\/figure><div class=\"fg-loader\"><\/div><\/div><div class=\"fg-item fg-type-image fg-idle\"><figure class=\"fg-item-inner\"><a href=\"https:\/\/www.ruderclub-salzburg.at\/wordpress\/wp-content\/uploads\/2024\/10\/Weissensee06.jpg\" data-attachment-id=\"1508\" data-type=\"image\" class=\"fg-thumb\"><span class=\"fg-image-wrap\"><img decoding=\"async\" width=\"150\" height=\"150\" class=\"skip-lazy fg-image\" data-src-fg=\"https:\/\/www.ruderclub-salzburg.at\/wordpress\/wp-content\/uploads\/cache\/2024\/10\/Weissensee06\/4076788927.jpg\" src=\"data:image\/svg+xml,%3Csvg%20xmlns%3D%22http%3A%2F%2Fwww.w3.org%2F2000%2Fsvg%22%20width%3D%22150%22%20height%3D%22150%22%20viewBox%3D%220%200%20150%20150%22%3E%3C%2Fsvg%3E\" loading=\"eager\"><\/span><span class=\"fg-image-overlay\"><\/span><\/a><\/figure><div class=\"fg-loader\"><\/div><\/div><\/div>\n\n","protected":false},"excerpt":{"rendered":"<p>Schnee und Sonnenschein am Wei\u00dfensee Ruderausflug des RCS\u00a0 von 3. bis 6. Oktober Schon am Mittwoch reiste Peter nach Salzburg\/Golling an, um mit Hartmut die Boote zu verladen. Auf unseren Anh\u00e4nger kamen drei Boote: ein Zweier (PYROS) und zwei Einer (Hermes LeiLei und Alfons Seemann). Dazu mussten alle Boote abgeriggert werden, damt alle drei Boote <a class=\"more-link\" href=\"https:\/\/www.ruderclub-salzburg.at\/wordpress\/weissensee-we-2024\/\">weiterlesen&#8230;<\/a><\/p>\n","protected":false},"author":2,"featured_media":0,"parent":0,"menu_order":0,"comment_status":"closed","ping_status":"closed","template":"","meta":{"footnotes":""},"class_list":["post-1492","page","type-page","status-publish","hentry"],"_links":{"self":[{"href":"https:\/\/www.ruderclub-salzburg.at\/wordpress\/wp-json\/wp\/v2\/pages\/1492","targetHints":{"allow":["GET"]}}],"collection":[{"href":"https:\/\/www.ruderclub-salzburg.at\/wordpress\/wp-json\/wp\/v2\/pages"}],"about":[{"href":"https:\/\/www.ruderclub-salzburg.at\/wordpress\/wp-json\/wp\/v2\/types\/page"}],"author":[{"embeddable":true,"href":"https:\/\/www.ruderclub-salzburg.at\/wordpress\/wp-json\/wp\/v2\/users\/2"}],"replies":[{"embeddable":true,"href":"https:\/\/www.ruderclub-salzburg.at\/wordpress\/wp-json\/wp\/v2\/comments?post=1492"}],"version-history":[{"count":16,"href":"https:\/\/www.ruderclub-salzburg.at\/wordpress\/wp-json\/wp\/v2\/pages\/1492\/revisions"}],"predecessor-version":[{"id":1558,"href":"https:\/\/www.ruderclub-salzburg.at\/wordpress\/wp-json\/wp\/v2\/pages\/1492\/revisions\/1558"}],"wp:attachment":[{"href":"https:\/\/www.ruderclub-salzburg.at\/wordpress\/wp-json\/wp\/v2\/media?parent=1492"}],"curies":[{"name":"wp","href":"https:\/\/api.w.org\/{rel}","templated":true}]}}