{"id":1630,"date":"2025-09-03T09:25:07","date_gmt":"2025-09-03T07:25:07","guid":{"rendered":"https:\/\/www.ruderclub-salzburg.at\/wordpress\/?p=1630"},"modified":"2026-03-24T09:23:05","modified_gmt":"2026-03-24T08:23:05","slug":"rcs-achter-am-wolfgangsee","status":"publish","type":"page","link":"https:\/\/www.ruderclub-salzburg.at\/wordpress\/rcs-achter-am-wolfgangsee\/","title":{"rendered":"Achterrudern am Wolfgangsee"},"content":{"rendered":"<p><img loading=\"lazy\" decoding=\"async\" class=\"alignnone size-full wp-image-1636\" src=\"https:\/\/www.ruderclub-salzburg.at\/wordpress\/wp-content\/uploads\/2025\/09\/Achter1a.jpg\" alt=\"\" width=\"900\" height=\"477\" srcset=\"https:\/\/www.ruderclub-salzburg.at\/wordpress\/wp-content\/uploads\/2025\/09\/Achter1a.jpg 900w, https:\/\/www.ruderclub-salzburg.at\/wordpress\/wp-content\/uploads\/2025\/09\/Achter1a-300x159.jpg 300w, https:\/\/www.ruderclub-salzburg.at\/wordpress\/wp-content\/uploads\/2025\/09\/Achter1a-768x407.jpg 768w, https:\/\/www.ruderclub-salzburg.at\/wordpress\/wp-content\/uploads\/2025\/09\/Achter1a-100x53.jpg 100w\" sizes=\"auto, (max-width: 900px) 100vw, 900px\" \/><\/p>\n<p>Beste Bedingungen hatten wir bei unserer Achter-Ausfahrt beim RC St. Gilgen. Ein herzliches Dankesch\u00f6n geht an den Wolfgangseeer Ruderclub, der uns einen A-2x+ Achter zur Verf\u00fcgung stellte. Vielen Dank auch an unser Clubmitglied Ines f\u00fcr die Organisation der Ausfahrt. Mit von der Partie waren Petra, Ines, Lola, Margareta, Willi, Hans, Eugen, Neil und der verletzte Hartmut an Land.<\/p>\n<p>Sehr fein war auch die &#8222;Nachbesprechung&#8220;, bei der nicht nur alle Teilnehmer dabei waren sondern wir auch die j\u00fcngste\u00a0 Interessentin\u00a0 &#8211; Enkerl von Margareta &#8211; begr\u00fc\u00dfen konnten.<\/p>\n<style type=\"text\/css\">\n#foogallery-gallery-1642 .fg-image { width: 150px; }\n#foogallery-gallery-1642 { --fg-gutter: 10px; }<\/style>\n\t\t\t<div class=\"foogallery foogallery-container foogallery-default foogallery-lightbox-foogallery fg-center fg-default fg-ready fg-light fg-border-thin fg-shadow-outline fg-loading-default fg-loaded-fade-in fg-caption-hover fg-hover-fade fg-hover-zoom\" id=\"foogallery-gallery-1642\" data-foogallery=\"{&quot;item&quot;:{&quot;showCaptionTitle&quot;:true,&quot;showCaptionDescription&quot;:true},&quot;lazy&quot;:true}\" data-foogallery-lightbox=\"{&quot;thumbs&quot;:&quot;bottom&quot;,&quot;thumbsCaptions&quot;:false,&quot;thumbsBestFit&quot;:false,&quot;thumbsSmall&quot;:false,&quot;thumbsCaptionsAlign&quot;:&quot;default&quot;,&quot;info&quot;:&quot;bottom&quot;,&quot;infoVisible&quot;:true,&quot;infoOverlay&quot;:true,&quot;infoAlign&quot;:&quot;default&quot;,&quot;transition&quot;:&quot;fade&quot;,&quot;hoverButtons&quot;:false,&quot;fitMedia&quot;:false,&quot;noScrollbars&quot;:true,&quot;preserveButtonSpace&quot;:true,&quot;buttons&quot;:{&quot;fullscreen&quot;:true,&quot;info&quot;:true,&quot;thumbs&quot;:false},&quot;video&quot;:{&quot;autoPlay&quot;:true}}\" style=\"--fg-title-line-clamp: 0; --fg-description-line-clamp: 0;\" >\n\t<div class=\"fg-item fg-type-image fg-idle\"><figure class=\"fg-item-inner\"><a href=\"https:\/\/www.ruderclub-salzburg.at\/wordpress\/wp-content\/uploads\/2025\/09\/Achter0.jpg\" data-attachment-id=\"1634\" data-type=\"image\" class=\"fg-thumb\"><span class=\"fg-image-wrap\"><img decoding=\"async\" width=\"150\" height=\"150\" class=\"skip-lazy fg-image\" data-src-fg=\"https:\/\/www.ruderclub-salzburg.at\/wordpress\/wp-content\/uploads\/cache\/2025\/09\/Achter0\/1105736406.jpg\" src=\"data:image\/svg+xml,%3Csvg%20xmlns%3D%22http%3A%2F%2Fwww.w3.org%2F2000%2Fsvg%22%20width%3D%22150%22%20height%3D%22150%22%20viewBox%3D%220%200%20150%20150%22%3E%3C%2Fsvg%3E\" loading=\"eager\"><\/span><span class=\"fg-image-overlay\"><\/span><\/a><\/figure><div class=\"fg-loader\"><\/div><\/div><div class=\"fg-item fg-type-image fg-idle\"><figure class=\"fg-item-inner\"><a href=\"https:\/\/www.ruderclub-salzburg.at\/wordpress\/wp-content\/uploads\/2025\/09\/Achter1.jpg\" data-attachment-id=\"1635\" data-type=\"image\" class=\"fg-thumb\"><span class=\"fg-image-wrap\"><img decoding=\"async\" width=\"150\" height=\"150\" class=\"skip-lazy fg-image\" data-src-fg=\"https:\/\/www.ruderclub-salzburg.at\/wordpress\/wp-content\/uploads\/cache\/2025\/09\/Achter1\/2498455981.jpg\" src=\"data:image\/svg+xml,%3Csvg%20xmlns%3D%22http%3A%2F%2Fwww.w3.org%2F2000%2Fsvg%22%20width%3D%22150%22%20height%3D%22150%22%20viewBox%3D%220%200%20150%20150%22%3E%3C%2Fsvg%3E\" loading=\"eager\"><\/span><span class=\"fg-image-overlay\"><\/span><\/a><\/figure><div class=\"fg-loader\"><\/div><\/div><div class=\"fg-item fg-type-image fg-idle\"><figure class=\"fg-item-inner\"><a href=\"https:\/\/www.ruderclub-salzburg.at\/wordpress\/wp-content\/uploads\/2025\/09\/Achter2.jpg\" data-attachment-id=\"1637\" data-type=\"image\" class=\"fg-thumb\"><span class=\"fg-image-wrap\"><img decoding=\"async\" width=\"150\" height=\"150\" class=\"skip-lazy fg-image\" data-src-fg=\"https:\/\/www.ruderclub-salzburg.at\/wordpress\/wp-content\/uploads\/cache\/2025\/09\/Achter2\/691460484.jpg\" src=\"data:image\/svg+xml,%3Csvg%20xmlns%3D%22http%3A%2F%2Fwww.w3.org%2F2000%2Fsvg%22%20width%3D%22150%22%20height%3D%22150%22%20viewBox%3D%220%200%20150%20150%22%3E%3C%2Fsvg%3E\" loading=\"eager\"><\/span><span class=\"fg-image-overlay\"><\/span><\/a><\/figure><div class=\"fg-loader\"><\/div><\/div><div class=\"fg-item fg-type-image fg-idle\"><figure class=\"fg-item-inner\"><a href=\"https:\/\/www.ruderclub-salzburg.at\/wordpress\/wp-content\/uploads\/2025\/09\/Achter1a.jpg\" data-attachment-id=\"1636\" data-type=\"image\" class=\"fg-thumb\"><span class=\"fg-image-wrap\"><img decoding=\"async\" width=\"150\" height=\"150\" class=\"skip-lazy fg-image\" data-src-fg=\"https:\/\/www.ruderclub-salzburg.at\/wordpress\/wp-content\/uploads\/cache\/2025\/09\/Achter1a\/2788372391.jpg\" src=\"data:image\/svg+xml,%3Csvg%20xmlns%3D%22http%3A%2F%2Fwww.w3.org%2F2000%2Fsvg%22%20width%3D%22150%22%20height%3D%22150%22%20viewBox%3D%220%200%20150%20150%22%3E%3C%2Fsvg%3E\" loading=\"eager\"><\/span><span class=\"fg-image-overlay\"><\/span><\/a><\/figure><div class=\"fg-loader\"><\/div><\/div><div class=\"fg-item fg-type-image fg-idle\"><figure class=\"fg-item-inner\"><a href=\"https:\/\/www.ruderclub-salzburg.at\/wordpress\/wp-content\/uploads\/2025\/09\/Achter3.jpg\" data-attachment-id=\"1638\" data-type=\"image\" class=\"fg-thumb\"><span class=\"fg-image-wrap\"><img decoding=\"async\" width=\"150\" height=\"150\" class=\"skip-lazy fg-image\" data-src-fg=\"https:\/\/www.ruderclub-salzburg.at\/wordpress\/wp-content\/uploads\/cache\/2025\/09\/Achter3\/1686668681.jpg\" src=\"data:image\/svg+xml,%3Csvg%20xmlns%3D%22http%3A%2F%2Fwww.w3.org%2F2000%2Fsvg%22%20width%3D%22150%22%20height%3D%22150%22%20viewBox%3D%220%200%20150%20150%22%3E%3C%2Fsvg%3E\" loading=\"eager\"><\/span><span class=\"fg-image-overlay\"><\/span><\/a><\/figure><div class=\"fg-loader\"><\/div><\/div><div class=\"fg-item fg-type-image fg-idle\"><figure class=\"fg-item-inner\"><a href=\"https:\/\/www.ruderclub-salzburg.at\/wordpress\/wp-content\/uploads\/2025\/09\/Achter5.jpg\" data-attachment-id=\"1645\" data-type=\"image\" class=\"fg-thumb\"><span class=\"fg-image-wrap\"><img decoding=\"async\" width=\"150\" height=\"150\" class=\"skip-lazy fg-image\" data-src-fg=\"https:\/\/www.ruderclub-salzburg.at\/wordpress\/wp-content\/uploads\/cache\/2025\/09\/Achter5\/1281250256.jpg\" src=\"data:image\/svg+xml,%3Csvg%20xmlns%3D%22http%3A%2F%2Fwww.w3.org%2F2000%2Fsvg%22%20width%3D%22150%22%20height%3D%22150%22%20viewBox%3D%220%200%20150%20150%22%3E%3C%2Fsvg%3E\" loading=\"eager\"><\/span><span class=\"fg-image-overlay\"><\/span><\/a><\/figure><div class=\"fg-loader\"><\/div><\/div><div class=\"fg-item fg-type-image fg-idle\"><figure class=\"fg-item-inner\"><a href=\"https:\/\/www.ruderclub-salzburg.at\/wordpress\/wp-content\/uploads\/2025\/09\/Achter4.jpg\" data-attachment-id=\"1639\" data-type=\"image\" class=\"fg-thumb\"><span class=\"fg-image-wrap\"><img decoding=\"async\" width=\"150\" height=\"150\" class=\"skip-lazy fg-image\" data-src-fg=\"https:\/\/www.ruderclub-salzburg.at\/wordpress\/wp-content\/uploads\/cache\/2025\/09\/Achter4\/2011486069.jpg\" src=\"data:image\/svg+xml,%3Csvg%20xmlns%3D%22http%3A%2F%2Fwww.w3.org%2F2000%2Fsvg%22%20width%3D%22150%22%20height%3D%22150%22%20viewBox%3D%220%200%20150%20150%22%3E%3C%2Fsvg%3E\" loading=\"eager\"><\/span><span class=\"fg-image-overlay\"><\/span><\/a><\/figure><div class=\"fg-loader\"><\/div><\/div><div class=\"fg-item fg-type-image fg-idle\"><figure class=\"fg-item-inner\"><a href=\"https:\/\/www.ruderclub-salzburg.at\/wordpress\/wp-content\/uploads\/2025\/09\/Runde1.jpg\" data-attachment-id=\"1640\" data-type=\"image\" class=\"fg-thumb\"><span class=\"fg-image-wrap\"><img decoding=\"async\" width=\"150\" height=\"150\" class=\"skip-lazy fg-image\" data-src-fg=\"https:\/\/www.ruderclub-salzburg.at\/wordpress\/wp-content\/uploads\/cache\/2025\/09\/Runde1\/2827712887.jpg\" src=\"data:image\/svg+xml,%3Csvg%20xmlns%3D%22http%3A%2F%2Fwww.w3.org%2F2000%2Fsvg%22%20width%3D%22150%22%20height%3D%22150%22%20viewBox%3D%220%200%20150%20150%22%3E%3C%2Fsvg%3E\" loading=\"eager\"><\/span><span class=\"fg-image-overlay\"><\/span><\/a><\/figure><div class=\"fg-loader\"><\/div><\/div><div class=\"fg-item fg-type-image fg-idle\"><figure class=\"fg-item-inner\"><a href=\"https:\/\/www.ruderclub-salzburg.at\/wordpress\/wp-content\/uploads\/2025\/09\/Runde2.jpg\" data-attachment-id=\"1641\" data-type=\"image\" class=\"fg-thumb\"><span class=\"fg-image-wrap\"><img decoding=\"async\" width=\"150\" height=\"150\" class=\"skip-lazy fg-image\" data-src-fg=\"https:\/\/www.ruderclub-salzburg.at\/wordpress\/wp-content\/uploads\/cache\/2025\/09\/Runde2\/3815369218.jpg\" src=\"data:image\/svg+xml,%3Csvg%20xmlns%3D%22http%3A%2F%2Fwww.w3.org%2F2000%2Fsvg%22%20width%3D%22150%22%20height%3D%22150%22%20viewBox%3D%220%200%20150%20150%22%3E%3C%2Fsvg%3E\" loading=\"eager\"><\/span><span class=\"fg-image-overlay\"><\/span><\/a><\/figure><div class=\"fg-loader\"><\/div><\/div><\/div>\n\n","protected":false},"excerpt":{"rendered":"<p>Beste Bedingungen hatten wir bei unserer Achter-Ausfahrt beim RC St. Gilgen. Ein herzliches Dankesch\u00f6n geht an den Wolfgangseeer Ruderclub, der uns einen A-2x+ Achter zur Verf\u00fcgung stellte. Vielen Dank auch an unser Clubmitglied Ines f\u00fcr die Organisation der Ausfahrt. Mit von der Partie waren Petra, Ines, Lola, Margareta, Willi, Hans, Eugen, Neil und der verletzte <a class=\"more-link\" href=\"https:\/\/www.ruderclub-salzburg.at\/wordpress\/rcs-achter-am-wolfgangsee\/\">weiterlesen&#8230;<\/a><\/p>\n","protected":false},"author":2,"featured_media":0,"parent":0,"menu_order":0,"comment_status":"closed","ping_status":"closed","template":"","meta":{"footnotes":""},"class_list":["post-1630","page","type-page","status-publish","hentry"],"_links":{"self":[{"href":"https:\/\/www.ruderclub-salzburg.at\/wordpress\/wp-json\/wp\/v2\/pages\/1630","targetHints":{"allow":["GET"]}}],"collection":[{"href":"https:\/\/www.ruderclub-salzburg.at\/wordpress\/wp-json\/wp\/v2\/pages"}],"about":[{"href":"https:\/\/www.ruderclub-salzburg.at\/wordpress\/wp-json\/wp\/v2\/types\/page"}],"author":[{"embeddable":true,"href":"https:\/\/www.ruderclub-salzburg.at\/wordpress\/wp-json\/wp\/v2\/users\/2"}],"replies":[{"embeddable":true,"href":"https:\/\/www.ruderclub-salzburg.at\/wordpress\/wp-json\/wp\/v2\/comments?post=1630"}],"version-history":[{"count":9,"href":"https:\/\/www.ruderclub-salzburg.at\/wordpress\/wp-json\/wp\/v2\/pages\/1630\/revisions"}],"predecessor-version":[{"id":1650,"href":"https:\/\/www.ruderclub-salzburg.at\/wordpress\/wp-json\/wp\/v2\/pages\/1630\/revisions\/1650"}],"wp:attachment":[{"href":"https:\/\/www.ruderclub-salzburg.at\/wordpress\/wp-json\/wp\/v2\/media?parent=1630"}],"curies":[{"name":"wp","href":"https:\/\/api.w.org\/{rel}","templated":true}]}}