{"id":1687,"date":"2026-01-22T21:12:40","date_gmt":"2026-01-22T20:12:40","guid":{"rendered":"https:\/\/www.ruderclub-salzburg.at\/wordpress\/?p=1687"},"modified":"2026-03-24T09:23:45","modified_gmt":"2026-03-24T08:23:45","slug":"abrudern-in-waging-2025","status":"publish","type":"page","link":"https:\/\/www.ruderclub-salzburg.at\/wordpress\/abrudern-in-waging-2025\/","title":{"rendered":"Abrudern in Waging 2025"},"content":{"rendered":"<h4>Abrudern 22. November 2025 in Waging<\/h4>\n<h4><img loading=\"lazy\" decoding=\"async\" class=\"alignnone size-large wp-image-1688\" src=\"https:\/\/www.ruderclub-salzburg.at\/wordpress\/wp-content\/uploads\/2026\/01\/WhatsApp-Image-2025-1-1024x281.jpg\" alt=\"\" width=\"780\" height=\"214\" srcset=\"https:\/\/www.ruderclub-salzburg.at\/wordpress\/wp-content\/uploads\/2026\/01\/WhatsApp-Image-2025-1-1024x281.jpg 1024w, https:\/\/www.ruderclub-salzburg.at\/wordpress\/wp-content\/uploads\/2026\/01\/WhatsApp-Image-2025-1-300x82.jpg 300w, https:\/\/www.ruderclub-salzburg.at\/wordpress\/wp-content\/uploads\/2026\/01\/WhatsApp-Image-2025-1-768x211.jpg 768w, https:\/\/www.ruderclub-salzburg.at\/wordpress\/wp-content\/uploads\/2026\/01\/WhatsApp-Image-2025-1-100x27.jpg 100w, https:\/\/www.ruderclub-salzburg.at\/wordpress\/wp-content\/uploads\/2026\/01\/WhatsApp-Image-2025-1-1536x421.jpg 1536w, https:\/\/www.ruderclub-salzburg.at\/wordpress\/wp-content\/uploads\/2026\/01\/WhatsApp-Image-2025-1.jpg 1600w\" sizes=\"auto, (max-width: 780px) 100vw, 780px\" \/><\/h4>\n<p>Wegen der Bauvorhaben der Salzburg-AG auf der Salzach in unserem Ruderrevier beschloss der Vorstand das traditionelle Abrudern zum RC- Waging zu verlegen. Unser herzlicher Dank f\u00fcr das Entgegenkommen und f\u00fcr die M\u00f6glichkeit der Bootsben\u00fctzung geht an unsere Ruderfreunde in Waging.<\/p>\n<p>Zuerst sah das Wetter grimmig kalt und eher winterlich aus. Doch dann konnte doch bei Sonnenschein ein sch\u00f6ner Rudertag verbracht werden.<\/p>\n<style type=\"text\/css\">\n#foogallery-gallery-1695 .fg-image { width: 150px; }\n#foogallery-gallery-1695 { --fg-gutter: 10px; }<\/style>\n\t\t\t<div class=\"foogallery foogallery-container foogallery-default foogallery-lightbox-foogallery fg-center fg-default fg-ready fg-light fg-border-thin fg-shadow-outline fg-loading-default fg-loaded-fade-in fg-caption-hover fg-hover-fade fg-hover-zoom\" id=\"foogallery-gallery-1695\" data-foogallery=\"{&quot;item&quot;:{&quot;showCaptionTitle&quot;:true,&quot;showCaptionDescription&quot;:true},&quot;lazy&quot;:true}\" data-foogallery-lightbox=\"{&quot;thumbs&quot;:&quot;bottom&quot;,&quot;thumbsCaptions&quot;:false,&quot;thumbsBestFit&quot;:false,&quot;thumbsSmall&quot;:false,&quot;thumbsCaptionsAlign&quot;:&quot;default&quot;,&quot;info&quot;:&quot;bottom&quot;,&quot;infoVisible&quot;:true,&quot;infoOverlay&quot;:true,&quot;infoAlign&quot;:&quot;default&quot;,&quot;transition&quot;:&quot;fade&quot;,&quot;hoverButtons&quot;:false,&quot;fitMedia&quot;:false,&quot;noScrollbars&quot;:true,&quot;preserveButtonSpace&quot;:true,&quot;buttons&quot;:{&quot;fullscreen&quot;:true,&quot;info&quot;:true,&quot;thumbs&quot;:false},&quot;video&quot;:{&quot;autoPlay&quot;:true}}\" style=\"--fg-title-line-clamp: 0; --fg-description-line-clamp: 0;\" >\n\t<div class=\"fg-item fg-type-image fg-idle\"><figure class=\"fg-item-inner\"><a href=\"https:\/\/www.ruderclub-salzburg.at\/wordpress\/wp-content\/uploads\/2026\/01\/WhatsApp-Image-2025-1122.jpeg\" data-attachment-id=\"1694\" data-type=\"image\" class=\"fg-thumb\"><span class=\"fg-image-wrap\"><img decoding=\"async\" width=\"150\" height=\"150\" class=\"skip-lazy fg-image\" data-src-fg=\"https:\/\/www.ruderclub-salzburg.at\/wordpress\/wp-content\/uploads\/cache\/2026\/01\/WhatsApp-Image-2025-1122\/2978118557.jpeg\" src=\"data:image\/svg+xml,%3Csvg%20xmlns%3D%22http%3A%2F%2Fwww.w3.org%2F2000%2Fsvg%22%20width%3D%22150%22%20height%3D%22150%22%20viewBox%3D%220%200%20150%20150%22%3E%3C%2Fsvg%3E\" loading=\"eager\"><\/span><span class=\"fg-image-overlay\"><\/span><\/a><\/figure><div class=\"fg-loader\"><\/div><\/div><div class=\"fg-item fg-type-image fg-idle\"><figure class=\"fg-item-inner\"><a href=\"https:\/\/www.ruderclub-salzburg.at\/wordpress\/wp-content\/uploads\/2026\/01\/WhatsApp-Image-2025-11-22-at-15.24.35.jpeg\" data-attachment-id=\"1693\" data-type=\"image\" class=\"fg-thumb\"><span class=\"fg-image-wrap\"><img decoding=\"async\" width=\"150\" height=\"150\" class=\"skip-lazy fg-image\" data-src-fg=\"https:\/\/www.ruderclub-salzburg.at\/wordpress\/wp-content\/uploads\/cache\/2026\/01\/WhatsApp-Image-2025-11-22-at-15_24_35\/2337227607.jpeg\" src=\"data:image\/svg+xml,%3Csvg%20xmlns%3D%22http%3A%2F%2Fwww.w3.org%2F2000%2Fsvg%22%20width%3D%22150%22%20height%3D%22150%22%20viewBox%3D%220%200%20150%20150%22%3E%3C%2Fsvg%3E\" loading=\"eager\"><\/span><span class=\"fg-image-overlay\"><\/span><\/a><\/figure><div class=\"fg-loader\"><\/div><\/div><div class=\"fg-item fg-type-image fg-idle\"><figure class=\"fg-item-inner\"><a href=\"https:\/\/www.ruderclub-salzburg.at\/wordpress\/wp-content\/uploads\/2026\/01\/WhatsApp-Image-2025-11-22-at-15.23.38.jpeg\" data-attachment-id=\"1692\" data-type=\"image\" class=\"fg-thumb\"><span class=\"fg-image-wrap\"><img decoding=\"async\" width=\"150\" height=\"150\" class=\"skip-lazy fg-image\" data-src-fg=\"https:\/\/www.ruderclub-salzburg.at\/wordpress\/wp-content\/uploads\/cache\/2026\/01\/WhatsApp-Image-2025-11-22-at-15_23_38\/838562052.jpeg\" src=\"data:image\/svg+xml,%3Csvg%20xmlns%3D%22http%3A%2F%2Fwww.w3.org%2F2000%2Fsvg%22%20width%3D%22150%22%20height%3D%22150%22%20viewBox%3D%220%200%20150%20150%22%3E%3C%2Fsvg%3E\" loading=\"eager\"><\/span><span class=\"fg-image-overlay\"><\/span><\/a><\/figure><div class=\"fg-loader\"><\/div><\/div><div class=\"fg-item fg-type-image fg-idle\"><figure class=\"fg-item-inner\"><a href=\"https:\/\/www.ruderclub-salzburg.at\/wordpress\/wp-content\/uploads\/2026\/01\/WhatsApp-Image-2025-11-22-at-13.13.38.jpeg\" data-attachment-id=\"1691\" data-type=\"image\" class=\"fg-thumb\"><span class=\"fg-image-wrap\"><img decoding=\"async\" width=\"150\" height=\"150\" class=\"skip-lazy fg-image\" data-src-fg=\"https:\/\/www.ruderclub-salzburg.at\/wordpress\/wp-content\/uploads\/cache\/2026\/01\/WhatsApp-Image-2025-11-22-at-13_13_38\/4016999589.jpeg\" src=\"data:image\/svg+xml,%3Csvg%20xmlns%3D%22http%3A%2F%2Fwww.w3.org%2F2000%2Fsvg%22%20width%3D%22150%22%20height%3D%22150%22%20viewBox%3D%220%200%20150%20150%22%3E%3C%2Fsvg%3E\" loading=\"eager\"><\/span><span class=\"fg-image-overlay\"><\/span><\/a><\/figure><div class=\"fg-loader\"><\/div><\/div><div class=\"fg-item fg-type-image fg-idle\"><figure class=\"fg-item-inner\"><a href=\"https:\/\/www.ruderclub-salzburg.at\/wordpress\/wp-content\/uploads\/2026\/01\/WhatsApp-Image-2025-11-22-at-13.10.24.jpeg\" data-attachment-id=\"1690\" data-type=\"image\" class=\"fg-thumb\"><span class=\"fg-image-wrap\"><img decoding=\"async\" width=\"150\" height=\"150\" class=\"skip-lazy fg-image\" data-src-fg=\"https:\/\/www.ruderclub-salzburg.at\/wordpress\/wp-content\/uploads\/cache\/2026\/01\/WhatsApp-Image-2025-11-22-at-13_10_24\/2925918964.jpeg\" src=\"data:image\/svg+xml,%3Csvg%20xmlns%3D%22http%3A%2F%2Fwww.w3.org%2F2000%2Fsvg%22%20width%3D%22150%22%20height%3D%22150%22%20viewBox%3D%220%200%20150%20150%22%3E%3C%2Fsvg%3E\" loading=\"eager\"><\/span><span class=\"fg-image-overlay\"><\/span><\/a><\/figure><div class=\"fg-loader\"><\/div><\/div><div class=\"fg-item fg-type-image fg-idle\"><figure class=\"fg-item-inner\"><a href=\"https:\/\/www.ruderclub-salzburg.at\/wordpress\/wp-content\/uploads\/2026\/01\/WhatsApp-Image-2025-11-22-at-13.09.56.jpeg\" data-attachment-id=\"1689\" data-type=\"image\" class=\"fg-thumb\"><span class=\"fg-image-wrap\"><img decoding=\"async\" width=\"150\" height=\"150\" class=\"skip-lazy fg-image\" data-src-fg=\"https:\/\/www.ruderclub-salzburg.at\/wordpress\/wp-content\/uploads\/cache\/2026\/01\/WhatsApp-Image-2025-11-22-at-13_09_56\/1194249497.jpeg\" src=\"data:image\/svg+xml,%3Csvg%20xmlns%3D%22http%3A%2F%2Fwww.w3.org%2F2000%2Fsvg%22%20width%3D%22150%22%20height%3D%22150%22%20viewBox%3D%220%200%20150%20150%22%3E%3C%2Fsvg%3E\" loading=\"eager\"><\/span><span class=\"fg-image-overlay\"><\/span><\/a><\/figure><div class=\"fg-loader\"><\/div><\/div><\/div>\n\n","protected":false},"excerpt":{"rendered":"<p>Abrudern 22. November 2025 in Waging Wegen der Bauvorhaben der Salzburg-AG auf der Salzach in unserem Ruderrevier beschloss der Vorstand das traditionelle Abrudern zum RC- Waging zu verlegen. Unser herzlicher Dank f\u00fcr das Entgegenkommen und f\u00fcr die M\u00f6glichkeit der Bootsben\u00fctzung geht an unsere Ruderfreunde in Waging. Zuerst sah das Wetter grimmig kalt und eher winterlich <a class=\"more-link\" href=\"https:\/\/www.ruderclub-salzburg.at\/wordpress\/abrudern-in-waging-2025\/\">weiterlesen&#8230;<\/a><\/p>\n","protected":false},"author":2,"featured_media":0,"parent":0,"menu_order":0,"comment_status":"closed","ping_status":"closed","template":"","meta":{"footnotes":""},"class_list":["post-1687","page","type-page","status-publish","hentry"],"_links":{"self":[{"href":"https:\/\/www.ruderclub-salzburg.at\/wordpress\/wp-json\/wp\/v2\/pages\/1687","targetHints":{"allow":["GET"]}}],"collection":[{"href":"https:\/\/www.ruderclub-salzburg.at\/wordpress\/wp-json\/wp\/v2\/pages"}],"about":[{"href":"https:\/\/www.ruderclub-salzburg.at\/wordpress\/wp-json\/wp\/v2\/types\/page"}],"author":[{"embeddable":true,"href":"https:\/\/www.ruderclub-salzburg.at\/wordpress\/wp-json\/wp\/v2\/users\/2"}],"replies":[{"embeddable":true,"href":"https:\/\/www.ruderclub-salzburg.at\/wordpress\/wp-json\/wp\/v2\/comments?post=1687"}],"version-history":[{"count":2,"href":"https:\/\/www.ruderclub-salzburg.at\/wordpress\/wp-json\/wp\/v2\/pages\/1687\/revisions"}],"predecessor-version":[{"id":1700,"href":"https:\/\/www.ruderclub-salzburg.at\/wordpress\/wp-json\/wp\/v2\/pages\/1687\/revisions\/1700"}],"wp:attachment":[{"href":"https:\/\/www.ruderclub-salzburg.at\/wordpress\/wp-json\/wp\/v2\/media?parent=1687"}],"curies":[{"name":"wp","href":"https:\/\/api.w.org\/{rel}","templated":true}]}}