{"id":184,"date":"2019-01-23T11:21:28","date_gmt":"2019-01-23T10:21:28","guid":{"rendered":"http:\/\/www.ruderclub-salzburg.at\/wordpress\/?p=184"},"modified":"2021-07-07T08:18:15","modified_gmt":"2021-07-07T06:18:15","slug":"tag-des-rudersports","status":"publish","type":"page","link":"https:\/\/www.ruderclub-salzburg.at\/wordpress\/tag-des-rudersports\/","title":{"rendered":"Tag des Rudersports"},"content":{"rendered":"\n<p><\/p>\n\n\n\n<p>Beim Tag des \u00f6sterreichischen Rudersports am 21. Juli 2018 hat der RCS erstmalig einen Mannschaftsbewerb des \u00d6RV gewonnen. Bei einer Wanderfahrt auf dem Inn und mit Unterst\u00fctzung der Daheimgebliebenen sind wir an diesem Tag die meisten Ruderkilometer pro Mitglied in ganz \u00d6sterreich gerudert. Bei der Wanderfahrt ging es in vier Etappen bei k\u00fchlem Wetter und bedecktem Himmel von Braunau nach Passau. Entgegen der Ank\u00fcndigung wurden wir nicht nass und hatten auf der letzten Etappe sogar etwas Sonne. Danke allen, die dabei waren!<\/p>\n","protected":false},"excerpt":{"rendered":"<p>Beim Tag des \u00f6sterreichischen Rudersports am 21. Juli 2018 hat der RCS erstmalig einen Mannschaftsbewerb des \u00d6RV gewonnen. Bei einer Wanderfahrt auf dem Inn und mit Unterst\u00fctzung der Daheimgebliebenen sind wir an diesem Tag die meisten Ruderkilometer pro Mitglied in ganz \u00d6sterreich gerudert. Bei der Wanderfahrt ging es in vier Etappen bei k\u00fchlem Wetter und <a class=\"more-link\" href=\"https:\/\/www.ruderclub-salzburg.at\/wordpress\/tag-des-rudersports\/\">weiterlesen&#8230;<\/a><\/p>\n","protected":false},"author":2,"featured_media":0,"parent":0,"menu_order":0,"comment_status":"closed","ping_status":"closed","template":"","meta":{"footnotes":""},"class_list":["post-184","page","type-page","status-publish","hentry"],"_links":{"self":[{"href":"https:\/\/www.ruderclub-salzburg.at\/wordpress\/wp-json\/wp\/v2\/pages\/184","targetHints":{"allow":["GET"]}}],"collection":[{"href":"https:\/\/www.ruderclub-salzburg.at\/wordpress\/wp-json\/wp\/v2\/pages"}],"about":[{"href":"https:\/\/www.ruderclub-salzburg.at\/wordpress\/wp-json\/wp\/v2\/types\/page"}],"author":[{"embeddable":true,"href":"https:\/\/www.ruderclub-salzburg.at\/wordpress\/wp-json\/wp\/v2\/users\/2"}],"replies":[{"embeddable":true,"href":"https:\/\/www.ruderclub-salzburg.at\/wordpress\/wp-json\/wp\/v2\/comments?post=184"}],"version-history":[{"count":3,"href":"https:\/\/www.ruderclub-salzburg.at\/wordpress\/wp-json\/wp\/v2\/pages\/184\/revisions"}],"predecessor-version":[{"id":262,"href":"https:\/\/www.ruderclub-salzburg.at\/wordpress\/wp-json\/wp\/v2\/pages\/184\/revisions\/262"}],"wp:attachment":[{"href":"https:\/\/www.ruderclub-salzburg.at\/wordpress\/wp-json\/wp\/v2\/media?parent=184"}],"curies":[{"name":"wp","href":"https:\/\/api.w.org\/{rel}","templated":true}]}}