{"id":266,"date":"2019-04-21T09:58:42","date_gmt":"2019-04-21T07:58:42","guid":{"rendered":"http:\/\/www.ruderclub-salzburg.at\/wordpress\/?p=266"},"modified":"2020-07-23T20:30:52","modified_gmt":"2020-07-23T18:30:52","slug":"rudercamp-in-waging-am-see","status":"publish","type":"page","link":"https:\/\/www.ruderclub-salzburg.at\/wordpress\/rudercamp-in-waging-am-see\/","title":{"rendered":"Rudercamp in Waging am See"},"content":{"rendered":"\n<p>Unser Rudercamp fand vom 18. bis 20. April 2019 in Waging statt. Wir hatten super Wetter, haben uns sportlich bet\u00e4tigt und hatten tolle Boote. Vielen DANK dem Ruderclub f\u00fcr die M\u00f6glichkeit des Ausleihens und DANKE an Peter f\u00fcr die ausgezeichnete Organisation. Wir freuen uns auf unsere n\u00e4chsten gemeinsamen Unternehmungen.<\/p>\n\n\n\n<ul class=\"wp-block-gallery columns-3 is-cropped wp-block-gallery-1 is-layout-flex wp-block-gallery-is-layout-flex\"><li class=\"blocks-gallery-item\"><figure><a href=\"https:\/\/www.ruderclub-salzburg.at\/wordpress\/wp-content\/uploads\/2019\/04\/IMG_0210-1024x768.jpg\"><img loading=\"lazy\" decoding=\"async\" width=\"1024\" height=\"768\" src=\"https:\/\/www.ruderclub-salzburg.at\/wordpress\/wp-content\/uploads\/2019\/04\/IMG_0210-1024x768.jpg\" alt=\"\" data-id=\"281\" data-link=\"https:\/\/www.ruderclub-salzburg.at\/wordpress\/img_0210\/\" class=\"wp-image-281\" srcset=\"https:\/\/www.ruderclub-salzburg.at\/wordpress\/wp-content\/uploads\/2019\/04\/IMG_0210-1024x768.jpg 1024w, https:\/\/www.ruderclub-salzburg.at\/wordpress\/wp-content\/uploads\/2019\/04\/IMG_0210-300x225.jpg 300w, https:\/\/www.ruderclub-salzburg.at\/wordpress\/wp-content\/uploads\/2019\/04\/IMG_0210-768x576.jpg 768w\" sizes=\"auto, (max-width: 1024px) 100vw, 1024px\" \/><\/a><\/figure><\/li><li class=\"blocks-gallery-item\"><figure><a href=\"https:\/\/www.ruderclub-salzburg.at\/wordpress\/wp-content\/uploads\/2019\/04\/IMG_0208-1024x768.jpg\"><img loading=\"lazy\" decoding=\"async\" width=\"1024\" height=\"768\" src=\"https:\/\/www.ruderclub-salzburg.at\/wordpress\/wp-content\/uploads\/2019\/04\/IMG_0208-1024x768.jpg\" alt=\"\" data-id=\"280\" data-link=\"https:\/\/www.ruderclub-salzburg.at\/wordpress\/img_0208\/\" class=\"wp-image-280\" srcset=\"https:\/\/www.ruderclub-salzburg.at\/wordpress\/wp-content\/uploads\/2019\/04\/IMG_0208-1024x768.jpg 1024w, https:\/\/www.ruderclub-salzburg.at\/wordpress\/wp-content\/uploads\/2019\/04\/IMG_0208-300x225.jpg 300w, https:\/\/www.ruderclub-salzburg.at\/wordpress\/wp-content\/uploads\/2019\/04\/IMG_0208-768x576.jpg 768w\" sizes=\"auto, (max-width: 1024px) 100vw, 1024px\" \/><\/a><\/figure><\/li><li class=\"blocks-gallery-item\"><figure><a href=\"https:\/\/www.ruderclub-salzburg.at\/wordpress\/wp-content\/uploads\/2019\/04\/IMG_0206-1024x768.jpg\"><img loading=\"lazy\" decoding=\"async\" width=\"1024\" height=\"768\" src=\"https:\/\/www.ruderclub-salzburg.at\/wordpress\/wp-content\/uploads\/2019\/04\/IMG_0206-1024x768.jpg\" alt=\"\" data-id=\"279\" data-link=\"https:\/\/www.ruderclub-salzburg.at\/wordpress\/img_0206\/\" class=\"wp-image-279\" srcset=\"https:\/\/www.ruderclub-salzburg.at\/wordpress\/wp-content\/uploads\/2019\/04\/IMG_0206-1024x768.jpg 1024w, https:\/\/www.ruderclub-salzburg.at\/wordpress\/wp-content\/uploads\/2019\/04\/IMG_0206-300x225.jpg 300w, https:\/\/www.ruderclub-salzburg.at\/wordpress\/wp-content\/uploads\/2019\/04\/IMG_0206-768x576.jpg 768w\" sizes=\"auto, (max-width: 1024px) 100vw, 1024px\" \/><\/a><\/figure><\/li><li class=\"blocks-gallery-item\"><figure><a href=\"https:\/\/www.ruderclub-salzburg.at\/wordpress\/wp-content\/uploads\/2019\/04\/IMG_0205-1024x768.jpg\"><img loading=\"lazy\" decoding=\"async\" width=\"1024\" height=\"768\" src=\"https:\/\/www.ruderclub-salzburg.at\/wordpress\/wp-content\/uploads\/2019\/04\/IMG_0205-1024x768.jpg\" alt=\"\" data-id=\"278\" data-link=\"https:\/\/www.ruderclub-salzburg.at\/wordpress\/img_0205\/\" class=\"wp-image-278\" srcset=\"https:\/\/www.ruderclub-salzburg.at\/wordpress\/wp-content\/uploads\/2019\/04\/IMG_0205-1024x768.jpg 1024w, https:\/\/www.ruderclub-salzburg.at\/wordpress\/wp-content\/uploads\/2019\/04\/IMG_0205-300x225.jpg 300w, https:\/\/www.ruderclub-salzburg.at\/wordpress\/wp-content\/uploads\/2019\/04\/IMG_0205-768x576.jpg 768w\" sizes=\"auto, (max-width: 1024px) 100vw, 1024px\" \/><\/a><\/figure><\/li><li class=\"blocks-gallery-item\"><figure><a href=\"https:\/\/www.ruderclub-salzburg.at\/wordpress\/wp-content\/uploads\/2019\/04\/IMG_0186-1024x768.jpg\"><img loading=\"lazy\" decoding=\"async\" width=\"1024\" height=\"768\" src=\"https:\/\/www.ruderclub-salzburg.at\/wordpress\/wp-content\/uploads\/2019\/04\/IMG_0186-1024x768.jpg\" alt=\"\" data-id=\"272\" data-link=\"https:\/\/www.ruderclub-salzburg.at\/wordpress\/img_0186\/\" class=\"wp-image-272\" srcset=\"https:\/\/www.ruderclub-salzburg.at\/wordpress\/wp-content\/uploads\/2019\/04\/IMG_0186-1024x768.jpg 1024w, https:\/\/www.ruderclub-salzburg.at\/wordpress\/wp-content\/uploads\/2019\/04\/IMG_0186-300x225.jpg 300w, https:\/\/www.ruderclub-salzburg.at\/wordpress\/wp-content\/uploads\/2019\/04\/IMG_0186-768x576.jpg 768w\" sizes=\"auto, (max-width: 1024px) 100vw, 1024px\" \/><\/a><\/figure><\/li><li class=\"blocks-gallery-item\"><figure><a href=\"https:\/\/www.ruderclub-salzburg.at\/wordpress\/wp-content\/uploads\/2019\/04\/IMG_0190-1024x768.jpg\"><img loading=\"lazy\" decoding=\"async\" width=\"1024\" height=\"768\" src=\"https:\/\/www.ruderclub-salzburg.at\/wordpress\/wp-content\/uploads\/2019\/04\/IMG_0190-1024x768.jpg\" alt=\"\" data-id=\"273\" data-link=\"https:\/\/www.ruderclub-salzburg.at\/wordpress\/img_0190\/\" class=\"wp-image-273\" srcset=\"https:\/\/www.ruderclub-salzburg.at\/wordpress\/wp-content\/uploads\/2019\/04\/IMG_0190-1024x768.jpg 1024w, https:\/\/www.ruderclub-salzburg.at\/wordpress\/wp-content\/uploads\/2019\/04\/IMG_0190-300x225.jpg 300w, https:\/\/www.ruderclub-salzburg.at\/wordpress\/wp-content\/uploads\/2019\/04\/IMG_0190-768x576.jpg 768w\" sizes=\"auto, (max-width: 1024px) 100vw, 1024px\" \/><\/a><\/figure><\/li><li class=\"blocks-gallery-item\"><figure><a href=\"https:\/\/www.ruderclub-salzburg.at\/wordpress\/wp-content\/uploads\/2019\/04\/IMG_0192-1024x768.jpg\"><img loading=\"lazy\" decoding=\"async\" width=\"1024\" height=\"768\" src=\"https:\/\/www.ruderclub-salzburg.at\/wordpress\/wp-content\/uploads\/2019\/04\/IMG_0192-1024x768.jpg\" alt=\"\" data-id=\"274\" data-link=\"https:\/\/www.ruderclub-salzburg.at\/wordpress\/img_0192\/\" class=\"wp-image-274\" srcset=\"https:\/\/www.ruderclub-salzburg.at\/wordpress\/wp-content\/uploads\/2019\/04\/IMG_0192-1024x768.jpg 1024w, https:\/\/www.ruderclub-salzburg.at\/wordpress\/wp-content\/uploads\/2019\/04\/IMG_0192-300x225.jpg 300w, https:\/\/www.ruderclub-salzburg.at\/wordpress\/wp-content\/uploads\/2019\/04\/IMG_0192-768x576.jpg 768w\" sizes=\"auto, (max-width: 1024px) 100vw, 1024px\" \/><\/a><\/figure><\/li><li class=\"blocks-gallery-item\"><figure><a href=\"https:\/\/www.ruderclub-salzburg.at\/wordpress\/wp-content\/uploads\/2019\/04\/IMG_0212-e1555834034597-1024x768.jpg\"><img loading=\"lazy\" decoding=\"async\" width=\"1024\" height=\"768\" src=\"https:\/\/www.ruderclub-salzburg.at\/wordpress\/wp-content\/uploads\/2019\/04\/IMG_0212-e1555834034597-1024x768.jpg\" alt=\"\" data-id=\"282\" data-link=\"https:\/\/www.ruderclub-salzburg.at\/wordpress\/img_0212\/\" class=\"wp-image-282\" srcset=\"https:\/\/www.ruderclub-salzburg.at\/wordpress\/wp-content\/uploads\/2019\/04\/IMG_0212-e1555834034597-1024x768.jpg 1024w, https:\/\/www.ruderclub-salzburg.at\/wordpress\/wp-content\/uploads\/2019\/04\/IMG_0212-e1555834034597-300x225.jpg 300w, https:\/\/www.ruderclub-salzburg.at\/wordpress\/wp-content\/uploads\/2019\/04\/IMG_0212-e1555834034597-768x576.jpg 768w\" sizes=\"auto, (max-width: 1024px) 100vw, 1024px\" \/><\/a><\/figure><\/li><li class=\"blocks-gallery-item\"><figure><a href=\"https:\/\/www.ruderclub-salzburg.at\/wordpress\/wp-content\/uploads\/2019\/04\/IMG_0203-1024x768.jpg\"><img loading=\"lazy\" decoding=\"async\" width=\"1024\" height=\"768\" src=\"https:\/\/www.ruderclub-salzburg.at\/wordpress\/wp-content\/uploads\/2019\/04\/IMG_0203-1024x768.jpg\" alt=\"\" data-id=\"277\" data-link=\"https:\/\/www.ruderclub-salzburg.at\/wordpress\/img_0203\/\" class=\"wp-image-277\" srcset=\"https:\/\/www.ruderclub-salzburg.at\/wordpress\/wp-content\/uploads\/2019\/04\/IMG_0203-1024x768.jpg 1024w, https:\/\/www.ruderclub-salzburg.at\/wordpress\/wp-content\/uploads\/2019\/04\/IMG_0203-300x225.jpg 300w, https:\/\/www.ruderclub-salzburg.at\/wordpress\/wp-content\/uploads\/2019\/04\/IMG_0203-768x576.jpg 768w\" sizes=\"auto, (max-width: 1024px) 100vw, 1024px\" \/><\/a><\/figure><\/li><li class=\"blocks-gallery-item\"><figure><a href=\"https:\/\/www.ruderclub-salzburg.at\/wordpress\/wp-content\/uploads\/2019\/04\/IMG_0218-1024x768.jpg\"><img loading=\"lazy\" decoding=\"async\" width=\"1024\" height=\"768\" src=\"https:\/\/www.ruderclub-salzburg.at\/wordpress\/wp-content\/uploads\/2019\/04\/IMG_0218-1024x768.jpg\" alt=\"\" data-id=\"283\" data-link=\"https:\/\/www.ruderclub-salzburg.at\/wordpress\/img_0218\/\" class=\"wp-image-283\" srcset=\"https:\/\/www.ruderclub-salzburg.at\/wordpress\/wp-content\/uploads\/2019\/04\/IMG_0218-1024x768.jpg 1024w, https:\/\/www.ruderclub-salzburg.at\/wordpress\/wp-content\/uploads\/2019\/04\/IMG_0218-300x225.jpg 300w, https:\/\/www.ruderclub-salzburg.at\/wordpress\/wp-content\/uploads\/2019\/04\/IMG_0218-768x576.jpg 768w\" sizes=\"auto, (max-width: 1024px) 100vw, 1024px\" \/><\/a><\/figure><\/li><li class=\"blocks-gallery-item\"><figure><a href=\"https:\/\/www.ruderclub-salzburg.at\/wordpress\/wp-content\/uploads\/2019\/04\/IMG_0183-1024x768.jpg\"><img loading=\"lazy\" decoding=\"async\" width=\"1024\" height=\"768\" src=\"https:\/\/www.ruderclub-salzburg.at\/wordpress\/wp-content\/uploads\/2019\/04\/IMG_0183-1024x768.jpg\" alt=\"\" data-id=\"271\" data-link=\"https:\/\/www.ruderclub-salzburg.at\/wordpress\/img_0183\/\" class=\"wp-image-271\" srcset=\"https:\/\/www.ruderclub-salzburg.at\/wordpress\/wp-content\/uploads\/2019\/04\/IMG_0183-1024x768.jpg 1024w, https:\/\/www.ruderclub-salzburg.at\/wordpress\/wp-content\/uploads\/2019\/04\/IMG_0183-300x225.jpg 300w, https:\/\/www.ruderclub-salzburg.at\/wordpress\/wp-content\/uploads\/2019\/04\/IMG_0183-768x576.jpg 768w\" sizes=\"auto, (max-width: 1024px) 100vw, 1024px\" \/><\/a><\/figure><\/li><li class=\"blocks-gallery-item\"><figure><a href=\"https:\/\/www.ruderclub-salzburg.at\/wordpress\/wp-content\/uploads\/2019\/04\/IMG_0182-1024x768.jpg\"><img loading=\"lazy\" decoding=\"async\" width=\"1024\" height=\"768\" src=\"https:\/\/www.ruderclub-salzburg.at\/wordpress\/wp-content\/uploads\/2019\/04\/IMG_0182-1024x768.jpg\" alt=\"\" data-id=\"270\" data-link=\"https:\/\/www.ruderclub-salzburg.at\/wordpress\/img_0182\/\" class=\"wp-image-270\" srcset=\"https:\/\/www.ruderclub-salzburg.at\/wordpress\/wp-content\/uploads\/2019\/04\/IMG_0182-1024x768.jpg 1024w, https:\/\/www.ruderclub-salzburg.at\/wordpress\/wp-content\/uploads\/2019\/04\/IMG_0182-300x225.jpg 300w, https:\/\/www.ruderclub-salzburg.at\/wordpress\/wp-content\/uploads\/2019\/04\/IMG_0182-768x576.jpg 768w\" sizes=\"auto, (max-width: 1024px) 100vw, 1024px\" \/><\/a><\/figure><\/li><li class=\"blocks-gallery-item\"><figure><a href=\"https:\/\/www.ruderclub-salzburg.at\/wordpress\/wp-content\/uploads\/2019\/04\/IMG_0172-1024x768.jpg\"><img loading=\"lazy\" decoding=\"async\" width=\"1024\" height=\"768\" src=\"https:\/\/www.ruderclub-salzburg.at\/wordpress\/wp-content\/uploads\/2019\/04\/IMG_0172-1024x768.jpg\" alt=\"\" data-id=\"269\" data-link=\"https:\/\/www.ruderclub-salzburg.at\/wordpress\/img_0172\/\" class=\"wp-image-269\" srcset=\"https:\/\/www.ruderclub-salzburg.at\/wordpress\/wp-content\/uploads\/2019\/04\/IMG_0172-1024x768.jpg 1024w, https:\/\/www.ruderclub-salzburg.at\/wordpress\/wp-content\/uploads\/2019\/04\/IMG_0172-300x225.jpg 300w, https:\/\/www.ruderclub-salzburg.at\/wordpress\/wp-content\/uploads\/2019\/04\/IMG_0172-768x576.jpg 768w\" sizes=\"auto, (max-width: 1024px) 100vw, 1024px\" \/><\/a><\/figure><\/li><li class=\"blocks-gallery-item\"><figure><a href=\"https:\/\/www.ruderclub-salzburg.at\/wordpress\/wp-content\/uploads\/2019\/04\/IMG_0167-1024x768.jpg\"><img loading=\"lazy\" decoding=\"async\" width=\"1024\" height=\"768\" src=\"https:\/\/www.ruderclub-salzburg.at\/wordpress\/wp-content\/uploads\/2019\/04\/IMG_0167-1024x768.jpg\" alt=\"\" data-id=\"268\" data-link=\"https:\/\/www.ruderclub-salzburg.at\/wordpress\/img_0167\/\" class=\"wp-image-268\" srcset=\"https:\/\/www.ruderclub-salzburg.at\/wordpress\/wp-content\/uploads\/2019\/04\/IMG_0167-1024x768.jpg 1024w, https:\/\/www.ruderclub-salzburg.at\/wordpress\/wp-content\/uploads\/2019\/04\/IMG_0167-300x225.jpg 300w, https:\/\/www.ruderclub-salzburg.at\/wordpress\/wp-content\/uploads\/2019\/04\/IMG_0167-768x576.jpg 768w\" sizes=\"auto, (max-width: 1024px) 100vw, 1024px\" \/><\/a><\/figure><\/li><li class=\"blocks-gallery-item\"><figure><a href=\"https:\/\/www.ruderclub-salzburg.at\/wordpress\/wp-content\/uploads\/2019\/04\/IMG_0169-1024x768.jpg\"><img loading=\"lazy\" decoding=\"async\" width=\"1024\" height=\"768\" src=\"https:\/\/www.ruderclub-salzburg.at\/wordpress\/wp-content\/uploads\/2019\/04\/IMG_0169-1024x768.jpg\" alt=\"\" data-id=\"267\" data-link=\"https:\/\/www.ruderclub-salzburg.at\/wordpress\/img_0169\/\" class=\"wp-image-267\" srcset=\"https:\/\/www.ruderclub-salzburg.at\/wordpress\/wp-content\/uploads\/2019\/04\/IMG_0169-1024x768.jpg 1024w, https:\/\/www.ruderclub-salzburg.at\/wordpress\/wp-content\/uploads\/2019\/04\/IMG_0169-300x225.jpg 300w, https:\/\/www.ruderclub-salzburg.at\/wordpress\/wp-content\/uploads\/2019\/04\/IMG_0169-768x576.jpg 768w\" sizes=\"auto, (max-width: 1024px) 100vw, 1024px\" \/><\/a><\/figure><\/li><li class=\"blocks-gallery-item\"><figure><a href=\"https:\/\/www.ruderclub-salzburg.at\/wordpress\/wp-content\/uploads\/2019\/04\/IMG_0197-1024x768.jpg\"><img loading=\"lazy\" decoding=\"async\" width=\"1024\" height=\"768\" src=\"https:\/\/www.ruderclub-salzburg.at\/wordpress\/wp-content\/uploads\/2019\/04\/IMG_0197-1024x768.jpg\" alt=\"\" data-id=\"275\" data-link=\"https:\/\/www.ruderclub-salzburg.at\/wordpress\/img_0197\/\" class=\"wp-image-275\" srcset=\"https:\/\/www.ruderclub-salzburg.at\/wordpress\/wp-content\/uploads\/2019\/04\/IMG_0197-1024x768.jpg 1024w, https:\/\/www.ruderclub-salzburg.at\/wordpress\/wp-content\/uploads\/2019\/04\/IMG_0197-300x225.jpg 300w, https:\/\/www.ruderclub-salzburg.at\/wordpress\/wp-content\/uploads\/2019\/04\/IMG_0197-768x576.jpg 768w\" sizes=\"auto, (max-width: 1024px) 100vw, 1024px\" \/><\/a><\/figure><\/li><\/ul>\n","protected":false},"excerpt":{"rendered":"<p>Unser Rudercamp fand vom 18. bis 20. April 2019 in Waging statt. Wir hatten super Wetter, haben uns sportlich bet\u00e4tigt und hatten tolle Boote. Vielen DANK dem Ruderclub f\u00fcr die M\u00f6glichkeit des Ausleihens und DANKE an Peter f\u00fcr die ausgezeichnete Organisation. Wir freuen uns auf unsere n\u00e4chsten gemeinsamen Unternehmungen.<\/p>\n","protected":false},"author":2,"featured_media":0,"parent":0,"menu_order":0,"comment_status":"closed","ping_status":"closed","template":"","meta":{"footnotes":""},"class_list":["post-266","page","type-page","status-publish","hentry"],"_links":{"self":[{"href":"https:\/\/www.ruderclub-salzburg.at\/wordpress\/wp-json\/wp\/v2\/pages\/266","targetHints":{"allow":["GET"]}}],"collection":[{"href":"https:\/\/www.ruderclub-salzburg.at\/wordpress\/wp-json\/wp\/v2\/pages"}],"about":[{"href":"https:\/\/www.ruderclub-salzburg.at\/wordpress\/wp-json\/wp\/v2\/types\/page"}],"author":[{"embeddable":true,"href":"https:\/\/www.ruderclub-salzburg.at\/wordpress\/wp-json\/wp\/v2\/users\/2"}],"replies":[{"embeddable":true,"href":"https:\/\/www.ruderclub-salzburg.at\/wordpress\/wp-json\/wp\/v2\/comments?post=266"}],"version-history":[{"count":8,"href":"https:\/\/www.ruderclub-salzburg.at\/wordpress\/wp-json\/wp\/v2\/pages\/266\/revisions"}],"predecessor-version":[{"id":374,"href":"https:\/\/www.ruderclub-salzburg.at\/wordpress\/wp-json\/wp\/v2\/pages\/266\/revisions\/374"}],"wp:attachment":[{"href":"https:\/\/www.ruderclub-salzburg.at\/wordpress\/wp-json\/wp\/v2\/media?parent=266"}],"curies":[{"name":"wp","href":"https:\/\/api.w.org\/{rel}","templated":true}]}}