{"id":313,"date":"2019-05-26T15:35:35","date_gmt":"2019-05-26T13:35:35","guid":{"rendered":"http:\/\/www.ruderclub-salzburg.at\/wordpress\/?p=313"},"modified":"2020-07-23T20:33:26","modified_gmt":"2020-07-23T18:33:26","slug":"wanderfahrt-chiemsee","status":"publish","type":"page","link":"https:\/\/www.ruderclub-salzburg.at\/wordpress\/wanderfahrt-chiemsee\/","title":{"rendered":"Wanderfahrt Chiemsee"},"content":{"rendered":"\n<h3 class=\"wp-block-heading\">Perfekte Ruderbedingungen am 25.Mai 2019<\/h3>\n\n\n\n<p>Sch\u00f6nes Wetter, ein ausgezeichnetes Boot und eine motivierte Truppe &#8211; das waren die Bedingungen anl\u00e4sslich unserer Wanderfahrt.<\/p>\n\n\n\n<div class=\"wp-block-image\"><figure class=\"alignright is-resized\"><img loading=\"lazy\" decoding=\"async\" src=\"https:\/\/www.ruderclub-salzburg.at\/wordpress\/wp-content\/uploads\/2019\/05\/Gruppe-1024x759.jpg\" alt=\"\" class=\"wp-image-314\" width=\"418\" height=\"309\" srcset=\"https:\/\/www.ruderclub-salzburg.at\/wordpress\/wp-content\/uploads\/2019\/05\/Gruppe-1024x759.jpg 1024w, https:\/\/www.ruderclub-salzburg.at\/wordpress\/wp-content\/uploads\/2019\/05\/Gruppe-300x222.jpg 300w, https:\/\/www.ruderclub-salzburg.at\/wordpress\/wp-content\/uploads\/2019\/05\/Gruppe-768x569.jpg 768w\" sizes=\"auto, (max-width: 418px) 100vw, 418px\" \/><figcaption>v.l.: Barbara, Peter, Markus, Johanna, Hartmut<\/figcaption><\/figure><\/div>\n\n\n\n<p style=\"text-align:left\">Dabei hat es am Anfang gar nicht so gut ausgesehen, da das Hochwasser den Zugang zum Bootshaus und auch dann zum See nur mit Fu\u00dfbad m\u00f6glich machte (siehe Bild). Aber Dank Peters Organisation und seiner Erfahrung wurde die Wanderfahrt f\u00fcr alle Teilnehmer zum Erlebnis.<\/p>\n\n\n\n<p>Vom Steg des Ruderclubs Prien ging es zuerst nach S\u00fcden und dann das S\u00fcdufer entlang bis H\u00f6he Feldwieser Bucht. Dort wurden erst einmal die Chiemsee-Neulinge in den Kreis der Chiemseefahrer mit einem Gl\u00e4schen Sekt aufgenommen. <\/p>\n\n\n\n<p>Weiter ging es nach Norden Richtung Seebruck bis H\u00f6he Fraueninsel, die dann angesteuert wurde. Nach einer ordentlichen St\u00e4rkung (Mittagessen) zeigte uns Peter idyllische Schilfbuchten und schlie\u00dflich steuerten wir in die Bucht der Prienm\u00fcndung. Das Hochwasser hatte hier auch eine gute Seite, denn so konnten wir ein ganzes St\u00fcck im Frischwasser die Prien aufw\u00e4rts fahren. Nach diesem wunderbaren Naturerlebnis ruderten wir zur\u00fcck zur Anlegestelle des RC-Prien. Keine Minute zu sp\u00e4t, denn kaum waren Boot und Ruder wieder versorgt, prasselte ein Wolkenbruch \u00fcber den See. Vor der Heimfahrt wurden bei einem gem\u00fctlichen Abendessen die Erlebnisse des Tages noch einmal beredet.<\/p>\n\n\n\n<p>Vielen DANK dem RC Prien f\u00fcrs Ausleihen des tollen und gut abgestimmten Bootes. Ein ganz besonderes <strong>Dankesch\u00f6n <\/strong>gilt <strong>Peter<\/strong> f\u00fcr die gesamte Organisation, die Auswahl der perfekten Fahrtstrecke mit vielen Eindr\u00fccken und auch f\u00fcr die vielen Rudertips, die die Besatzung w\u00e4hrend der Wanderfahrt erhielt.<\/p>\n\n\n<style type=\"text\/css\" scoped>.rbs_gallery_69e5acc19bcb0Spinner{\r\n\t\t\t\tmargin: 50px auto;\r\n\t\t\t\twidth: 50px;\r\n\t\t\t\theight: 40px;\r\n\t\t\t\ttext-align: center;\r\n\t\t\t\tfont-size: 10px;\r\n\t\t\t}\r\n\t\t\t.rbs_gallery_69e5acc19bcb0Spinner > div{\r\n\t\t\t  background-color: #333;\r\n\t\t\t  height: 100%;\r\n\t\t\t  width: 6px;\r\n\t\t\t  display: inline-block;\r\n\t\t\t  -webkit-animation: rbs_gallery_69e5acc19bcb0-stretchdelay 1.2s infinite ease-in-out;\r\n\t\t\t  animation: rbs_gallery_69e5acc19bcb0-stretchdelay 1.2s infinite ease-in-out;\r\n\t\t\t}\r\n\t\t\t.rbs_gallery_69e5acc19bcb0Spinner .rbs_gallery_69e5acc19bcb0Rect2 {\r\n\t\t\t  -webkit-animation-delay: -1.1s;\r\n\t\t\t  animation-delay: -1.1s;\r\n\t\t\t}\r\n\t\t\t.rbs_gallery_69e5acc19bcb0Spinner .rbs_gallery_69e5acc19bcb0Rect3 {\r\n\t\t\t  -webkit-animation-delay: -1.0s;\r\n\t\t\t  animation-delay: -1.0s;\r\n\t\t\t}\r\n\t\t\t.rbs_gallery_69e5acc19bcb0Spinner .rbs_gallery_69e5acc19bcb0Rect4 {\r\n\t\t\t  -webkit-animation-delay: -0.9s;\r\n\t\t\t  animation-delay: -0.9s;\r\n\t\t\t}\r\n\t\t\t.rbs_gallery_69e5acc19bcb0Spinner .rbs_gallery_69e5acc19bcb0Rect5 {\r\n\t\t\t  -webkit-animation-delay: -0.8s;\r\n\t\t\t  animation-delay: -0.8s;\r\n\t\t\t}\r\n\t\t\t@-webkit-keyframes rbs_gallery_69e5acc19bcb0-stretchdelay {\r\n\t\t\t  0%, 40%, 100% { -webkit-transform: scaleY(0.4) }  \r\n\t\t\t  20% { -webkit-transform: scaleY(1.0) }\r\n\t\t\t}\r\n\t\t\t@keyframes rbs_gallery_69e5acc19bcb0-stretchdelay {\r\n\t\t\t  0%, 40%, 100% { \r\n\t\t\t    transform: scaleY(0.4);\r\n\t\t\t    -webkit-transform: scaleY(0.4);\r\n\t\t\t  }  20% { \r\n\t\t\t    transform: scaleY(1.0);\r\n\t\t\t    -webkit-transform: scaleY(1.0);\r\n\t\t\t  }\r\n\t\t\t}\r\n\t\t<\/style><div class=\"robo-gallery-wrap robo-gallery-wrap-id352 robo-gallery-\" ><div id=\"rbs_gallery_69e5acc19bcb0-block-loader\" class=\"rbs_gallery_69e5acc19bcb0Spinner\"><div class=\"rbs_gallery_69e5acc19bcb0Rect1\"><\/div> <div class=\"rbs_gallery_69e5acc19bcb0Rect2\"><\/div> <div class=\"rbs_gallery_69e5acc19bcb0Rect3\"><\/div> <div class=\"rbs_gallery_69e5acc19bcb0Rect4\"><\/div> <div class=\"rbs_gallery_69e5acc19bcb0Rect5\"><\/div><\/div><div class=\"rbs_gallery_button  rbs_gallery_align_left\" id=\"rbs_gallery_69e5acc19bcb0filter\" style=\" display: none;\" ><\/div><div id=\"robo_gallery_main_block_rbs_gallery_69e5acc19bcb0\" class=\"robogallery-gallery-352\" style=\"width:100%;margin:0 auto;  display: none;\"><div id=\"rbs_gallery_69e5acc19bcb0\" data-options=\"rbs_gallery_69e5acc19bcb0\" style=\"width:100%;\" class=\"robo_gallery  \"><div class=\"rbs-img  category352 \" ><div class=\"rbs-img-image   rbs-lightbox \" ><div class=\"rbs-img-thumbs\"  data-thumbnail=\"https:\/\/www.ruderclub-salzburg.at\/wordpress\/wp-content\/uploads\/2019\/05\/chiemsee-1024x682.jpg\"  title=\"chiemsee\"  data-width=\"780\"  data-height=\"519\" ><\/div><div class=\"rbs-img-data-popup\"  data-popup=\"https:\/\/www.ruderclub-salzburg.at\/wordpress\/wp-content\/uploads\/2019\/05\/chiemsee.jpg\"  title=\"chiemsee\" ><\/div><div class=\"thumbnail-overlay\"><div class=\"rbsTitle \">chiemsee<\/div><div class=\"rbsIcons\"><i class=\"fa fa-search-plus rbsZoomIcon \" ><\/i><\/div><\/div><\/div><\/div><div class=\"rbs-img  category352 \" ><div class=\"rbs-img-image   rbs-lightbox \" ><div class=\"rbs-img-thumbs\"  data-thumbnail=\"https:\/\/www.ruderclub-salzburg.at\/wordpress\/wp-content\/uploads\/2019\/05\/IMG-0588-768x1024.jpg\"  title=\"IMG-0588\"  data-width=\"768\"  data-height=\"1024\" ><\/div><div class=\"rbs-img-data-popup\"  data-popup=\"https:\/\/www.ruderclub-salzburg.at\/wordpress\/wp-content\/uploads\/2019\/05\/IMG-0588.jpg\"  title=\"IMG-0588\" ><\/div><div class=\"thumbnail-overlay\"><div class=\"rbsTitle \">IMG-0588<\/div><div class=\"rbsIcons\"><i class=\"fa fa-search-plus rbsZoomIcon \" ><\/i><\/div><\/div><\/div><\/div><div class=\"rbs-img  category352 \" ><div class=\"rbs-img-image   rbs-lightbox \" ><div class=\"rbs-img-thumbs\"  data-thumbnail=\"https:\/\/www.ruderclub-salzburg.at\/wordpress\/wp-content\/uploads\/2019\/05\/IMG_0611-1024x768.jpg\"  title=\"IMG_0611\"  data-width=\"780\"  data-height=\"585\" ><\/div><div class=\"rbs-img-data-popup\"  data-popup=\"https:\/\/www.ruderclub-salzburg.at\/wordpress\/wp-content\/uploads\/2019\/05\/IMG_0611.jpg\"  title=\"IMG_0611\" ><\/div><div class=\"thumbnail-overlay\"><div class=\"rbsTitle \">IMG_0611<\/div><div class=\"rbsIcons\"><i class=\"fa fa-search-plus rbsZoomIcon \" ><\/i><\/div><\/div><\/div><\/div><div class=\"rbs-img  category352 \" ><div class=\"rbs-img-image   rbs-lightbox \" ><div class=\"rbs-img-thumbs\"  data-thumbnail=\"https:\/\/www.ruderclub-salzburg.at\/wordpress\/wp-content\/uploads\/2019\/05\/IMG_0618-e1558967436424-700x1024.jpg\"  title=\"IMG_0618\"  data-width=\"700\"  data-height=\"1024\" ><\/div><div class=\"rbs-img-data-popup\"  data-popup=\"https:\/\/www.ruderclub-salzburg.at\/wordpress\/wp-content\/uploads\/2019\/05\/IMG_0618-e1558967436424.jpg\"  title=\"IMG_0618\" ><\/div><div class=\"thumbnail-overlay\"><div class=\"rbsTitle \">IMG_0618<\/div><div class=\"rbsIcons\"><i class=\"fa fa-search-plus rbsZoomIcon \" ><\/i><\/div><\/div><\/div><\/div><div class=\"rbs-img  category352 \" ><div class=\"rbs-img-image   rbs-lightbox \" ><div class=\"rbs-img-thumbs\"  data-thumbnail=\"https:\/\/www.ruderclub-salzburg.at\/wordpress\/wp-content\/uploads\/2019\/05\/IMG_0599-768x1024.jpg\"  title=\"IMG_0599\"  data-width=\"768\"  data-height=\"1024\" ><\/div><div class=\"rbs-img-data-popup\"  data-popup=\"https:\/\/www.ruderclub-salzburg.at\/wordpress\/wp-content\/uploads\/2019\/05\/IMG_0599.jpg\"  title=\"IMG_0599\" ><\/div><div class=\"thumbnail-overlay\"><div class=\"rbsTitle \">IMG_0599<\/div><div class=\"rbsIcons\"><i class=\"fa fa-search-plus rbsZoomIcon \" ><\/i><\/div><\/div><\/div><\/div><div class=\"rbs-img  category352 \" ><div class=\"rbs-img-image   rbs-lightbox \" ><div class=\"rbs-img-thumbs\"  data-thumbnail=\"https:\/\/www.ruderclub-salzburg.at\/wordpress\/wp-content\/uploads\/2019\/05\/IMG_0631-1024x768.jpg\"  title=\"IMG_0631\"  data-width=\"780\"  data-height=\"585\" ><\/div><div class=\"rbs-img-data-popup\"  data-popup=\"https:\/\/www.ruderclub-salzburg.at\/wordpress\/wp-content\/uploads\/2019\/05\/IMG_0631.jpg\"  title=\"IMG_0631\" ><\/div><div class=\"thumbnail-overlay\"><div class=\"rbsTitle \">IMG_0631<\/div><div class=\"rbsIcons\"><i class=\"fa fa-search-plus rbsZoomIcon \" ><\/i><\/div><\/div><\/div><\/div><\/div><\/div><\/div><script>var rbs_gallery_69e5acc19bcb0 = {\"version\":\"5.1.4\",\"id\":352,\"class\":\"id352\",\"roboGalleryDelay\":1000,\"mainContainer\":\"#robo_gallery_main_block_rbs_gallery_69e5acc19bcb0\",\"loadingContainer\":\"#rbs_gallery_69e5acc19bcb0-block-loader\",\"loadingContainerObj\":\"rbs_gallery_69e5acc19bcb0-block-loader\",\"columnWidth\":\"auto\",\"columns\":3,\"resolutions\":[{\"columnWidth\":\"auto\",\"columns\":3,\"maxWidth\":960},{\"columnWidth\":\"auto\",\"columns\":2,\"maxWidth\":650},{\"columnWidth\":\"auto\",\"columns\":1,\"maxWidth\":450}],\"lightboxOptions\":{\"gallery\":{\"enabled\":true,\"tCounter\":\"%curr% of %total%\"}},\"overlayEffect\":\"direction-aware-fade\",\"boxesToLoadStart\":12,\"boxesToLoad\":8,\"waitUntilThumbLoads\":1,\"LoadingWord\":\"Loading...\",\"loadMoreWord\":\"Load More\",\"noMoreEntriesWord\":\"No More Entries\",\"horizontalSpaceBetweenBoxes\":15,\"verticalSpaceBetweenBoxes\":15,\"lazyLoad\":1,\"wrapContainer\":\"#robo-gallery-wrap-rbs_gallery_69e5acc19bcb0\",\"filterContainer\":\"#rbs_gallery_69e5acc19bcb0filter\",\"loadMoreClass\":\"button-flat-primary button-large \"};<\/script>","protected":false},"excerpt":{"rendered":"<p>Perfekte Ruderbedingungen am 25.Mai 2019 Sch\u00f6nes Wetter, ein ausgezeichnetes Boot und eine motivierte Truppe &#8211; das waren die Bedingungen anl\u00e4sslich unserer Wanderfahrt. Dabei hat es am Anfang gar nicht so gut ausgesehen, da das Hochwasser den Zugang zum Bootshaus und auch dann zum See nur mit Fu\u00dfbad m\u00f6glich machte (siehe Bild). Aber Dank Peters Organisation <a class=\"more-link\" href=\"https:\/\/www.ruderclub-salzburg.at\/wordpress\/wanderfahrt-chiemsee\/\">weiterlesen&#8230;<\/a><\/p>\n","protected":false},"author":2,"featured_media":0,"parent":0,"menu_order":0,"comment_status":"closed","ping_status":"closed","template":"","meta":{"footnotes":""},"class_list":["post-313","page","type-page","status-publish","hentry"],"_links":{"self":[{"href":"https:\/\/www.ruderclub-salzburg.at\/wordpress\/wp-json\/wp\/v2\/pages\/313","targetHints":{"allow":["GET"]}}],"collection":[{"href":"https:\/\/www.ruderclub-salzburg.at\/wordpress\/wp-json\/wp\/v2\/pages"}],"about":[{"href":"https:\/\/www.ruderclub-salzburg.at\/wordpress\/wp-json\/wp\/v2\/types\/page"}],"author":[{"embeddable":true,"href":"https:\/\/www.ruderclub-salzburg.at\/wordpress\/wp-json\/wp\/v2\/users\/2"}],"replies":[{"embeddable":true,"href":"https:\/\/www.ruderclub-salzburg.at\/wordpress\/wp-json\/wp\/v2\/comments?post=313"}],"version-history":[{"count":21,"href":"https:\/\/www.ruderclub-salzburg.at\/wordpress\/wp-json\/wp\/v2\/pages\/313\/revisions"}],"predecessor-version":[{"id":472,"href":"https:\/\/www.ruderclub-salzburg.at\/wordpress\/wp-json\/wp\/v2\/pages\/313\/revisions\/472"}],"wp:attachment":[{"href":"https:\/\/www.ruderclub-salzburg.at\/wordpress\/wp-json\/wp\/v2\/media?parent=313"}],"curies":[{"name":"wp","href":"https:\/\/api.w.org\/{rel}","templated":true}]}}