{"id":485,"date":"2019-08-01T22:31:16","date_gmt":"2019-08-01T20:31:16","guid":{"rendered":"http:\/\/www.ruderclub-salzburg.at\/wordpress\/?p=485"},"modified":"2020-07-23T20:36:25","modified_gmt":"2020-07-23T18:36:25","slug":"donau-wanderfahrt","status":"publish","type":"page","link":"https:\/\/www.ruderclub-salzburg.at\/wordpress\/donau-wanderfahrt\/","title":{"rendered":"Donau-Wanderfahrt"},"content":{"rendered":"<h3 style=\"text-align: left;\">Von Wallsee bis Stein bei Krems<\/h3>\n<h4>27. &#8211; 28. Juli 2019<\/h4>\n<p><img loading=\"lazy\" decoding=\"async\" class=\"wp-image-491 alignleft\" src=\"https:\/\/www.ruderclub-salzburg.at\/wordpress\/wp-content\/uploads\/2019\/08\/IMG-20190728-WA0008-1024x768.jpg\" alt=\"\" width=\"319\" height=\"239\" srcset=\"https:\/\/www.ruderclub-salzburg.at\/wordpress\/wp-content\/uploads\/2019\/08\/IMG-20190728-WA0008.jpg 1024w, https:\/\/www.ruderclub-salzburg.at\/wordpress\/wp-content\/uploads\/2019\/08\/IMG-20190728-WA0008-300x225.jpg 300w, https:\/\/www.ruderclub-salzburg.at\/wordpress\/wp-content\/uploads\/2019\/08\/IMG-20190728-WA0008-768x576.jpg 768w\" sizes=\"auto, (max-width: 319px) 100vw, 319px\" \/>Die von Peter vorbildlich organisierte 2-t\u00e4gige Wanderruderfahrt auf der Donau war ein tolles Ereignis: eine sehr sch\u00f6ne Landschaft, ein motiviertes Team incl. zweier G\u00e4ste vom Deggendorfer Ruderclub (DRCD) und ein zufriedenstellendes Wetter \u2013 kein Regen, keine Hitze &#8211; die nach der hei\u00dfen Woche zu erwarten gewesen w\u00e4re &#8211; allerdings viel Gegenwind.<img loading=\"lazy\" decoding=\"async\" class=\"wp-image-492 alignright\" src=\"https:\/\/www.ruderclub-salzburg.at\/wordpress\/wp-content\/uploads\/2019\/08\/Schleuse-Persenbeug-768x1024.jpg\" alt=\"\" width=\"295\" height=\"393\" srcset=\"https:\/\/www.ruderclub-salzburg.at\/wordpress\/wp-content\/uploads\/2019\/08\/Schleuse-Persenbeug.jpg 768w, https:\/\/www.ruderclub-salzburg.at\/wordpress\/wp-content\/uploads\/2019\/08\/Schleuse-Persenbeug-225x300.jpg 225w\" sizes=\"auto, (max-width: 295px) 100vw, 295px\" \/><\/p>\n<p>Abfahrt in Salzburg war bereits um 6 Uhr, sodass wir beim Wallseer Ruderclub etwa um 9 Uhr starten konnten. Der 1. Tag f\u00fchrte durch den Strudengau und Nibelungengau bis nach P\u00f6chlarn mit einer Mittagspause dazwischen. Gl\u00fccklicherweise waren nicht viele Frachter oder Kreuzfahrtschiffe o.a. unterwegs. Beeindruckend war f\u00fcr alle die Persenbeuger Schleuse bei Ybbs, wo wir mit einem riesigen Frachter, einer \u201crollenden Landstra\u00dfe\u201c geschleust wurden.<img loading=\"lazy\" decoding=\"async\" class=\"wp-image-490 alignleft\" src=\"https:\/\/www.ruderclub-salzburg.at\/wordpress\/wp-content\/uploads\/2019\/08\/D\u00fcrnstein-1024x768.jpg\" alt=\"\" width=\"346\" height=\"259\" srcset=\"https:\/\/www.ruderclub-salzburg.at\/wordpress\/wp-content\/uploads\/2019\/08\/D\u00fcrnstein.jpg 1024w, https:\/\/www.ruderclub-salzburg.at\/wordpress\/wp-content\/uploads\/2019\/08\/D\u00fcrnstein-300x225.jpg 300w, https:\/\/www.ruderclub-salzburg.at\/wordpress\/wp-content\/uploads\/2019\/08\/D\u00fcrnstein-768x576.jpg 768w\" sizes=\"auto, (max-width: 346px) 100vw, 346px\" \/><\/p>\n<p>Das Highlight des 2. Tages war nat\u00fcrlich die Wachau mit D\u00fcrnstein. Geendet hat die Wanderfahrt beim Steiner Ruderclub. Ein gro\u00dfer Dank an die G\u00e4ste vom Deggendorfer Ruderclub f\u00fcr das \u00dcberlassen einiger Fotos. <a href=\"https:\/\/www.drcd2001.de\"> (https:\/\/www.drcd2001.de\/)<\/a><\/p>\n<p>In der Schleuse :<br><img loading=\"lazy\" decoding=\"async\" class=\"size-large wp-image-510 alignnone\" src=\"https:\/\/www.ruderclub-salzburg.at\/wordpress\/wp-content\/uploads\/2019\/08\/inSchleuse-1024x766.jpg\" alt=\"\" width=\"780\" height=\"583\" vspace=\"20\" srcset=\"https:\/\/www.ruderclub-salzburg.at\/wordpress\/wp-content\/uploads\/2019\/08\/inSchleuse-1024x766.jpg 1024w, https:\/\/www.ruderclub-salzburg.at\/wordpress\/wp-content\/uploads\/2019\/08\/inSchleuse-300x224.jpg 300w, https:\/\/www.ruderclub-salzburg.at\/wordpress\/wp-content\/uploads\/2019\/08\/inSchleuse-768x575.jpg 768w, https:\/\/www.ruderclub-salzburg.at\/wordpress\/wp-content\/uploads\/2019\/08\/inSchleuse.jpg 1465w\" sizes=\"auto, (max-width: 780px) 100vw, 780px\" \/><\/p>\n<p>Video Ausfahrt aus der Schleuse Ybbs:&nbsp;<\/p>\n<div style=\"width: 780px;\" class=\"wp-video\"><video class=\"wp-video-shortcode\" id=\"video-485-1\" width=\"780\" height=\"442\" preload=\"metadata\" controls=\"controls\"><source type=\"video\/mp4\" src=\"https:\/\/www.ruderclub-salzburg.at\/wordpress\/wp-content\/uploads\/2019\/08\/VID-20190728-WA0007.mp4?_=1\" \/><a href=\"https:\/\/www.ruderclub-salzburg.at\/wordpress\/wp-content\/uploads\/2019\/08\/VID-20190728-WA0007.mp4\">https:\/\/www.ruderclub-salzburg.at\/wordpress\/wp-content\/uploads\/2019\/08\/VID-20190728-WA0007.mp4<\/a><\/video><\/div>\n\n\n<p><\/p>\n","protected":false},"excerpt":{"rendered":"<p>Von Wallsee bis Stein bei Krems 27. &#8211; 28. Juli 2019 Die von Peter vorbildlich organisierte 2-t\u00e4gige Wanderruderfahrt auf der Donau war ein tolles Ereignis: eine sehr sch\u00f6ne Landschaft, ein motiviertes Team incl. zweier G\u00e4ste vom Deggendorfer Ruderclub (DRCD) und ein zufriedenstellendes Wetter \u2013 kein Regen, keine Hitze &#8211; die nach der hei\u00dfen Woche zu <a class=\"more-link\" href=\"https:\/\/www.ruderclub-salzburg.at\/wordpress\/donau-wanderfahrt\/\">weiterlesen&#8230;<\/a><\/p>\n","protected":false},"author":2,"featured_media":0,"parent":0,"menu_order":0,"comment_status":"closed","ping_status":"closed","template":"","meta":{"footnotes":""},"class_list":["post-485","page","type-page","status-publish","hentry"],"_links":{"self":[{"href":"https:\/\/www.ruderclub-salzburg.at\/wordpress\/wp-json\/wp\/v2\/pages\/485","targetHints":{"allow":["GET"]}}],"collection":[{"href":"https:\/\/www.ruderclub-salzburg.at\/wordpress\/wp-json\/wp\/v2\/pages"}],"about":[{"href":"https:\/\/www.ruderclub-salzburg.at\/wordpress\/wp-json\/wp\/v2\/types\/page"}],"author":[{"embeddable":true,"href":"https:\/\/www.ruderclub-salzburg.at\/wordpress\/wp-json\/wp\/v2\/users\/2"}],"replies":[{"embeddable":true,"href":"https:\/\/www.ruderclub-salzburg.at\/wordpress\/wp-json\/wp\/v2\/comments?post=485"}],"version-history":[{"count":19,"href":"https:\/\/www.ruderclub-salzburg.at\/wordpress\/wp-json\/wp\/v2\/pages\/485\/revisions"}],"predecessor-version":[{"id":517,"href":"https:\/\/www.ruderclub-salzburg.at\/wordpress\/wp-json\/wp\/v2\/pages\/485\/revisions\/517"}],"wp:attachment":[{"href":"https:\/\/www.ruderclub-salzburg.at\/wordpress\/wp-json\/wp\/v2\/media?parent=485"}],"curies":[{"name":"wp","href":"https:\/\/api.w.org\/{rel}","templated":true}]}}