{"id":519,"date":"2019-09-24T09:04:11","date_gmt":"2019-09-24T07:04:11","guid":{"rendered":"http:\/\/www.ruderclub-salzburg.at\/wordpress\/?p=519"},"modified":"2020-07-23T20:39:38","modified_gmt":"2020-07-23T18:39:38","slug":"rudern-und-bergwandern-in-kaernten","status":"publish","type":"page","link":"https:\/\/www.ruderclub-salzburg.at\/wordpress\/rudern-und-bergwandern-in-kaernten\/","title":{"rendered":"Rudern und Wandern in K\u00e4rnten"},"content":{"rendered":"\r\n<h4 class=\"wp-block-heading\">21.-22. September 2019<\/h4>\r\n\r\n\r\n\r\n<p><img loading=\"lazy\" decoding=\"async\" class=\"alignnone  wp-image-531\" src=\"https:\/\/www.ruderclub-salzburg.at\/wordpress\/wp-content\/uploads\/2019\/09\/WeissenseeBeitr-1024x424.jpg\" alt=\"\" width=\"921\" height=\"381\" srcset=\"https:\/\/www.ruderclub-salzburg.at\/wordpress\/wp-content\/uploads\/2019\/09\/WeissenseeBeitr-1024x424.jpg 1024w, https:\/\/www.ruderclub-salzburg.at\/wordpress\/wp-content\/uploads\/2019\/09\/WeissenseeBeitr-300x124.jpg 300w, https:\/\/www.ruderclub-salzburg.at\/wordpress\/wp-content\/uploads\/2019\/09\/WeissenseeBeitr-768x318.jpg 768w\" sizes=\"auto, (max-width: 921px) 100vw, 921px\" \/><\/p>\r\n<p>Ziel der herbstlichen Wanderfahrt war diesmal der Millst\u00e4tter See und der Weissensee. Am Millst\u00e4tter See wurde gerudert und beim Weissensee gewandert. Gleichzeitig wurden die M\u00f6glichkeiten, auch am Weissensee eine Wanderfahrt oder ein Rudercamp durchzuf\u00fchren, erkundet. Dies alles unter der bew\u00e4hrten Leitung und Organisation von Peter.<\/p>\r\n\r\n\r\n\r\n<div class=\"wp-block-image\">\r\n<figure class=\"alignright is-resized\">\r\n<div id=\"attachment_524\" style=\"width: 561px\" class=\"wp-caption alignright\"><img loading=\"lazy\" decoding=\"async\" aria-describedby=\"caption-attachment-524\" class=\"wp-image-524\" src=\"https:\/\/www.ruderclub-salzburg.at\/wordpress\/wp-content\/uploads\/2019\/09\/sektempf-1024x682.jpg\" alt=\"\" width=\"551\" height=\"367\" srcset=\"https:\/\/www.ruderclub-salzburg.at\/wordpress\/wp-content\/uploads\/2019\/09\/sektempf-1024x682.jpg 1024w, https:\/\/www.ruderclub-salzburg.at\/wordpress\/wp-content\/uploads\/2019\/09\/sektempf-300x200.jpg 300w, https:\/\/www.ruderclub-salzburg.at\/wordpress\/wp-content\/uploads\/2019\/09\/sektempf-768x511.jpg 768w\" sizes=\"auto, (max-width: 551px) 100vw, 551px\" \/><p id=\"caption-attachment-524\" class=\"wp-caption-text\">Der Pr\u00e4sident des RV Wiking-Spittal gratuliert den erfolgreichen Teilnehmern der Rowing Masters Regatta<\/p><\/div>\r\n<\/figure>\r\n<\/div>\r\n<h4>1. Tag<\/h4>\r\n<p style=\"text-align: left;\">Am Samstag, den 21. trafen sich die sechs Teilnehmer (Peter, Barbara, Johanna, Markus, Joe und Hartmut) um 9 Uhr beim Ruderclub Wiking in Seeboden. Wir waren zu einem Sektempfang zu Ehren der Teilnehmer an der World Rowing Masters Regatta 2019 in Ungarn eingeladen.<\/p>\r\n\r\n\r\n\r\n\r\n\r\n<div id=\"attachment_520\" style=\"width: 559px\" class=\"wp-caption alignright\"><img loading=\"lazy\" decoding=\"async\" aria-describedby=\"caption-attachment-520\" class=\"wp-image-520\" src=\"https:\/\/www.ruderclub-salzburg.at\/wordpress\/wp-content\/uploads\/2019\/09\/ablegen1-1024x645.jpg\" alt=\"\" width=\"549\" height=\"346\" srcset=\"https:\/\/www.ruderclub-salzburg.at\/wordpress\/wp-content\/uploads\/2019\/09\/ablegen1-1024x645.jpg 1024w, https:\/\/www.ruderclub-salzburg.at\/wordpress\/wp-content\/uploads\/2019\/09\/ablegen1-300x189.jpg 300w, https:\/\/www.ruderclub-salzburg.at\/wordpress\/wp-content\/uploads\/2019\/09\/ablegen1-768x484.jpg 768w\" sizes=\"auto, (max-width: 549px) 100vw, 549px\" \/><p id=\"caption-attachment-520\" class=\"wp-caption-text\">Um 10 Uhr wurde vom Steg des RV Wiking in Seeboden abgelegt<\/p><\/div>\r\n<p>Bei noch etwas k\u00fchlen Temperaturen, aber bei strahlendem Sonnenschein starteten wir in Richtung des anderen Ende des Millst\u00e4tter Sees.\u00a0Wir hatten einen sehr gut eingestellten und ebenso laufenden 5er zu Verf\u00fcgung gestellt bekommen. In Verbindung mit den leichten Rudern wurde die Fahrt zu einem reinen Vergn\u00fcgen. Auf halber Strecke packte Peter wieder einmal den (gek\u00fchlten!) Sekt aus, um mit den Neulingen auf diesem Gew\u00e4sser anzusto\u00dfen.\u00a0<\/p>\r\n<div id=\"attachment_521\" style=\"width: 561px\" class=\"wp-caption alignright\"><img loading=\"lazy\" decoding=\"async\" aria-describedby=\"caption-attachment-521\" class=\"wp-image-521\" src=\"https:\/\/www.ruderclub-salzburg.at\/wordpress\/wp-content\/uploads\/2019\/09\/ablegen2-1024x693.jpg\" alt=\"\" width=\"551\" height=\"373\" srcset=\"https:\/\/www.ruderclub-salzburg.at\/wordpress\/wp-content\/uploads\/2019\/09\/ablegen2-1024x693.jpg 1024w, https:\/\/www.ruderclub-salzburg.at\/wordpress\/wp-content\/uploads\/2019\/09\/ablegen2-300x203.jpg 300w, https:\/\/www.ruderclub-salzburg.at\/wordpress\/wp-content\/uploads\/2019\/09\/ablegen2-768x520.jpg 768w\" sizes=\"auto, (max-width: 551px) 100vw, 551px\" \/><p id=\"caption-attachment-521\" class=\"wp-caption-text\">Ablegen zur R\u00fcckfahrt<\/p><\/div>\r\n<p>Ein Blick in die Runde zeigte uns, welch Gl\u00fcck wir mit dem Wetter, den Bedingungen und der beeindruckenden Landschaft hatten. Johanna und Hartmut haben die &#8222;Landbegleitung&#8220; \u00fcbernommen. Daher hatte Johanna schon am Zielpunkt in D\u00f6briach nach ca. 13 Ruderkilometer ein Lokal f\u00fcr das Mittagessen ausfindig gemacht. Sie \u00fcbernahm dann auch Hartmuts Position auf der &#8222;Zwei&#8220;.\u00a0<\/p>\r\n<p>Mit leichtem R\u00fcckenwind und alle gut auf Zug wurde recht flott Seeboden wieder erreicht. Nach Versorgung des Bootes machten wir uns auf zur n\u00e4chsten Station: Hotel Lipeter am Weissensee. An dieser Stelle sei dem <strong>Ruderverein Wiking Spittal<\/strong> ganz herzlich f\u00fcr die freundliche Aufnahme und f\u00fcr die Ausleihe der &#8222;Wiking III&#8220; , mit der wir wirklich Freude hatten, gedankt.\u00a0<\/p>\r\n<p>Nach einem ordentlichen Aperitiv auf der Terasse mit Blick auf den Weissensee, wurden wir mit einem 4-Gang Men\u00fc der Chefin verw\u00f6hnt. F\u00fcr den n\u00e4chsten Tag war eine kleine Bergtour geplant.<img loading=\"lazy\" decoding=\"async\" class=\"wp-image-537 alignright\" src=\"https:\/\/www.ruderclub-salzburg.at\/wordpress\/wp-content\/uploads\/2019\/09\/Liepeter1-1024x758.jpg\" alt=\"\" width=\"463\" height=\"343\" srcset=\"https:\/\/www.ruderclub-salzburg.at\/wordpress\/wp-content\/uploads\/2019\/09\/Liepeter1-1024x758.jpg 1024w, https:\/\/www.ruderclub-salzburg.at\/wordpress\/wp-content\/uploads\/2019\/09\/Liepeter1-300x222.jpg 300w, https:\/\/www.ruderclub-salzburg.at\/wordpress\/wp-content\/uploads\/2019\/09\/Liepeter1-768x569.jpg 768w\" sizes=\"auto, (max-width: 463px) 100vw, 463px\" \/><\/p>\r\n<h4>2. Tag<\/h4>\r\n<p>Nach dem opulenten Fr\u00fchst\u00fcck wurden erst einmal die M\u00f6glichkeiten erkundet, ob vor Ort ein Rudercamp durchf\u00fchrbar w\u00e4re. Dann wurde aber einer der umliegenden Berge, der Golz (2004 m) in Angriff genommen. Die ersten 300 H\u00f6henmeter wurden mit Hilfe eines Sesselliftes \u00fcberwunden, dann kam aber echte Fu\u00dfarbeit. Eine Stunde zur Kohlr\u00f6slalm (1532), ohne Pause weiter auf den Golz, der doch einige anstrengende Steilstufen hat.\u00a0Umso gl\u00fccklicher und herzlicher war das &#8222;Berg Heil&#8220; unter dem Gipfelkreuz.<\/p>\r\n<div id=\"attachment_534\" style=\"width: 492px\" class=\"wp-caption alignleft\"><img loading=\"lazy\" decoding=\"async\" aria-describedby=\"caption-attachment-534\" class=\"wp-image-534\" src=\"https:\/\/www.ruderclub-salzburg.at\/wordpress\/wp-content\/uploads\/2019\/09\/Golz1-1024x576.jpg\" alt=\"\" width=\"482\" height=\"271\" srcset=\"https:\/\/www.ruderclub-salzburg.at\/wordpress\/wp-content\/uploads\/2019\/09\/Golz1-1024x576.jpg 1024w, https:\/\/www.ruderclub-salzburg.at\/wordpress\/wp-content\/uploads\/2019\/09\/Golz1-300x169.jpg 300w, https:\/\/www.ruderclub-salzburg.at\/wordpress\/wp-content\/uploads\/2019\/09\/Golz1-768x432.jpg 768w, https:\/\/www.ruderclub-salzburg.at\/wordpress\/wp-content\/uploads\/2019\/09\/Golz1-350x197.jpg 350w, https:\/\/www.ruderclub-salzburg.at\/wordpress\/wp-content\/uploads\/2019\/09\/Golz1-860x484.jpg 860w, https:\/\/www.ruderclub-salzburg.at\/wordpress\/wp-content\/uploads\/2019\/09\/Golz1.jpg 1599w\" sizes=\"auto, (max-width: 482px) 100vw, 482px\" \/><p id=\"caption-attachment-534\" class=\"wp-caption-text\">Am Gipfelkreuz des Golz<\/p><\/div>\r\n<p>&nbsp;<\/p>\r\n<p><img loading=\"lazy\" decoding=\"async\" class=\"wp-image-536 alignright\" src=\"https:\/\/www.ruderclub-salzburg.at\/wordpress\/wp-content\/uploads\/2019\/09\/Laggleralm-1-1024x768.jpg\" alt=\"\" width=\"439\" height=\"329\" srcset=\"https:\/\/www.ruderclub-salzburg.at\/wordpress\/wp-content\/uploads\/2019\/09\/Laggleralm-1-1024x768.jpg 1024w, https:\/\/www.ruderclub-salzburg.at\/wordpress\/wp-content\/uploads\/2019\/09\/Laggleralm-1-300x225.jpg 300w, https:\/\/www.ruderclub-salzburg.at\/wordpress\/wp-content\/uploads\/2019\/09\/Laggleralm-1-768x576.jpg 768w\" sizes=\"auto, (max-width: 439px) 100vw, 439px\" \/>Nach einer kurzen Rast machten wir uns an den Abstieg bis zur Naggler-Alm, die kurz vor der Bergstation des Liftes gelegen ist. Dort wurde Durst und Hunger gestillt , die Aussicht genossen und weiter Pl\u00e4ne geschmiedet.<br \/>Nach der problemlosen Talfahrt mit dem Lift, kehrte noch ein Teil bei Lipeter ein. Die besonders Harten gingen noch eine Runde im See schwimmen, der immerhin noch warme 18\u00b0 hatte&#8230;. So ging ein Bilderbuch-Wochenende f\u00fcr wandernde Ruderer zu Ende.<\/p>\r\n<p>Besonderer Dank gilt Peter f\u00fcr die Gesamtorganisation und Johanna f\u00fcr die Quartier- und Bergtour-Auswahl.<\/p>\r\n<p>&nbsp;<\/p>\r\n","protected":false},"excerpt":{"rendered":"<p>21.-22. September 2019 Ziel der herbstlichen Wanderfahrt war diesmal der Millst\u00e4tter See und der Weissensee. Am Millst\u00e4tter See wurde gerudert und beim Weissensee gewandert. Gleichzeitig wurden die M\u00f6glichkeiten, auch am Weissensee eine Wanderfahrt oder ein Rudercamp durchzuf\u00fchren, erkundet. Dies alles unter der bew\u00e4hrten Leitung und Organisation von Peter. Bei noch etwas k\u00fchlen Temperaturen, aber bei <a class=\"more-link\" href=\"https:\/\/www.ruderclub-salzburg.at\/wordpress\/rudern-und-bergwandern-in-kaernten\/\">weiterlesen&#8230;<\/a><\/p>\n","protected":false},"author":2,"featured_media":525,"parent":0,"menu_order":0,"comment_status":"closed","ping_status":"closed","template":"","meta":{"footnotes":""},"class_list":["post-519","page","type-page","status-publish","has-post-thumbnail","hentry"],"_links":{"self":[{"href":"https:\/\/www.ruderclub-salzburg.at\/wordpress\/wp-json\/wp\/v2\/pages\/519","targetHints":{"allow":["GET"]}}],"collection":[{"href":"https:\/\/www.ruderclub-salzburg.at\/wordpress\/wp-json\/wp\/v2\/pages"}],"about":[{"href":"https:\/\/www.ruderclub-salzburg.at\/wordpress\/wp-json\/wp\/v2\/types\/page"}],"author":[{"embeddable":true,"href":"https:\/\/www.ruderclub-salzburg.at\/wordpress\/wp-json\/wp\/v2\/users\/2"}],"replies":[{"embeddable":true,"href":"https:\/\/www.ruderclub-salzburg.at\/wordpress\/wp-json\/wp\/v2\/comments?post=519"}],"version-history":[{"count":18,"href":"https:\/\/www.ruderclub-salzburg.at\/wordpress\/wp-json\/wp\/v2\/pages\/519\/revisions"}],"predecessor-version":[{"id":552,"href":"https:\/\/www.ruderclub-salzburg.at\/wordpress\/wp-json\/wp\/v2\/pages\/519\/revisions\/552"}],"wp:featuredmedia":[{"embeddable":true,"href":"https:\/\/www.ruderclub-salzburg.at\/wordpress\/wp-json\/wp\/v2\/media\/525"}],"wp:attachment":[{"href":"https:\/\/www.ruderclub-salzburg.at\/wordpress\/wp-json\/wp\/v2\/media?parent=519"}],"curies":[{"name":"wp","href":"https:\/\/api.w.org\/{rel}","templated":true}]}}