{"id":556,"date":"2019-12-06T15:39:11","date_gmt":"2019-12-06T14:39:11","guid":{"rendered":"http:\/\/www.ruderclub-salzburg.at\/wordpress\/?p=556"},"modified":"2020-07-23T20:54:15","modified_gmt":"2020-07-23T18:54:15","slug":"abrudern-2019","status":"publish","type":"page","link":"https:\/\/www.ruderclub-salzburg.at\/wordpress\/abrudern-2019\/","title":{"rendered":"Abrudern 2019"},"content":{"rendered":"<h2>Mit dem Wettergott auf &#8222;Du&#8220;<\/h2>\n<h5><img loading=\"lazy\" decoding=\"async\" class=\"alignnone wp-image-574 \" src=\"https:\/\/www.ruderclub-salzburg.at\/wordpress\/wp-content\/uploads\/2019\/12\/ViererHorst1-e1575725372763-1024x352.jpg\" alt=\"\" width=\"918\" height=\"316\" srcset=\"https:\/\/www.ruderclub-salzburg.at\/wordpress\/wp-content\/uploads\/2019\/12\/ViererHorst1-e1575725372763-1024x352.jpg 1024w, https:\/\/www.ruderclub-salzburg.at\/wordpress\/wp-content\/uploads\/2019\/12\/ViererHorst1-e1575725372763-300x103.jpg 300w, https:\/\/www.ruderclub-salzburg.at\/wordpress\/wp-content\/uploads\/2019\/12\/ViererHorst1-e1575725372763-768x264.jpg 768w, https:\/\/www.ruderclub-salzburg.at\/wordpress\/wp-content\/uploads\/2019\/12\/ViererHorst1-e1575725372763.jpg 1509w\" sizes=\"auto, (max-width: 918px) 100vw, 918px\" \/>Sowohl am Wasser, als auch bei der Man\u00f6verbesprechung ein gelungener Saisonabschluss<\/h5>\n<p>Die Verschiebung des Abruderns auf den 23.11.1019 war ein Geniestreich und ein riesen Gl\u00fcck. Bei pr\u00e4chtigem Sonnenschein und mit\u00a0 &#8211; f\u00fcr das Datum &#8211; angenehmen Temperaturen, sah man schon um neun Uhr emsiges M\u00e4hen, Saubermachen und M\u00fcllbeseitigen beim Bootszelt.<br \/>\nAnziehungspunkt war nat\u00fcrlich auch der eben eingetroffene neue &#8222;Dreier&#8220;, der gr\u00fcndlich begutachtet wurde.<br \/>\nNach getaner Arbeit wurden die Boote zu Wasser gelassen. Zwei Vierer und der neue Dreier (besetzt mit Peter, Herbert und Eugen), fuhren bei wenig Wind und insgesamt tollen Verh\u00e4ltnissen los. Wer das Gl\u00fcck hatte, mit Heinz im Boot zu sitzen, bekam noch bei der letzten(?) Fahrt des Jahres wertvolle Tips f\u00fcr seine Rudertechnik.<\/p>\n<p>Nachdem Boote und Ruder gereinigt und versorgt waren, ging es zur Man\u00f6verbesprechung zum &#8222;Da Francesco&#8220;. In angenehmer Athmosph\u00e4re wurde R\u00fcckblick und Vorschau gehalten. Interessant auch der Bericht von der &#8222;Erstfahrt&#8220; mit dem neuen Dreier, dem ausgezeichnete Laufeigenschaften attestiert wurden.<br \/>\nDie neue Saison 2020 wird schon erwartet!!<\/p>\n<style type=\"text\/css\" scoped>.rbs_gallery_69e5c2803bbb4Spinner{\r\n\t\t\t\tmargin: 50px auto;\r\n\t\t\t\twidth: 50px;\r\n\t\t\t\theight: 40px;\r\n\t\t\t\ttext-align: center;\r\n\t\t\t\tfont-size: 10px;\r\n\t\t\t}\r\n\t\t\t.rbs_gallery_69e5c2803bbb4Spinner > div{\r\n\t\t\t  background-color: #333;\r\n\t\t\t  height: 100%;\r\n\t\t\t  width: 6px;\r\n\t\t\t  display: inline-block;\r\n\t\t\t  -webkit-animation: rbs_gallery_69e5c2803bbb4-stretchdelay 1.2s infinite ease-in-out;\r\n\t\t\t  animation: rbs_gallery_69e5c2803bbb4-stretchdelay 1.2s infinite ease-in-out;\r\n\t\t\t}\r\n\t\t\t.rbs_gallery_69e5c2803bbb4Spinner .rbs_gallery_69e5c2803bbb4Rect2 {\r\n\t\t\t  -webkit-animation-delay: -1.1s;\r\n\t\t\t  animation-delay: -1.1s;\r\n\t\t\t}\r\n\t\t\t.rbs_gallery_69e5c2803bbb4Spinner .rbs_gallery_69e5c2803bbb4Rect3 {\r\n\t\t\t  -webkit-animation-delay: -1.0s;\r\n\t\t\t  animation-delay: -1.0s;\r\n\t\t\t}\r\n\t\t\t.rbs_gallery_69e5c2803bbb4Spinner .rbs_gallery_69e5c2803bbb4Rect4 {\r\n\t\t\t  -webkit-animation-delay: -0.9s;\r\n\t\t\t  animation-delay: -0.9s;\r\n\t\t\t}\r\n\t\t\t.rbs_gallery_69e5c2803bbb4Spinner .rbs_gallery_69e5c2803bbb4Rect5 {\r\n\t\t\t  -webkit-animation-delay: -0.8s;\r\n\t\t\t  animation-delay: -0.8s;\r\n\t\t\t}\r\n\t\t\t@-webkit-keyframes rbs_gallery_69e5c2803bbb4-stretchdelay {\r\n\t\t\t  0%, 40%, 100% { -webkit-transform: scaleY(0.4) }  \r\n\t\t\t  20% { -webkit-transform: scaleY(1.0) }\r\n\t\t\t}\r\n\t\t\t@keyframes rbs_gallery_69e5c2803bbb4-stretchdelay {\r\n\t\t\t  0%, 40%, 100% { \r\n\t\t\t    transform: scaleY(0.4);\r\n\t\t\t    -webkit-transform: scaleY(0.4);\r\n\t\t\t  }  20% { \r\n\t\t\t    transform: scaleY(1.0);\r\n\t\t\t    -webkit-transform: scaleY(1.0);\r\n\t\t\t  }\r\n\t\t\t}\r\n\t\t<\/style><div class=\"robo-gallery-wrap robo-gallery-wrap-id576 robo-gallery-\" ><div id=\"rbs_gallery_69e5c2803bbb4-block-loader\" class=\"rbs_gallery_69e5c2803bbb4Spinner\"><div class=\"rbs_gallery_69e5c2803bbb4Rect1\"><\/div> <div class=\"rbs_gallery_69e5c2803bbb4Rect2\"><\/div> <div class=\"rbs_gallery_69e5c2803bbb4Rect3\"><\/div> <div class=\"rbs_gallery_69e5c2803bbb4Rect4\"><\/div> <div class=\"rbs_gallery_69e5c2803bbb4Rect5\"><\/div><\/div><div class=\"rbs_gallery_button  rbs_gallery_align_left\" id=\"rbs_gallery_69e5c2803bbb4filter\" style=\" display: none;\" ><\/div><div id=\"robo_gallery_main_block_rbs_gallery_69e5c2803bbb4\" class=\"robogallery-gallery-576\" style=\"width:100%;margin:0 auto;  display: none;\"><div id=\"rbs_gallery_69e5c2803bbb4\" data-options=\"rbs_gallery_69e5c2803bbb4\" style=\"width:100%;\" class=\"robo_gallery  \"><div class=\"rbs-img  category576 \" ><div class=\"rbs-img-image   rbs-lightbox \" ><div class=\"rbs-img-thumbs\"  data-thumbnail=\"https:\/\/www.ruderclub-salzburg.at\/wordpress\/wp-content\/uploads\/2019\/12\/Dreier1-1024x768.jpg\"  title=\"Dreier1\"  data-width=\"780\"  data-height=\"585\" ><\/div><div class=\"rbs-img-data-popup\"  data-popup=\"https:\/\/www.ruderclub-salzburg.at\/wordpress\/wp-content\/uploads\/2019\/12\/Dreier1.jpg\"  title=\"Dreier1\" ><\/div><div class=\"thumbnail-overlay\"><div class=\"rbsTitle \">Dreier1<\/div><div class=\"rbsIcons\"><i class=\"fa fa-search-plus rbsZoomIcon \" ><\/i><\/div><\/div><\/div><\/div><div class=\"rbs-img  category576 \" ><div class=\"rbs-img-image   rbs-lightbox \" ><div class=\"rbs-img-thumbs\"  data-thumbnail=\"https:\/\/www.ruderclub-salzburg.at\/wordpress\/wp-content\/uploads\/2019\/12\/Steg2-1024x768.jpg\"  title=\"Steg2\"  data-width=\"780\"  data-height=\"585\" ><\/div><div class=\"rbs-img-data-popup\"  data-popup=\"https:\/\/www.ruderclub-salzburg.at\/wordpress\/wp-content\/uploads\/2019\/12\/Steg2.jpg\"  title=\"Steg2\" ><\/div><div class=\"thumbnail-overlay\"><div class=\"rbsTitle \">Steg2<\/div><div class=\"rbsIcons\"><i class=\"fa fa-search-plus rbsZoomIcon \" ><\/i><\/div><\/div><\/div><\/div><div class=\"rbs-img  category576 \" ><div class=\"rbs-img-image   rbs-lightbox \" ><div class=\"rbs-img-thumbs\"  data-thumbnail=\"https:\/\/www.ruderclub-salzburg.at\/wordpress\/wp-content\/uploads\/2019\/12\/Steg1-1024x768.jpg\"  title=\"Steg1\"  data-width=\"780\"  data-height=\"585\" ><\/div><div class=\"rbs-img-data-popup\"  data-popup=\"https:\/\/www.ruderclub-salzburg.at\/wordpress\/wp-content\/uploads\/2019\/12\/Steg1.jpg\"  title=\"Steg1\" ><\/div><div class=\"thumbnail-overlay\"><div class=\"rbsTitle \">Steg1<\/div><div class=\"rbsIcons\"><i class=\"fa fa-search-plus rbsZoomIcon \" ><\/i><\/div><\/div><\/div><\/div><div class=\"rbs-img  category576 \" ><div class=\"rbs-img-image   rbs-lightbox \" ><div class=\"rbs-img-thumbs\"  data-thumbnail=\"https:\/\/www.ruderclub-salzburg.at\/wordpress\/wp-content\/uploads\/2019\/12\/ABBr\u00fccke-1024x768.jpg\"  title=\"ABBr\u00fccke\"  data-width=\"780\"  data-height=\"585\" ><\/div><div class=\"rbs-img-data-popup\"  data-popup=\"https:\/\/www.ruderclub-salzburg.at\/wordpress\/wp-content\/uploads\/2019\/12\/ABBr\u00fccke.jpg\"  title=\"ABBr\u00fccke\" ><\/div><div class=\"thumbnail-overlay\"><div class=\"rbsTitle \">ABBr\u00fccke<\/div><div class=\"rbsIcons\"><i class=\"fa fa-search-plus rbsZoomIcon \" ><\/i><\/div><\/div><\/div><\/div><div class=\"rbs-img  category576 \" ><div class=\"rbs-img-image   rbs-lightbox \" ><div class=\"rbs-img-thumbs\"  data-thumbnail=\"https:\/\/www.ruderclub-salzburg.at\/wordpress\/wp-content\/uploads\/2019\/12\/Salzach5-1024x768.jpg\"  title=\"Salzach5\"  data-width=\"780\"  data-height=\"585\" ><\/div><div class=\"rbs-img-data-popup\"  data-popup=\"https:\/\/www.ruderclub-salzburg.at\/wordpress\/wp-content\/uploads\/2019\/12\/Salzach5.jpg\"  title=\"Salzach5\" ><\/div><div class=\"thumbnail-overlay\"><div class=\"rbsTitle \">Salzach5<\/div><div class=\"rbsIcons\"><i class=\"fa fa-search-plus rbsZoomIcon \" ><\/i><\/div><\/div><\/div><\/div><div class=\"rbs-img  category576 \" ><div class=\"rbs-img-image   rbs-lightbox \" ><div class=\"rbs-img-thumbs\"  data-thumbnail=\"https:\/\/www.ruderclub-salzburg.at\/wordpress\/wp-content\/uploads\/2019\/12\/Salzach4-1024x768.jpg\"  title=\"Salzach4\"  data-width=\"780\"  data-height=\"585\" ><\/div><div class=\"rbs-img-data-popup\"  data-popup=\"https:\/\/www.ruderclub-salzburg.at\/wordpress\/wp-content\/uploads\/2019\/12\/Salzach4.jpg\"  title=\"Salzach4\" ><\/div><div class=\"thumbnail-overlay\"><div class=\"rbsTitle \">Salzach4<\/div><div class=\"rbsIcons\"><i class=\"fa fa-search-plus rbsZoomIcon \" ><\/i><\/div><\/div><\/div><\/div><div class=\"rbs-img  category576 \" ><div class=\"rbs-img-image   rbs-lightbox \" ><div class=\"rbs-img-thumbs\"  data-thumbnail=\"https:\/\/www.ruderclub-salzburg.at\/wordpress\/wp-content\/uploads\/2019\/12\/Salzach3-1024x768.jpg\"  title=\"Salzach3\"  data-width=\"780\"  data-height=\"585\" ><\/div><div class=\"rbs-img-data-popup\"  data-popup=\"https:\/\/www.ruderclub-salzburg.at\/wordpress\/wp-content\/uploads\/2019\/12\/Salzach3.jpg\"  title=\"Salzach3\" ><\/div><div class=\"thumbnail-overlay\"><div class=\"rbsTitle \">Salzach3<\/div><div class=\"rbsIcons\"><i class=\"fa fa-search-plus rbsZoomIcon \" ><\/i><\/div><\/div><\/div><\/div><div class=\"rbs-img  category576 \" ><div class=\"rbs-img-image   rbs-lightbox \" ><div class=\"rbs-img-thumbs\"  data-thumbnail=\"https:\/\/www.ruderclub-salzburg.at\/wordpress\/wp-content\/uploads\/2019\/12\/DreierSalz-1024x728.jpg\"  title=\"DreierSalz\"  data-width=\"780\"  data-height=\"555\" ><\/div><div class=\"rbs-img-data-popup\"  data-popup=\"https:\/\/www.ruderclub-salzburg.at\/wordpress\/wp-content\/uploads\/2019\/12\/DreierSalz.jpg\"  title=\"DreierSalz\" ><\/div><div class=\"thumbnail-overlay\"><div class=\"rbsTitle \">DreierSalz<\/div><div class=\"rbsIcons\"><i class=\"fa fa-search-plus rbsZoomIcon \" ><\/i><\/div><\/div><\/div><\/div><div class=\"rbs-img  category576 \" ><div class=\"rbs-img-image   rbs-lightbox \" ><div class=\"rbs-img-thumbs\"  data-thumbnail=\"https:\/\/www.ruderclub-salzburg.at\/wordpress\/wp-content\/uploads\/2019\/12\/Salzach2-1024x768.jpg\"  title=\"Salzach2\"  data-width=\"780\"  data-height=\"585\" ><\/div><div class=\"rbs-img-data-popup\"  data-popup=\"https:\/\/www.ruderclub-salzburg.at\/wordpress\/wp-content\/uploads\/2019\/12\/Salzach2.jpg\"  title=\"Salzach2\" ><\/div><div class=\"thumbnail-overlay\"><div class=\"rbsTitle \">Salzach2<\/div><div class=\"rbsIcons\"><i class=\"fa fa-search-plus rbsZoomIcon \" ><\/i><\/div><\/div><\/div><\/div><div class=\"rbs-img  category576 \" ><div class=\"rbs-img-image   rbs-lightbox \" ><div class=\"rbs-img-thumbs\"  data-thumbnail=\"https:\/\/www.ruderclub-salzburg.at\/wordpress\/wp-content\/uploads\/2019\/12\/ViererHorst1-e1575725372763-1024x352.jpg\"  title=\"ViererHorst1\"  data-width=\"780\"  data-height=\"268\" ><\/div><div class=\"rbs-img-data-popup\"  data-popup=\"https:\/\/www.ruderclub-salzburg.at\/wordpress\/wp-content\/uploads\/2019\/12\/ViererHorst1-e1575725372763.jpg\"  title=\"ViererHorst1\" ><\/div><div class=\"thumbnail-overlay\"><div class=\"rbsTitle \">ViererHorst1<\/div><div class=\"rbsIcons\"><i class=\"fa fa-search-plus rbsZoomIcon \" ><\/i><\/div><\/div><\/div><\/div><div class=\"rbs-img  category576 \" ><div class=\"rbs-img-image   rbs-lightbox \" ><div class=\"rbs-img-thumbs\"  data-thumbnail=\"https:\/\/www.ruderclub-salzburg.at\/wordpress\/wp-content\/uploads\/2019\/12\/Salzach1-1024x768.jpg\"  title=\"Salzach1\"  data-width=\"780\"  data-height=\"585\" ><\/div><div class=\"rbs-img-data-popup\"  data-popup=\"https:\/\/www.ruderclub-salzburg.at\/wordpress\/wp-content\/uploads\/2019\/12\/Salzach1.jpg\"  title=\"Salzach1\" ><\/div><div class=\"thumbnail-overlay\"><div class=\"rbsTitle \">Salzach1<\/div><div class=\"rbsIcons\"><i class=\"fa fa-search-plus rbsZoomIcon \" ><\/i><\/div><\/div><\/div><\/div><div class=\"rbs-img  category576 \" ><div class=\"rbs-img-image   rbs-lightbox \" ><div class=\"rbs-img-thumbs\"  data-thumbnail=\"https:\/\/www.ruderclub-salzburg.at\/wordpress\/wp-content\/uploads\/2019\/12\/Man\u00f6verbier1-1024x768.jpg\"  title=\"Man\u00f6verbier1\"  data-width=\"780\"  data-height=\"585\" ><\/div><div class=\"rbs-img-data-popup\"  data-popup=\"https:\/\/www.ruderclub-salzburg.at\/wordpress\/wp-content\/uploads\/2019\/12\/Man\u00f6verbier1.jpg\"  title=\"Man\u00f6verbier1\" ><\/div><div class=\"thumbnail-overlay\"><div class=\"rbsTitle \">Man\u00f6verbier1<\/div><div class=\"rbsIcons\"><i class=\"fa fa-search-plus rbsZoomIcon \" ><\/i><\/div><\/div><\/div><\/div><div class=\"rbs-img  category576 \" ><div class=\"rbs-img-image   rbs-lightbox \" ><div class=\"rbs-img-thumbs\"  data-thumbnail=\"https:\/\/www.ruderclub-salzburg.at\/wordpress\/wp-content\/uploads\/2019\/12\/Man\u00f6verbier2-1024x768.jpg\"  title=\"Man\u00f6verbier2\"  data-width=\"780\"  data-height=\"585\" ><\/div><div class=\"rbs-img-data-popup\"  data-popup=\"https:\/\/www.ruderclub-salzburg.at\/wordpress\/wp-content\/uploads\/2019\/12\/Man\u00f6verbier2.jpg\"  title=\"Man\u00f6verbier2\" ><\/div><div class=\"thumbnail-overlay\"><div class=\"rbsTitle \">Man\u00f6verbier2<\/div><div class=\"rbsIcons\"><i class=\"fa fa-search-plus rbsZoomIcon \" ><\/i><\/div><\/div><\/div><\/div><\/div><\/div><\/div><script>var rbs_gallery_69e5c2803bbb4 = {\"version\":\"5.1.4\",\"id\":576,\"class\":\"id576\",\"roboGalleryDelay\":1000,\"mainContainer\":\"#robo_gallery_main_block_rbs_gallery_69e5c2803bbb4\",\"loadingContainer\":\"#rbs_gallery_69e5c2803bbb4-block-loader\",\"loadingContainerObj\":\"rbs_gallery_69e5c2803bbb4-block-loader\",\"columnWidth\":\"auto\",\"columns\":3,\"resolutions\":[{\"columnWidth\":\"auto\",\"columns\":3,\"maxWidth\":960},{\"columnWidth\":\"auto\",\"columns\":2,\"maxWidth\":650},{\"columnWidth\":\"auto\",\"columns\":1,\"maxWidth\":450}],\"lightboxOptions\":{\"gallery\":{\"enabled\":true,\"tCounter\":\"%curr% of %total%\"}},\"overlayEffect\":\"direction-aware-fade\",\"boxesToLoadStart\":12,\"boxesToLoad\":8,\"waitUntilThumbLoads\":1,\"LoadingWord\":\"Loading...\",\"loadMoreWord\":\"Load More\",\"noMoreEntriesWord\":\"No More Entries\",\"horizontalSpaceBetweenBoxes\":15,\"verticalSpaceBetweenBoxes\":15,\"lazyLoad\":1,\"wrapContainer\":\"#robo-gallery-wrap-rbs_gallery_69e5c2803bbb4\",\"filterContainer\":\"#rbs_gallery_69e5c2803bbb4filter\",\"loadMoreClass\":\"button-flat-primary button-large \"};<\/script>\n<p>&nbsp;<\/p>\n","protected":false},"excerpt":{"rendered":"<p>Mit dem Wettergott auf &#8222;Du&#8220; Sowohl am Wasser, als auch bei der Man\u00f6verbesprechung ein gelungener Saisonabschluss Die Verschiebung des Abruderns auf den 23.11.1019 war ein Geniestreich und ein riesen Gl\u00fcck. Bei pr\u00e4chtigem Sonnenschein und mit\u00a0 &#8211; f\u00fcr das Datum &#8211; angenehmen Temperaturen, sah man schon um neun Uhr emsiges M\u00e4hen, Saubermachen und M\u00fcllbeseitigen beim Bootszelt. <a class=\"more-link\" href=\"https:\/\/www.ruderclub-salzburg.at\/wordpress\/abrudern-2019\/\">weiterlesen&#8230;<\/a><\/p>\n","protected":false},"author":2,"featured_media":574,"parent":0,"menu_order":0,"comment_status":"closed","ping_status":"closed","template":"","meta":{"footnotes":""},"class_list":["post-556","page","type-page","status-publish","has-post-thumbnail","hentry"],"_links":{"self":[{"href":"https:\/\/www.ruderclub-salzburg.at\/wordpress\/wp-json\/wp\/v2\/pages\/556","targetHints":{"allow":["GET"]}}],"collection":[{"href":"https:\/\/www.ruderclub-salzburg.at\/wordpress\/wp-json\/wp\/v2\/pages"}],"about":[{"href":"https:\/\/www.ruderclub-salzburg.at\/wordpress\/wp-json\/wp\/v2\/types\/page"}],"author":[{"embeddable":true,"href":"https:\/\/www.ruderclub-salzburg.at\/wordpress\/wp-json\/wp\/v2\/users\/2"}],"replies":[{"embeddable":true,"href":"https:\/\/www.ruderclub-salzburg.at\/wordpress\/wp-json\/wp\/v2\/comments?post=556"}],"version-history":[{"count":9,"href":"https:\/\/www.ruderclub-salzburg.at\/wordpress\/wp-json\/wp\/v2\/pages\/556\/revisions"}],"predecessor-version":[{"id":581,"href":"https:\/\/www.ruderclub-salzburg.at\/wordpress\/wp-json\/wp\/v2\/pages\/556\/revisions\/581"}],"wp:featuredmedia":[{"embeddable":true,"href":"https:\/\/www.ruderclub-salzburg.at\/wordpress\/wp-json\/wp\/v2\/media\/574"}],"wp:attachment":[{"href":"https:\/\/www.ruderclub-salzburg.at\/wordpress\/wp-json\/wp\/v2\/media?parent=556"}],"curies":[{"name":"wp","href":"https:\/\/api.w.org\/{rel}","templated":true}]}}