{"id":587,"date":"2020-07-22T10:16:54","date_gmt":"2020-07-22T08:16:54","guid":{"rendered":"http:\/\/www.ruderclub-salzburg.at\/wordpress\/?p=587"},"modified":"2021-09-01T09:49:18","modified_gmt":"2021-09-01T07:49:18","slug":"ruderzelt-platzpflege","status":"publish","type":"page","link":"https:\/\/www.ruderclub-salzburg.at\/wordpress\/ruderzelt-platzpflege\/","title":{"rendered":"Ruderzelt-Platzpflege"},"content":{"rendered":"<h3>S\u00e4ubern und R\u00e4umen am 17. Juli 2020<\/h3>\n<p>Geplant war eigentlich die Umgebung des Ruderzeltes wieder auf Vordermann zu bringen und ein wenig Ordnung bei den Ger\u00e4tschaften zu schaffen. Mit Eugen, Hartwig, Volker und Hartmut wurde auch das Vorhaben in Angriff genommen. Heinz sollte dann sp\u00e4ter zur Bootswartung und -reparatur dazusto\u00dfen.<\/p>\n<p>So wurde flei\u00dfig mit Eugens Ger\u00e4tschaften und unter seiner &#8222;Oberspielleitung&#8220; gem\u00e4ht, gr\u00fcner Wildwuchs ausgerissen und die Bootwracks hinausgeschafft. Dort machte sich Eugen mit der Motors\u00e4ge daran, transportable St\u00fccke zu schaffen.<\/p>\n<p><img loading=\"lazy\" decoding=\"async\" class=\"wp-image-589 aligncenter\" src=\"https:\/\/www.ruderclub-salzburg.at\/wordpress\/wp-content\/uploads\/2020\/07\/eugen1-1024x768.jpg\" alt=\"\" width=\"581\" height=\"436\" srcset=\"https:\/\/www.ruderclub-salzburg.at\/wordpress\/wp-content\/uploads\/2020\/07\/eugen1-1024x768.jpg 1024w, https:\/\/www.ruderclub-salzburg.at\/wordpress\/wp-content\/uploads\/2020\/07\/eugen1-300x225.jpg 300w, https:\/\/www.ruderclub-salzburg.at\/wordpress\/wp-content\/uploads\/2020\/07\/eugen1-768x576.jpg 768w, https:\/\/www.ruderclub-salzburg.at\/wordpress\/wp-content\/uploads\/2020\/07\/eugen1-1536x1152.jpg 1536w, https:\/\/www.ruderclub-salzburg.at\/wordpress\/wp-content\/uploads\/2020\/07\/eugen1.jpg 1600w\" sizes=\"auto, (max-width: 581px) 100vw, 581px\" \/><\/p>\n<p>Mit welchem Einsatz auch die Helfer wie Hartwig bei der Sache waren, zeigt das folgende Video:<\/p>\n<div style=\"width: 780px;\" class=\"wp-video\"><video class=\"wp-video-shortcode\" id=\"video-587-1\" width=\"780\" height=\"439\" preload=\"metadata\" controls=\"controls\"><source type=\"video\/mp4\" src=\"https:\/\/www.ruderclub-salzburg.at\/wordpress\/wp-content\/uploads\/2020\/07\/VID20200717170942.mp4?_=1\" \/><a href=\"https:\/\/www.ruderclub-salzburg.at\/wordpress\/wp-content\/uploads\/2020\/07\/VID20200717170942.mp4\">https:\/\/www.ruderclub-salzburg.at\/wordpress\/wp-content\/uploads\/2020\/07\/VID20200717170942.mp4<\/a><\/video><\/div>\n<p>Leider bremsten wolkenbruchartig einsetzende Regenf\u00e4lle die Aktivit\u00e4ten, auch an das angedachte Boote-Service konnte nicht mehr gedacht werden. Dennoch wurde weitergearbeitet, um zumindest das Umfeld des Bootszeltes wieder in einen ansehnlichen Zustand zu versetzen. Volker lie\u00df sich auch nicht abhalten im str\u00f6menden Regen weiter Stauden und Gr\u00e4ser aus dem Zeltbereich zu entfernen:<\/p>\n<p><img loading=\"lazy\" decoding=\"async\" class=\"wp-image-592 aligncenter\" src=\"https:\/\/www.ruderclub-salzburg.at\/wordpress\/wp-content\/uploads\/2020\/07\/Volker1be.jpg\" alt=\"\" width=\"393\" height=\"380\" srcset=\"https:\/\/www.ruderclub-salzburg.at\/wordpress\/wp-content\/uploads\/2020\/07\/Volker1be.jpg 887w, https:\/\/www.ruderclub-salzburg.at\/wordpress\/wp-content\/uploads\/2020\/07\/Volker1be-300x290.jpg 300w, https:\/\/www.ruderclub-salzburg.at\/wordpress\/wp-content\/uploads\/2020\/07\/Volker1be-768x743.jpg 768w\" sizes=\"auto, (max-width: 393px) 100vw, 393px\" \/><\/p>\n<p>Am Ende war das Ergebnis doch ein sauberer Platz in und um das Bootszelt f\u00fcr das geplante Anrudern am 21.07.20 .<br \/>\nDie Bootpflege musste jedoch auf sp\u00e4ter verschoben werden.<\/p>\n","protected":false},"excerpt":{"rendered":"<p>S\u00e4ubern und R\u00e4umen am 17. Juli 2020 Geplant war eigentlich die Umgebung des Ruderzeltes wieder auf Vordermann zu bringen und ein wenig Ordnung bei den Ger\u00e4tschaften zu schaffen. Mit Eugen, Hartwig, Volker und Hartmut wurde auch das Vorhaben in Angriff genommen. Heinz sollte dann sp\u00e4ter zur Bootswartung und -reparatur dazusto\u00dfen. So wurde flei\u00dfig mit Eugens <a class=\"more-link\" href=\"https:\/\/www.ruderclub-salzburg.at\/wordpress\/ruderzelt-platzpflege\/\">weiterlesen&#8230;<\/a><\/p>\n","protected":false},"author":2,"featured_media":0,"parent":0,"menu_order":0,"comment_status":"closed","ping_status":"closed","template":"","meta":{"footnotes":""},"class_list":["post-587","page","type-page","status-publish","hentry"],"_links":{"self":[{"href":"https:\/\/www.ruderclub-salzburg.at\/wordpress\/wp-json\/wp\/v2\/pages\/587","targetHints":{"allow":["GET"]}}],"collection":[{"href":"https:\/\/www.ruderclub-salzburg.at\/wordpress\/wp-json\/wp\/v2\/pages"}],"about":[{"href":"https:\/\/www.ruderclub-salzburg.at\/wordpress\/wp-json\/wp\/v2\/types\/page"}],"author":[{"embeddable":true,"href":"https:\/\/www.ruderclub-salzburg.at\/wordpress\/wp-json\/wp\/v2\/users\/2"}],"replies":[{"embeddable":true,"href":"https:\/\/www.ruderclub-salzburg.at\/wordpress\/wp-json\/wp\/v2\/comments?post=587"}],"version-history":[{"count":4,"href":"https:\/\/www.ruderclub-salzburg.at\/wordpress\/wp-json\/wp\/v2\/pages\/587\/revisions"}],"predecessor-version":[{"id":633,"href":"https:\/\/www.ruderclub-salzburg.at\/wordpress\/wp-json\/wp\/v2\/pages\/587\/revisions\/633"}],"wp:attachment":[{"href":"https:\/\/www.ruderclub-salzburg.at\/wordpress\/wp-json\/wp\/v2\/media?parent=587"}],"curies":[{"name":"wp","href":"https:\/\/api.w.org\/{rel}","templated":true}]}}