{"id":596,"date":"2020-07-23T10:27:43","date_gmt":"2020-07-23T08:27:43","guid":{"rendered":"http:\/\/www.ruderclub-salzburg.at\/wordpress\/?p=596"},"modified":"2021-09-01T09:49:07","modified_gmt":"2021-09-01T07:49:07","slug":"anrudern-und-grillen","status":"publish","type":"page","link":"https:\/\/www.ruderclub-salzburg.at\/wordpress\/anrudern-und-grillen\/","title":{"rendered":"Anrudern und Grillen"},"content":{"rendered":"<h3>21. Juni 2020 &#8211; turbulentes Anrudern &#8211; gem\u00fctliches Grillfest<\/h3>\n<p>Covid-bedingtes versp\u00e4tetes Anrudern am 21. Juni um 16 Uhr stand diesmal unter dem Zeichen zahlreicher Neumitglieder und Interessenten (Schnupperer). Schon eine Stunde davor wurde die &#8222;Rheingold&#8220; von Heinz und Eugen wieder einsatzbereit gemacht. Noch fr\u00fcher ab 15 Uhr begann Markus und Hartmut mit den Besorgungen und Vorbereitungen f\u00fcr das Grillen. Markus hatte zudem schon Salate und Kuchen fertig gemacht.<\/p>\n<p>Der Aufbau der Heurigengarnituren beim Bootszelt erfolgte noch unter dem Aspekt von Sonne und trockenem Wetter. Gleichzeitig wurde an der Rheingold gebohrt, geschraubt, eingestellt und geputzt.<img loading=\"lazy\" decoding=\"async\" class=\"wp-image-598 aligncenter\" src=\"https:\/\/www.ruderclub-salzburg.at\/wordpress\/wp-content\/uploads\/2020\/07\/IMG-20200722-WA0000-768x1024.jpg\" alt=\"\" width=\"362\" height=\"482\" srcset=\"https:\/\/www.ruderclub-salzburg.at\/wordpress\/wp-content\/uploads\/2020\/07\/IMG-20200722-WA0000-768x1024.jpg 768w, https:\/\/www.ruderclub-salzburg.at\/wordpress\/wp-content\/uploads\/2020\/07\/IMG-20200722-WA0000-225x300.jpg 225w, https:\/\/www.ruderclub-salzburg.at\/wordpress\/wp-content\/uploads\/2020\/07\/IMG-20200722-WA0000-1152x1536.jpg 1152w, https:\/\/www.ruderclub-salzburg.at\/wordpress\/wp-content\/uploads\/2020\/07\/IMG-20200722-WA0000.jpg 1200w\" sizes=\"auto, (max-width: 362px) 100vw, 362px\" \/><\/p>\n<p>Inzwischen trafen neben unseren &#8222;Altmitgliedern&#8220; etliche &#8222;Neulinge&#8220; ein. Alle mit erwartungsvollen Mienen&#8230;. Insgesamt waren dann 19 Personen in den Booten, davon 12 Neumitglieder und Interessenten sowie die drei &#8222;Landratten&#8220; Markus, Joe und Hartmut, die bei den Wasserungen halfen und die Grillerei vorbereiteten. Gerade rechtzeitig wurde die Rheingold fahrfertig. Die Einteilung in die Boote war eine echte Herausforderung f\u00fcr Herbert, Heinz und Johanna. Doch mit der Hilfe und der Zusammenarbeit mit den Stammmitgliedern kam ein Boot nach dem anderen ins Wasser. Heinz mit vier Anf\u00e4ngern im Boot, Hans mit Hartwig und drei Schnupperern in der Rheingold, Eugen mit Stefan und drei Schnupperdamen in der Berta und &#8222;Horst&#8220; wurde mit Herbert, Johanna, Veronika und Daria besetzt.<\/p>\n<p><img loading=\"lazy\" decoding=\"async\" class=\"wp-image-605 alignnone\" src=\"https:\/\/www.ruderclub-salzburg.at\/wordpress\/wp-content\/uploads\/2020\/07\/IMG-20200722-WA0007-1024x768.jpg\" alt=\"\" width=\"313\" height=\"235\" srcset=\"https:\/\/www.ruderclub-salzburg.at\/wordpress\/wp-content\/uploads\/2020\/07\/IMG-20200722-WA0007-1024x768.jpg 1024w, https:\/\/www.ruderclub-salzburg.at\/wordpress\/wp-content\/uploads\/2020\/07\/IMG-20200722-WA0007-300x225.jpg 300w, https:\/\/www.ruderclub-salzburg.at\/wordpress\/wp-content\/uploads\/2020\/07\/IMG-20200722-WA0007-768x576.jpg 768w, https:\/\/www.ruderclub-salzburg.at\/wordpress\/wp-content\/uploads\/2020\/07\/IMG-20200722-WA0007-1536x1152.jpg 1536w, https:\/\/www.ruderclub-salzburg.at\/wordpress\/wp-content\/uploads\/2020\/07\/IMG-20200722-WA0007.jpg 1600w\" sizes=\"auto, (max-width: 313px) 100vw, 313px\" \/> <img loading=\"lazy\" decoding=\"async\" class=\"wp-image-617 alignnone\" src=\"https:\/\/www.ruderclub-salzburg.at\/wordpress\/wp-content\/uploads\/2020\/07\/Wassern1-1024x768.jpg\" alt=\"\" width=\"313\" height=\"235\" srcset=\"https:\/\/www.ruderclub-salzburg.at\/wordpress\/wp-content\/uploads\/2020\/07\/Wassern1-1024x768.jpg 1024w, https:\/\/www.ruderclub-salzburg.at\/wordpress\/wp-content\/uploads\/2020\/07\/Wassern1-300x225.jpg 300w, https:\/\/www.ruderclub-salzburg.at\/wordpress\/wp-content\/uploads\/2020\/07\/Wassern1-768x576.jpg 768w, https:\/\/www.ruderclub-salzburg.at\/wordpress\/wp-content\/uploads\/2020\/07\/Wassern1-1536x1152.jpg 1536w, https:\/\/www.ruderclub-salzburg.at\/wordpress\/wp-content\/uploads\/2020\/07\/Wassern1.jpg 1600w\" sizes=\"auto, (max-width: 313px) 100vw, 313px\" \/><\/p>\n<p>Kaum waren die ersten Boote im Wasser, setzte ein heftiger Wolkenbruch ein. F\u00fcr unsere Neumitglieder eine richtige Taufe! Bei nachlassendem Regen wasserten die restlichen Boote. Dann aber wieder Gewitterregen, Donner und starker Wind! Die Feuertaufe war perfekt!<\/p>\n<p>Die Stimmung nach dem Gewitter mit \u00fcber der Salzach liegenden Nebelschwaden war auch beeindruckend:<\/p>\n<div style=\"width: 780px;\" class=\"wp-video\"><video class=\"wp-video-shortcode\" id=\"video-596-1\" width=\"780\" height=\"439\" preload=\"metadata\" controls=\"controls\"><source type=\"video\/mp4\" src=\"https:\/\/www.ruderclub-salzburg.at\/wordpress\/wp-content\/uploads\/2020\/07\/Video1a.mp4?_=1\" \/><a href=\"https:\/\/www.ruderclub-salzburg.at\/wordpress\/wp-content\/uploads\/2020\/07\/Video1a.mp4\">https:\/\/www.ruderclub-salzburg.at\/wordpress\/wp-content\/uploads\/2020\/07\/Video1a.mp4<\/a><\/video><\/div>\n<p>Auch die Anf\u00e4ngertruppe mit Heinz schlug sich wacker:<\/p>\n<div style=\"width: 780px;\" class=\"wp-video\"><video class=\"wp-video-shortcode\" id=\"video-596-2\" width=\"780\" height=\"439\" preload=\"metadata\" controls=\"controls\"><source type=\"video\/mp4\" src=\"https:\/\/www.ruderclub-salzburg.at\/wordpress\/wp-content\/uploads\/2020\/07\/video2.mp4?_=2\" \/><a href=\"https:\/\/www.ruderclub-salzburg.at\/wordpress\/wp-content\/uploads\/2020\/07\/video2.mp4\">https:\/\/www.ruderclub-salzburg.at\/wordpress\/wp-content\/uploads\/2020\/07\/video2.mp4<\/a><\/video><\/div>\n<p>Sicherheitshalber wurde von Markus, Joe, Hartmut sowie der inzwischen dazugesto\u00dfenen Barbara, Griller samt Zubeh\u00f6r und Sitzgarnituren unter die Autobahnbr\u00fccke gesiedelt. Man wollte nicht neuerlich vom Regen \u00fcberrascht werden. Nach und nach kamen die Boote wieder an Land, wurden versorgt und Markus konnte mit der Grillerei beginnen. (Hoch Markus! Deine Salate und Kuchen waren Spitze!) Auch der von Markus eingerichtete Naturk\u00fchlschrank bew\u00e4hrte sich pr\u00e4chtig.<\/p>\n<p><img loading=\"lazy\" decoding=\"async\" class=\"wp-image-616 aligncenter\" src=\"https:\/\/www.ruderclub-salzburg.at\/wordpress\/wp-content\/uploads\/2020\/07\/K\u00fchlschrank-1024x768.jpg\" alt=\"\" width=\"384\" height=\"288\" srcset=\"https:\/\/www.ruderclub-salzburg.at\/wordpress\/wp-content\/uploads\/2020\/07\/K\u00fchlschrank-1024x768.jpg 1024w, https:\/\/www.ruderclub-salzburg.at\/wordpress\/wp-content\/uploads\/2020\/07\/K\u00fchlschrank-300x225.jpg 300w, https:\/\/www.ruderclub-salzburg.at\/wordpress\/wp-content\/uploads\/2020\/07\/K\u00fchlschrank-768x576.jpg 768w, https:\/\/www.ruderclub-salzburg.at\/wordpress\/wp-content\/uploads\/2020\/07\/K\u00fchlschrank-1536x1152.jpg 1536w, https:\/\/www.ruderclub-salzburg.at\/wordpress\/wp-content\/uploads\/2020\/07\/K\u00fchlschrank.jpg 1600w\" sizes=\"auto, (max-width: 384px) 100vw, 384px\" \/><\/p>\n<p>Nachdem Hunger und Durst gestillt waren, begr\u00fc\u00dfte Pr\u00e4sident Herbert die Anwesenden, er\u00f6ffnete somit offiziell die Rudersaison 2020 und gab einen zusammenfassenden R\u00fcckblick auf den unter dem Zeichen von Corona\u00a0 schwierigen Saisonstart. Johanna k\u00fcndigte f\u00fcr Anfang Herbst einen Ruderausflug zum Millst\u00e4ttersee und Wei\u00dfensee an. Details werden folgen.<\/p>\n<p><img loading=\"lazy\" decoding=\"async\" class=\"wp-image-601 aligncenter\" src=\"https:\/\/www.ruderclub-salzburg.at\/wordpress\/wp-content\/uploads\/2020\/07\/IMG-20200722-WA0003-1024x768.jpg\" alt=\"\" width=\"403\" height=\"302\" srcset=\"https:\/\/www.ruderclub-salzburg.at\/wordpress\/wp-content\/uploads\/2020\/07\/IMG-20200722-WA0003-1024x768.jpg 1024w, https:\/\/www.ruderclub-salzburg.at\/wordpress\/wp-content\/uploads\/2020\/07\/IMG-20200722-WA0003-300x225.jpg 300w, https:\/\/www.ruderclub-salzburg.at\/wordpress\/wp-content\/uploads\/2020\/07\/IMG-20200722-WA0003-768x576.jpg 768w, https:\/\/www.ruderclub-salzburg.at\/wordpress\/wp-content\/uploads\/2020\/07\/IMG-20200722-WA0003-1536x1152.jpg 1536w, https:\/\/www.ruderclub-salzburg.at\/wordpress\/wp-content\/uploads\/2020\/07\/IMG-20200722-WA0003.jpg 1600w\" sizes=\"auto, (max-width: 403px) 100vw, 403px\" \/><\/p>\n<p>Sch\u00f6n auch, dass das Wegr\u00e4umen mit Hilfe aller ebenfalls reibungslos funktionierte. Organisatoren und Vorstand g\u00f6nnten sich zuletzt noch ein abschlie\u00dfendes Man\u00f6verbier beim Bootszelt bevor auch hier alle Luken dicht gemacht wurden.<\/p>\n<h4>Bildergalerie Arudern + Grillen:<\/h4>\n\n\t\t<style type=\"text\/css\">\n\t\t\t#gallery-1 {\n\t\t\t\tmargin: auto;\n\t\t\t}\n\t\t\t#gallery-1 .gallery-item {\n\t\t\t\tfloat: left;\n\t\t\t\tmargin-top: 10px;\n\t\t\t\ttext-align: center;\n\t\t\t\twidth: 25%;\n\t\t\t}\n\t\t\t#gallery-1 img {\n\t\t\t\tborder: 2px solid #cfcfcf;\n\t\t\t}\n\t\t\t#gallery-1 .gallery-caption {\n\t\t\t\tmargin-left: 0;\n\t\t\t}\n\t\t\t\/* see gallery_shortcode() in wp-includes\/media.php *\/\n\t\t<\/style>\n\t\t<div id='gallery-1' class='gallery galleryid-596 gallery-columns-4 gallery-size-medium'><dl class='gallery-item'>\n\t\t\t<dt class='gallery-icon landscape'>\n\t\t\t\t<a href='https:\/\/www.ruderclub-salzburg.at\/wordpress\/wp-content\/uploads\/2020\/07\/Wassern1.jpg'><img loading=\"lazy\" decoding=\"async\" width=\"300\" height=\"225\" src=\"https:\/\/www.ruderclub-salzburg.at\/wordpress\/wp-content\/uploads\/2020\/07\/Wassern1-300x225.jpg\" class=\"attachment-medium size-medium\" alt=\"\" srcset=\"https:\/\/www.ruderclub-salzburg.at\/wordpress\/wp-content\/uploads\/2020\/07\/Wassern1-300x225.jpg 300w, https:\/\/www.ruderclub-salzburg.at\/wordpress\/wp-content\/uploads\/2020\/07\/Wassern1-1024x768.jpg 1024w, https:\/\/www.ruderclub-salzburg.at\/wordpress\/wp-content\/uploads\/2020\/07\/Wassern1-768x576.jpg 768w, https:\/\/www.ruderclub-salzburg.at\/wordpress\/wp-content\/uploads\/2020\/07\/Wassern1-1536x1152.jpg 1536w, https:\/\/www.ruderclub-salzburg.at\/wordpress\/wp-content\/uploads\/2020\/07\/Wassern1.jpg 1600w\" sizes=\"auto, (max-width: 300px) 100vw, 300px\" \/><\/a>\n\t\t\t<\/dt><\/dl><dl class='gallery-item'>\n\t\t\t<dt class='gallery-icon landscape'>\n\t\t\t\t<a href='https:\/\/www.ruderclub-salzburg.at\/wordpress\/wp-content\/uploads\/2020\/07\/K\u00fchlschrank.jpg'><img loading=\"lazy\" decoding=\"async\" width=\"300\" height=\"225\" src=\"https:\/\/www.ruderclub-salzburg.at\/wordpress\/wp-content\/uploads\/2020\/07\/K\u00fchlschrank-300x225.jpg\" class=\"attachment-medium size-medium\" alt=\"\" srcset=\"https:\/\/www.ruderclub-salzburg.at\/wordpress\/wp-content\/uploads\/2020\/07\/K\u00fchlschrank-300x225.jpg 300w, https:\/\/www.ruderclub-salzburg.at\/wordpress\/wp-content\/uploads\/2020\/07\/K\u00fchlschrank-1024x768.jpg 1024w, https:\/\/www.ruderclub-salzburg.at\/wordpress\/wp-content\/uploads\/2020\/07\/K\u00fchlschrank-768x576.jpg 768w, https:\/\/www.ruderclub-salzburg.at\/wordpress\/wp-content\/uploads\/2020\/07\/K\u00fchlschrank-1536x1152.jpg 1536w, https:\/\/www.ruderclub-salzburg.at\/wordpress\/wp-content\/uploads\/2020\/07\/K\u00fchlschrank.jpg 1600w\" sizes=\"auto, (max-width: 300px) 100vw, 300px\" \/><\/a>\n\t\t\t<\/dt><\/dl><dl class='gallery-item'>\n\t\t\t<dt class='gallery-icon landscape'>\n\t\t\t\t<a href='https:\/\/www.ruderclub-salzburg.at\/wordpress\/wp-content\/uploads\/2020\/07\/Heinz-FHBoot-e1595497909203.jpg'><img loading=\"lazy\" decoding=\"async\" width=\"300\" height=\"205\" src=\"https:\/\/www.ruderclub-salzburg.at\/wordpress\/wp-content\/uploads\/2020\/07\/Heinz-FHBoot-e1595497909203-300x205.jpg\" class=\"attachment-medium size-medium\" alt=\"\" srcset=\"https:\/\/www.ruderclub-salzburg.at\/wordpress\/wp-content\/uploads\/2020\/07\/Heinz-FHBoot-e1595497909203-300x205.jpg 300w, https:\/\/www.ruderclub-salzburg.at\/wordpress\/wp-content\/uploads\/2020\/07\/Heinz-FHBoot-e1595497909203-1024x699.jpg 1024w, https:\/\/www.ruderclub-salzburg.at\/wordpress\/wp-content\/uploads\/2020\/07\/Heinz-FHBoot-e1595497909203-768x524.jpg 768w, https:\/\/www.ruderclub-salzburg.at\/wordpress\/wp-content\/uploads\/2020\/07\/Heinz-FHBoot-e1595497909203-1536x1048.jpg 1536w, https:\/\/www.ruderclub-salzburg.at\/wordpress\/wp-content\/uploads\/2020\/07\/Heinz-FHBoot-e1595497909203.jpg 1548w\" sizes=\"auto, (max-width: 300px) 100vw, 300px\" \/><\/a>\n\t\t\t<\/dt><\/dl><dl class='gallery-item'>\n\t\t\t<dt class='gallery-icon landscape'>\n\t\t\t\t<a href='https:\/\/www.ruderclub-salzburg.at\/wordpress\/wp-content\/uploads\/2020\/07\/Boot-Herbert2.jpg'><img loading=\"lazy\" decoding=\"async\" width=\"300\" height=\"188\" src=\"https:\/\/www.ruderclub-salzburg.at\/wordpress\/wp-content\/uploads\/2020\/07\/Boot-Herbert2-300x188.jpg\" class=\"attachment-medium size-medium\" alt=\"\" srcset=\"https:\/\/www.ruderclub-salzburg.at\/wordpress\/wp-content\/uploads\/2020\/07\/Boot-Herbert2-300x188.jpg 300w, https:\/\/www.ruderclub-salzburg.at\/wordpress\/wp-content\/uploads\/2020\/07\/Boot-Herbert2-1024x642.jpg 1024w, https:\/\/www.ruderclub-salzburg.at\/wordpress\/wp-content\/uploads\/2020\/07\/Boot-Herbert2-768x481.jpg 768w, https:\/\/www.ruderclub-salzburg.at\/wordpress\/wp-content\/uploads\/2020\/07\/Boot-Herbert2-1536x963.jpg 1536w, https:\/\/www.ruderclub-salzburg.at\/wordpress\/wp-content\/uploads\/2020\/07\/Boot-Herbert2.jpg 1600w\" sizes=\"auto, (max-width: 300px) 100vw, 300px\" \/><\/a>\n\t\t\t<\/dt><\/dl><br style=\"clear: both\" \/><dl class='gallery-item'>\n\t\t\t<dt class='gallery-icon landscape'>\n\t\t\t\t<a href='https:\/\/www.ruderclub-salzburg.at\/wordpress\/wp-content\/uploads\/2020\/07\/Boot-Heinz2.jpg'><img loading=\"lazy\" decoding=\"async\" width=\"300\" height=\"225\" src=\"https:\/\/www.ruderclub-salzburg.at\/wordpress\/wp-content\/uploads\/2020\/07\/Boot-Heinz2-300x225.jpg\" class=\"attachment-medium size-medium\" alt=\"\" srcset=\"https:\/\/www.ruderclub-salzburg.at\/wordpress\/wp-content\/uploads\/2020\/07\/Boot-Heinz2-300x225.jpg 300w, https:\/\/www.ruderclub-salzburg.at\/wordpress\/wp-content\/uploads\/2020\/07\/Boot-Heinz2-1024x768.jpg 1024w, https:\/\/www.ruderclub-salzburg.at\/wordpress\/wp-content\/uploads\/2020\/07\/Boot-Heinz2-768x576.jpg 768w, https:\/\/www.ruderclub-salzburg.at\/wordpress\/wp-content\/uploads\/2020\/07\/Boot-Heinz2-1536x1152.jpg 1536w, https:\/\/www.ruderclub-salzburg.at\/wordpress\/wp-content\/uploads\/2020\/07\/Boot-Heinz2.jpg 1600w\" sizes=\"auto, (max-width: 300px) 100vw, 300px\" \/><\/a>\n\t\t\t<\/dt><\/dl><dl class='gallery-item'>\n\t\t\t<dt class='gallery-icon landscape'>\n\t\t\t\t<a href='https:\/\/www.ruderclub-salzburg.at\/wordpress\/wp-content\/uploads\/2020\/07\/Boot-Eugen1.jpg'><img loading=\"lazy\" decoding=\"async\" width=\"300\" height=\"228\" src=\"https:\/\/www.ruderclub-salzburg.at\/wordpress\/wp-content\/uploads\/2020\/07\/Boot-Eugen1-300x228.jpg\" class=\"attachment-medium size-medium\" alt=\"\" srcset=\"https:\/\/www.ruderclub-salzburg.at\/wordpress\/wp-content\/uploads\/2020\/07\/Boot-Eugen1-300x228.jpg 300w, https:\/\/www.ruderclub-salzburg.at\/wordpress\/wp-content\/uploads\/2020\/07\/Boot-Eugen1-1024x777.jpg 1024w, https:\/\/www.ruderclub-salzburg.at\/wordpress\/wp-content\/uploads\/2020\/07\/Boot-Eugen1-768x583.jpg 768w, https:\/\/www.ruderclub-salzburg.at\/wordpress\/wp-content\/uploads\/2020\/07\/Boot-Eugen1-1536x1165.jpg 1536w, https:\/\/www.ruderclub-salzburg.at\/wordpress\/wp-content\/uploads\/2020\/07\/Boot-Eugen1.jpg 1600w\" sizes=\"auto, (max-width: 300px) 100vw, 300px\" \/><\/a>\n\t\t\t<\/dt><\/dl><dl class='gallery-item'>\n\t\t\t<dt class='gallery-icon landscape'>\n\t\t\t\t<a href='https:\/\/www.ruderclub-salzburg.at\/wordpress\/wp-content\/uploads\/2020\/07\/Boote2.jpg'><img loading=\"lazy\" decoding=\"async\" width=\"300\" height=\"225\" src=\"https:\/\/www.ruderclub-salzburg.at\/wordpress\/wp-content\/uploads\/2020\/07\/Boote2-300x225.jpg\" class=\"attachment-medium size-medium\" alt=\"\" srcset=\"https:\/\/www.ruderclub-salzburg.at\/wordpress\/wp-content\/uploads\/2020\/07\/Boote2-300x225.jpg 300w, https:\/\/www.ruderclub-salzburg.at\/wordpress\/wp-content\/uploads\/2020\/07\/Boote2-1024x768.jpg 1024w, https:\/\/www.ruderclub-salzburg.at\/wordpress\/wp-content\/uploads\/2020\/07\/Boote2-768x576.jpg 768w, https:\/\/www.ruderclub-salzburg.at\/wordpress\/wp-content\/uploads\/2020\/07\/Boote2-1536x1152.jpg 1536w, https:\/\/www.ruderclub-salzburg.at\/wordpress\/wp-content\/uploads\/2020\/07\/Boote2.jpg 1600w\" sizes=\"auto, (max-width: 300px) 100vw, 300px\" \/><\/a>\n\t\t\t<\/dt><\/dl><dl class='gallery-item'>\n\t\t\t<dt class='gallery-icon landscape'>\n\t\t\t\t<a href='https:\/\/www.ruderclub-salzburg.at\/wordpress\/wp-content\/uploads\/2020\/07\/IMG-20200722-WA0008.jpg'><img loading=\"lazy\" decoding=\"async\" width=\"300\" height=\"225\" src=\"https:\/\/www.ruderclub-salzburg.at\/wordpress\/wp-content\/uploads\/2020\/07\/IMG-20200722-WA0008-300x225.jpg\" class=\"attachment-medium size-medium\" alt=\"\" srcset=\"https:\/\/www.ruderclub-salzburg.at\/wordpress\/wp-content\/uploads\/2020\/07\/IMG-20200722-WA0008-300x225.jpg 300w, https:\/\/www.ruderclub-salzburg.at\/wordpress\/wp-content\/uploads\/2020\/07\/IMG-20200722-WA0008-1024x768.jpg 1024w, https:\/\/www.ruderclub-salzburg.at\/wordpress\/wp-content\/uploads\/2020\/07\/IMG-20200722-WA0008-768x576.jpg 768w, https:\/\/www.ruderclub-salzburg.at\/wordpress\/wp-content\/uploads\/2020\/07\/IMG-20200722-WA0008-1536x1152.jpg 1536w, https:\/\/www.ruderclub-salzburg.at\/wordpress\/wp-content\/uploads\/2020\/07\/IMG-20200722-WA0008.jpg 1600w\" sizes=\"auto, (max-width: 300px) 100vw, 300px\" \/><\/a>\n\t\t\t<\/dt><\/dl><br style=\"clear: both\" \/><dl class='gallery-item'>\n\t\t\t<dt class='gallery-icon landscape'>\n\t\t\t\t<a href='https:\/\/www.ruderclub-salzburg.at\/wordpress\/wp-content\/uploads\/2020\/07\/IMG-20200722-WA0007.jpg'><img loading=\"lazy\" decoding=\"async\" width=\"300\" height=\"225\" src=\"https:\/\/www.ruderclub-salzburg.at\/wordpress\/wp-content\/uploads\/2020\/07\/IMG-20200722-WA0007-300x225.jpg\" class=\"attachment-medium size-medium\" alt=\"\" srcset=\"https:\/\/www.ruderclub-salzburg.at\/wordpress\/wp-content\/uploads\/2020\/07\/IMG-20200722-WA0007-300x225.jpg 300w, https:\/\/www.ruderclub-salzburg.at\/wordpress\/wp-content\/uploads\/2020\/07\/IMG-20200722-WA0007-1024x768.jpg 1024w, https:\/\/www.ruderclub-salzburg.at\/wordpress\/wp-content\/uploads\/2020\/07\/IMG-20200722-WA0007-768x576.jpg 768w, https:\/\/www.ruderclub-salzburg.at\/wordpress\/wp-content\/uploads\/2020\/07\/IMG-20200722-WA0007-1536x1152.jpg 1536w, https:\/\/www.ruderclub-salzburg.at\/wordpress\/wp-content\/uploads\/2020\/07\/IMG-20200722-WA0007.jpg 1600w\" sizes=\"auto, (max-width: 300px) 100vw, 300px\" \/><\/a>\n\t\t\t<\/dt><\/dl><dl class='gallery-item'>\n\t\t\t<dt class='gallery-icon landscape'>\n\t\t\t\t<a href='https:\/\/www.ruderclub-salzburg.at\/wordpress\/wp-content\/uploads\/2020\/07\/IMG-20200722-WA0006.jpg'><img loading=\"lazy\" decoding=\"async\" width=\"300\" height=\"225\" src=\"https:\/\/www.ruderclub-salzburg.at\/wordpress\/wp-content\/uploads\/2020\/07\/IMG-20200722-WA0006-300x225.jpg\" class=\"attachment-medium size-medium\" alt=\"\" srcset=\"https:\/\/www.ruderclub-salzburg.at\/wordpress\/wp-content\/uploads\/2020\/07\/IMG-20200722-WA0006-300x225.jpg 300w, https:\/\/www.ruderclub-salzburg.at\/wordpress\/wp-content\/uploads\/2020\/07\/IMG-20200722-WA0006-1024x768.jpg 1024w, https:\/\/www.ruderclub-salzburg.at\/wordpress\/wp-content\/uploads\/2020\/07\/IMG-20200722-WA0006-768x576.jpg 768w, https:\/\/www.ruderclub-salzburg.at\/wordpress\/wp-content\/uploads\/2020\/07\/IMG-20200722-WA0006-1536x1152.jpg 1536w, https:\/\/www.ruderclub-salzburg.at\/wordpress\/wp-content\/uploads\/2020\/07\/IMG-20200722-WA0006.jpg 1600w\" sizes=\"auto, (max-width: 300px) 100vw, 300px\" \/><\/a>\n\t\t\t<\/dt><\/dl><dl class='gallery-item'>\n\t\t\t<dt class='gallery-icon portrait'>\n\t\t\t\t<a href='https:\/\/www.ruderclub-salzburg.at\/wordpress\/wp-content\/uploads\/2020\/07\/IMG-20200722-WA0009.jpg'><img loading=\"lazy\" decoding=\"async\" width=\"169\" height=\"300\" src=\"https:\/\/www.ruderclub-salzburg.at\/wordpress\/wp-content\/uploads\/2020\/07\/IMG-20200722-WA0009-169x300.jpg\" class=\"attachment-medium size-medium\" alt=\"\" srcset=\"https:\/\/www.ruderclub-salzburg.at\/wordpress\/wp-content\/uploads\/2020\/07\/IMG-20200722-WA0009-169x300.jpg 169w, https:\/\/www.ruderclub-salzburg.at\/wordpress\/wp-content\/uploads\/2020\/07\/IMG-20200722-WA0009-576x1024.jpg 576w, https:\/\/www.ruderclub-salzburg.at\/wordpress\/wp-content\/uploads\/2020\/07\/IMG-20200722-WA0009-768x1365.jpg 768w, https:\/\/www.ruderclub-salzburg.at\/wordpress\/wp-content\/uploads\/2020\/07\/IMG-20200722-WA0009-864x1536.jpg 864w, https:\/\/www.ruderclub-salzburg.at\/wordpress\/wp-content\/uploads\/2020\/07\/IMG-20200722-WA0009.jpg 900w\" sizes=\"auto, (max-width: 169px) 100vw, 169px\" \/><\/a>\n\t\t\t<\/dt><\/dl><dl class='gallery-item'>\n\t\t\t<dt class='gallery-icon portrait'>\n\t\t\t\t<a href='https:\/\/www.ruderclub-salzburg.at\/wordpress\/wp-content\/uploads\/2020\/07\/IMG-20200722-WA0001.jpg'><img loading=\"lazy\" decoding=\"async\" width=\"225\" height=\"300\" src=\"https:\/\/www.ruderclub-salzburg.at\/wordpress\/wp-content\/uploads\/2020\/07\/IMG-20200722-WA0001-225x300.jpg\" class=\"attachment-medium size-medium\" alt=\"\" srcset=\"https:\/\/www.ruderclub-salzburg.at\/wordpress\/wp-content\/uploads\/2020\/07\/IMG-20200722-WA0001-225x300.jpg 225w, https:\/\/www.ruderclub-salzburg.at\/wordpress\/wp-content\/uploads\/2020\/07\/IMG-20200722-WA0001-768x1024.jpg 768w, https:\/\/www.ruderclub-salzburg.at\/wordpress\/wp-content\/uploads\/2020\/07\/IMG-20200722-WA0001-1152x1536.jpg 1152w, https:\/\/www.ruderclub-salzburg.at\/wordpress\/wp-content\/uploads\/2020\/07\/IMG-20200722-WA0001.jpg 1200w\" sizes=\"auto, (max-width: 225px) 100vw, 225px\" \/><\/a>\n\t\t\t<\/dt><\/dl><br style=\"clear: both\" \/><dl class='gallery-item'>\n\t\t\t<dt class='gallery-icon landscape'>\n\t\t\t\t<a href='https:\/\/www.ruderclub-salzburg.at\/wordpress\/wp-content\/uploads\/2020\/07\/IMG-20200722-WA0005.jpg'><img loading=\"lazy\" decoding=\"async\" width=\"300\" height=\"225\" src=\"https:\/\/www.ruderclub-salzburg.at\/wordpress\/wp-content\/uploads\/2020\/07\/IMG-20200722-WA0005-300x225.jpg\" class=\"attachment-medium size-medium\" alt=\"\" srcset=\"https:\/\/www.ruderclub-salzburg.at\/wordpress\/wp-content\/uploads\/2020\/07\/IMG-20200722-WA0005-300x225.jpg 300w, https:\/\/www.ruderclub-salzburg.at\/wordpress\/wp-content\/uploads\/2020\/07\/IMG-20200722-WA0005-1024x768.jpg 1024w, https:\/\/www.ruderclub-salzburg.at\/wordpress\/wp-content\/uploads\/2020\/07\/IMG-20200722-WA0005-768x576.jpg 768w, https:\/\/www.ruderclub-salzburg.at\/wordpress\/wp-content\/uploads\/2020\/07\/IMG-20200722-WA0005-1536x1152.jpg 1536w, https:\/\/www.ruderclub-salzburg.at\/wordpress\/wp-content\/uploads\/2020\/07\/IMG-20200722-WA0005.jpg 1600w\" sizes=\"auto, (max-width: 300px) 100vw, 300px\" \/><\/a>\n\t\t\t<\/dt><\/dl><dl class='gallery-item'>\n\t\t\t<dt class='gallery-icon landscape'>\n\t\t\t\t<a href='https:\/\/www.ruderclub-salzburg.at\/wordpress\/wp-content\/uploads\/2020\/07\/IMG-20200722-WA0004.jpg'><img loading=\"lazy\" decoding=\"async\" width=\"300\" height=\"225\" src=\"https:\/\/www.ruderclub-salzburg.at\/wordpress\/wp-content\/uploads\/2020\/07\/IMG-20200722-WA0004-300x225.jpg\" class=\"attachment-medium size-medium\" alt=\"\" srcset=\"https:\/\/www.ruderclub-salzburg.at\/wordpress\/wp-content\/uploads\/2020\/07\/IMG-20200722-WA0004-300x225.jpg 300w, https:\/\/www.ruderclub-salzburg.at\/wordpress\/wp-content\/uploads\/2020\/07\/IMG-20200722-WA0004-1024x768.jpg 1024w, https:\/\/www.ruderclub-salzburg.at\/wordpress\/wp-content\/uploads\/2020\/07\/IMG-20200722-WA0004-768x576.jpg 768w, https:\/\/www.ruderclub-salzburg.at\/wordpress\/wp-content\/uploads\/2020\/07\/IMG-20200722-WA0004-1536x1152.jpg 1536w, https:\/\/www.ruderclub-salzburg.at\/wordpress\/wp-content\/uploads\/2020\/07\/IMG-20200722-WA0004.jpg 1600w\" sizes=\"auto, (max-width: 300px) 100vw, 300px\" \/><\/a>\n\t\t\t<\/dt><\/dl>\n\t\t\t<br style='clear: both' \/>\n\t\t<\/div>\n\n","protected":false},"excerpt":{"rendered":"<p>21. Juni 2020 &#8211; turbulentes Anrudern &#8211; gem\u00fctliches Grillfest Covid-bedingtes versp\u00e4tetes Anrudern am 21. Juni um 16 Uhr stand diesmal unter dem Zeichen zahlreicher Neumitglieder und Interessenten (Schnupperer). Schon eine Stunde davor wurde die &#8222;Rheingold&#8220; von Heinz und Eugen wieder einsatzbereit gemacht. Noch fr\u00fcher ab 15 Uhr begann Markus und Hartmut mit den Besorgungen und <a class=\"more-link\" href=\"https:\/\/www.ruderclub-salzburg.at\/wordpress\/anrudern-und-grillen\/\">weiterlesen&#8230;<\/a><\/p>\n","protected":false},"author":2,"featured_media":0,"parent":0,"menu_order":0,"comment_status":"closed","ping_status":"closed","template":"","meta":{"footnotes":""},"class_list":["post-596","page","type-page","status-publish","hentry"],"_links":{"self":[{"href":"https:\/\/www.ruderclub-salzburg.at\/wordpress\/wp-json\/wp\/v2\/pages\/596","targetHints":{"allow":["GET"]}}],"collection":[{"href":"https:\/\/www.ruderclub-salzburg.at\/wordpress\/wp-json\/wp\/v2\/pages"}],"about":[{"href":"https:\/\/www.ruderclub-salzburg.at\/wordpress\/wp-json\/wp\/v2\/types\/page"}],"author":[{"embeddable":true,"href":"https:\/\/www.ruderclub-salzburg.at\/wordpress\/wp-json\/wp\/v2\/users\/2"}],"replies":[{"embeddable":true,"href":"https:\/\/www.ruderclub-salzburg.at\/wordpress\/wp-json\/wp\/v2\/comments?post=596"}],"version-history":[{"count":18,"href":"https:\/\/www.ruderclub-salzburg.at\/wordpress\/wp-json\/wp\/v2\/pages\/596\/revisions"}],"predecessor-version":[{"id":674,"href":"https:\/\/www.ruderclub-salzburg.at\/wordpress\/wp-json\/wp\/v2\/pages\/596\/revisions\/674"}],"wp:attachment":[{"href":"https:\/\/www.ruderclub-salzburg.at\/wordpress\/wp-json\/wp\/v2\/media?parent=596"}],"curies":[{"name":"wp","href":"https:\/\/api.w.org\/{rel}","templated":true}]}}