{"id":703,"date":"2021-06-25T21:36:18","date_gmt":"2021-06-25T19:36:18","guid":{"rendered":"http:\/\/www.ruderclub-salzburg.at\/wordpress\/?p=703"},"modified":"2022-05-22T09:01:59","modified_gmt":"2022-05-22T07:01:59","slug":"jahreshauptversammlung-2021","status":"publish","type":"page","link":"https:\/\/www.ruderclub-salzburg.at\/wordpress\/jahreshauptversammlung-2021\/","title":{"rendered":"Jahreshauptversammlung 2021"},"content":{"rendered":"<h3>Bootzelt aufr\u00e4umen, Anrudern, Jahreshauptversammlung<\/h3>\n<div id=\"attachment_707\" style=\"width: 397px\" class=\"wp-caption alignright\"><img loading=\"lazy\" decoding=\"async\" aria-describedby=\"caption-attachment-707\" class=\"wp-image-707\" src=\"https:\/\/www.ruderclub-salzburg.at\/wordpress\/wp-content\/uploads\/2021\/06\/EhrenmitgliedPeter-768x1024.jpg\" alt=\"\" width=\"387\" height=\"516\" srcset=\"https:\/\/www.ruderclub-salzburg.at\/wordpress\/wp-content\/uploads\/2021\/06\/EhrenmitgliedPeter-768x1025.jpg 768w, https:\/\/www.ruderclub-salzburg.at\/wordpress\/wp-content\/uploads\/2021\/06\/EhrenmitgliedPeter-225x300.jpg 225w, https:\/\/www.ruderclub-salzburg.at\/wordpress\/wp-content\/uploads\/2021\/06\/EhrenmitgliedPeter.jpg 904w\" sizes=\"auto, (max-width: 387px) 100vw, 387px\" \/><p id=\"caption-attachment-707\" class=\"wp-caption-text\"><center>\u00dcberreichung der Ehrenmitgliedschafts-Tafel an Peter durch die Vizepr\u00e4sidentin Johanna<\/center><\/p><\/div>\n<p><strong>Vorweg das Wichtigste:<\/strong><br \/>\nUnser langj\u00e4hriger Fahrwart, Trainer, Sportwart und Organisator vieler Wanderfahrten, Peter Hinterstoisser,\u00a0 \u00fcbersiedelte g\u00e4nzlich nach Nieder\u00f6sterreich. Der Ruderclub Salzburg bedankte sich bei Peter mit der Verleihung der Ehrenmitgliedschaft.<\/p>\n<p>Hans Scheicher, ebenfalls ein langj\u00e4hriges Mitglied im O-Ton: &#8222;Deine Ruderstunden waren f\u00fcr mich &#8217;nachhaltig&#8216;. Vielen Dank daf\u00fcr! Ich w\u00fcnsch dir alles Gute und viele Ruder-KM auf der Donau!&#8220;<br \/>\nDem k\u00f6nnen wir uns nur anschlie\u00dfen.<\/p>\n<p>Neben der Best\u00e4tigung des alten Vorstandes in seinen \u00c4mtern wurde als Nachfolger von Peter einer unserer eifrigsten Ruderer, Markus Leitinger, zum Fahrwart gew\u00e4hlt. Auf Markus wartet nun eine neue Herausforderung nicht nur zu Wasser, sondern auch zu Lande, da ein starker Andrang an Ruder-Schnupperer sowie eine erfreuliche Zahl an Teilnehmern am Anf\u00e4ngerkurs zu koordinieren ist. Bleibt zu hoffen, dass sich unsere Gemeinschaft von Ruderbegeisterten entsprechend vergr\u00f6\u00dfert.<\/p>\n<p>Vor der Veranstaltung haben wir unser Bootszelt zusammenger\u00e4umt und die Anlagen versch\u00f6nert. Nach der Jahreshauptversammlung wurde beim Rifer-Spitz bei hervorragenden Ripperln und freundlichem Service noch weiter diskutiert, besprochen und geplant&#8230;..<\/p>\n<style type=\"text\/css\">\n#foogallery-gallery-737 .fg-image { width: 150px; }\n#foogallery-gallery-737 { --fg-gutter: 10px; }<\/style>\n\t\t\t<div class=\"foogallery foogallery-container foogallery-default foogallery-lightbox-none fg-center fg-default fg-ready fg-light fg-border-thin fg-shadow-outline fg-loading-default fg-loaded-fade-in fg-caption-hover fg-hover-fade fg-hover-zoom\" id=\"foogallery-gallery-737\" data-foogallery=\"{&quot;item&quot;:{&quot;showCaptionTitle&quot;:true,&quot;showCaptionDescription&quot;:true},&quot;lazy&quot;:true}\" style=\"--fg-title-line-clamp: 0; --fg-description-line-clamp: 0;\" >\n\t<div class=\"fg-item fg-type-image fg-idle\"><figure class=\"fg-item-inner\"><a href=\"https:\/\/www.ruderclub-salzburg.at\/wordpress\/wp-content\/uploads\/2021\/06\/JHV2107.jpg\" data-attachment-id=\"736\" data-type=\"image\" class=\"fg-thumb\"><span class=\"fg-image-wrap\"><img decoding=\"async\" width=\"150\" height=\"150\" class=\"skip-lazy fg-image\" data-src-fg=\"https:\/\/www.ruderclub-salzburg.at\/wordpress\/wp-content\/uploads\/cache\/2021\/06\/JHV2107\/2508106390.jpg\" src=\"data:image\/svg+xml,%3Csvg%20xmlns%3D%22http%3A%2F%2Fwww.w3.org%2F2000%2Fsvg%22%20width%3D%22150%22%20height%3D%22150%22%20viewBox%3D%220%200%20150%20150%22%3E%3C%2Fsvg%3E\" loading=\"eager\"><\/span><span class=\"fg-image-overlay\"><\/span><\/a><\/figure><div class=\"fg-loader\"><\/div><\/div><div class=\"fg-item fg-type-image fg-idle\"><figure class=\"fg-item-inner\"><a href=\"https:\/\/www.ruderclub-salzburg.at\/wordpress\/wp-content\/uploads\/2021\/06\/JHV2106.jpg\" data-attachment-id=\"735\" data-type=\"image\" class=\"fg-thumb\"><span class=\"fg-image-wrap\"><img decoding=\"async\" width=\"150\" height=\"150\" class=\"skip-lazy fg-image\" data-src-fg=\"https:\/\/www.ruderclub-salzburg.at\/wordpress\/wp-content\/uploads\/cache\/2021\/06\/JHV2106\/3440579059.jpg\" src=\"data:image\/svg+xml,%3Csvg%20xmlns%3D%22http%3A%2F%2Fwww.w3.org%2F2000%2Fsvg%22%20width%3D%22150%22%20height%3D%22150%22%20viewBox%3D%220%200%20150%20150%22%3E%3C%2Fsvg%3E\" loading=\"eager\"><\/span><span class=\"fg-image-overlay\"><\/span><\/a><\/figure><div class=\"fg-loader\"><\/div><\/div><div class=\"fg-item fg-type-image fg-idle\"><figure class=\"fg-item-inner\"><a href=\"https:\/\/www.ruderclub-salzburg.at\/wordpress\/wp-content\/uploads\/2021\/06\/JHV2105.jpg\" data-attachment-id=\"734\" data-type=\"image\" class=\"fg-thumb\"><span class=\"fg-image-wrap\"><img decoding=\"async\" width=\"150\" height=\"150\" class=\"skip-lazy fg-image\" data-src-fg=\"https:\/\/www.ruderclub-salzburg.at\/wordpress\/wp-content\/uploads\/cache\/2021\/06\/JHV2105\/2263974534.jpg\" src=\"data:image\/svg+xml,%3Csvg%20xmlns%3D%22http%3A%2F%2Fwww.w3.org%2F2000%2Fsvg%22%20width%3D%22150%22%20height%3D%22150%22%20viewBox%3D%220%200%20150%20150%22%3E%3C%2Fsvg%3E\" loading=\"eager\"><\/span><span class=\"fg-image-overlay\"><\/span><\/a><\/figure><div class=\"fg-loader\"><\/div><\/div><div class=\"fg-item fg-type-image fg-idle\"><figure class=\"fg-item-inner\"><a href=\"https:\/\/www.ruderclub-salzburg.at\/wordpress\/wp-content\/uploads\/2021\/06\/JHV2104.jpg\" data-attachment-id=\"733\" data-type=\"image\" class=\"fg-thumb\"><span class=\"fg-image-wrap\"><img decoding=\"async\" width=\"150\" height=\"150\" class=\"skip-lazy fg-image\" data-src-fg=\"https:\/\/www.ruderclub-salzburg.at\/wordpress\/wp-content\/uploads\/cache\/2021\/06\/JHV2104\/2110285625.jpg\" src=\"data:image\/svg+xml,%3Csvg%20xmlns%3D%22http%3A%2F%2Fwww.w3.org%2F2000%2Fsvg%22%20width%3D%22150%22%20height%3D%22150%22%20viewBox%3D%220%200%20150%20150%22%3E%3C%2Fsvg%3E\" loading=\"eager\"><\/span><span class=\"fg-image-overlay\"><\/span><\/a><\/figure><div class=\"fg-loader\"><\/div><\/div><div class=\"fg-item fg-type-image fg-idle\"><figure class=\"fg-item-inner\"><a href=\"https:\/\/www.ruderclub-salzburg.at\/wordpress\/wp-content\/uploads\/2021\/06\/JHV2103.jpg\" data-attachment-id=\"732\" data-type=\"image\" class=\"fg-thumb\"><span class=\"fg-image-wrap\"><img decoding=\"async\" width=\"150\" height=\"150\" class=\"skip-lazy fg-image\" data-src-fg=\"https:\/\/www.ruderclub-salzburg.at\/wordpress\/wp-content\/uploads\/cache\/2021\/06\/JHV2103\/2992700086.jpg\" src=\"data:image\/svg+xml,%3Csvg%20xmlns%3D%22http%3A%2F%2Fwww.w3.org%2F2000%2Fsvg%22%20width%3D%22150%22%20height%3D%22150%22%20viewBox%3D%220%200%20150%20150%22%3E%3C%2Fsvg%3E\" loading=\"eager\"><\/span><span class=\"fg-image-overlay\"><\/span><\/a><\/figure><div class=\"fg-loader\"><\/div><\/div><div class=\"fg-item fg-type-image fg-idle\"><figure class=\"fg-item-inner\"><a href=\"https:\/\/www.ruderclub-salzburg.at\/wordpress\/wp-content\/uploads\/2021\/06\/JHV2102.jpg\" data-attachment-id=\"731\" data-type=\"image\" class=\"fg-thumb\"><span class=\"fg-image-wrap\"><img decoding=\"async\" width=\"150\" height=\"150\" class=\"skip-lazy fg-image\" data-src-fg=\"https:\/\/www.ruderclub-salzburg.at\/wordpress\/wp-content\/uploads\/cache\/2021\/06\/JHV2102\/3926737363.jpg\" src=\"data:image\/svg+xml,%3Csvg%20xmlns%3D%22http%3A%2F%2Fwww.w3.org%2F2000%2Fsvg%22%20width%3D%22150%22%20height%3D%22150%22%20viewBox%3D%220%200%20150%20150%22%3E%3C%2Fsvg%3E\" loading=\"eager\"><\/span><span class=\"fg-image-overlay\"><\/span><\/a><\/figure><div class=\"fg-loader\"><\/div><\/div><div class=\"fg-item fg-type-image fg-idle\"><figure class=\"fg-item-inner\"><a href=\"https:\/\/www.ruderclub-salzburg.at\/wordpress\/wp-content\/uploads\/2021\/06\/JHV2101.jpg\" data-attachment-id=\"730\" data-type=\"image\" class=\"fg-thumb\"><span class=\"fg-image-wrap\"><img decoding=\"async\" width=\"150\" height=\"150\" class=\"skip-lazy fg-image\" data-src-fg=\"https:\/\/www.ruderclub-salzburg.at\/wordpress\/wp-content\/uploads\/cache\/2021\/06\/JHV2101\/2716848806.jpg\" src=\"data:image\/svg+xml,%3Csvg%20xmlns%3D%22http%3A%2F%2Fwww.w3.org%2F2000%2Fsvg%22%20width%3D%22150%22%20height%3D%22150%22%20viewBox%3D%220%200%20150%20150%22%3E%3C%2Fsvg%3E\" loading=\"eager\"><\/span><span class=\"fg-image-overlay\"><\/span><\/a><\/figure><div class=\"fg-loader\"><\/div><\/div><div class=\"fg-item fg-type-image fg-idle\"><figure class=\"fg-item-inner\"><a href=\"https:\/\/www.ruderclub-salzburg.at\/wordpress\/wp-content\/uploads\/2021\/06\/IMG-20210616-WA0004.jpg\" data-attachment-id=\"729\" data-type=\"image\" class=\"fg-thumb\"><span class=\"fg-image-wrap\"><img decoding=\"async\" width=\"150\" height=\"150\" class=\"skip-lazy fg-image\" data-src-fg=\"https:\/\/www.ruderclub-salzburg.at\/wordpress\/wp-content\/uploads\/cache\/2021\/06\/IMG-20210616-WA0004\/2497560494.jpg\" src=\"data:image\/svg+xml,%3Csvg%20xmlns%3D%22http%3A%2F%2Fwww.w3.org%2F2000%2Fsvg%22%20width%3D%22150%22%20height%3D%22150%22%20viewBox%3D%220%200%20150%20150%22%3E%3C%2Fsvg%3E\" loading=\"eager\"><\/span><span class=\"fg-image-overlay\"><\/span><\/a><\/figure><div class=\"fg-loader\"><\/div><\/div><div class=\"fg-item fg-type-image fg-idle\"><figure class=\"fg-item-inner\"><a href=\"https:\/\/www.ruderclub-salzburg.at\/wordpress\/wp-content\/uploads\/2021\/06\/IMG-20210616-WA0002.jpg\" data-attachment-id=\"728\" data-type=\"image\" class=\"fg-thumb\"><span class=\"fg-image-wrap\"><img decoding=\"async\" width=\"150\" height=\"150\" class=\"skip-lazy fg-image\" data-src-fg=\"https:\/\/www.ruderclub-salzburg.at\/wordpress\/wp-content\/uploads\/cache\/2021\/06\/IMG-20210616-WA0002\/1859640004.jpg\" src=\"data:image\/svg+xml,%3Csvg%20xmlns%3D%22http%3A%2F%2Fwww.w3.org%2F2000%2Fsvg%22%20width%3D%22150%22%20height%3D%22150%22%20viewBox%3D%220%200%20150%20150%22%3E%3C%2Fsvg%3E\" loading=\"eager\"><\/span><span class=\"fg-image-overlay\"><\/span><\/a><\/figure><div class=\"fg-loader\"><\/div><\/div><div class=\"fg-item fg-type-image fg-idle\"><figure class=\"fg-item-inner\"><a href=\"https:\/\/www.ruderclub-salzburg.at\/wordpress\/wp-content\/uploads\/2021\/06\/IMG-20210616-WA0001.jpg\" data-attachment-id=\"727\" data-type=\"image\" class=\"fg-thumb\"><span class=\"fg-image-wrap\"><img decoding=\"async\" width=\"150\" height=\"150\" class=\"skip-lazy fg-image\" data-src-fg=\"https:\/\/www.ruderclub-salzburg.at\/wordpress\/wp-content\/uploads\/cache\/2021\/06\/IMG-20210616-WA0001\/1832434317.jpg\" src=\"data:image\/svg+xml,%3Csvg%20xmlns%3D%22http%3A%2F%2Fwww.w3.org%2F2000%2Fsvg%22%20width%3D%22150%22%20height%3D%22150%22%20viewBox%3D%220%200%20150%20150%22%3E%3C%2Fsvg%3E\" loading=\"eager\"><\/span><span class=\"fg-image-overlay\"><\/span><\/a><\/figure><div class=\"fg-loader\"><\/div><\/div><div class=\"fg-item fg-type-image fg-idle\"><figure class=\"fg-item-inner\"><a href=\"https:\/\/www.ruderclub-salzburg.at\/wordpress\/wp-content\/uploads\/2021\/06\/EhrenmitgliedPeter-1.jpg\" data-attachment-id=\"726\" data-type=\"image\" class=\"fg-thumb\"><span class=\"fg-image-wrap\"><img decoding=\"async\" width=\"150\" height=\"150\" class=\"skip-lazy fg-image\" data-src-fg=\"https:\/\/www.ruderclub-salzburg.at\/wordpress\/wp-content\/uploads\/cache\/2021\/06\/EhrenmitgliedPeter-1\/2207257516.jpg\" src=\"data:image\/svg+xml,%3Csvg%20xmlns%3D%22http%3A%2F%2Fwww.w3.org%2F2000%2Fsvg%22%20width%3D%22150%22%20height%3D%22150%22%20viewBox%3D%220%200%20150%20150%22%3E%3C%2Fsvg%3E\" loading=\"eager\"><\/span><span class=\"fg-image-overlay\"><\/span><\/a><\/figure><div class=\"fg-loader\"><\/div><\/div><\/div>\n\n","protected":false},"excerpt":{"rendered":"<p>Bootzelt aufr\u00e4umen, Anrudern, Jahreshauptversammlung Vorweg das Wichtigste: Unser langj\u00e4hriger Fahrwart, Trainer, Sportwart und Organisator vieler Wanderfahrten, Peter Hinterstoisser,\u00a0 \u00fcbersiedelte g\u00e4nzlich nach Nieder\u00f6sterreich. Der Ruderclub Salzburg bedankte sich bei Peter mit der Verleihung der Ehrenmitgliedschaft. Hans Scheicher, ebenfalls ein langj\u00e4hriges Mitglied im O-Ton: &#8222;Deine Ruderstunden waren f\u00fcr mich &#8217;nachhaltig&#8216;. Vielen Dank daf\u00fcr! Ich w\u00fcnsch dir alles <a class=\"more-link\" href=\"https:\/\/www.ruderclub-salzburg.at\/wordpress\/jahreshauptversammlung-2021\/\">weiterlesen&#8230;<\/a><\/p>\n","protected":false},"author":2,"featured_media":0,"parent":0,"menu_order":0,"comment_status":"closed","ping_status":"closed","template":"","meta":{"footnotes":""},"class_list":["post-703","page","type-page","status-publish","hentry"],"_links":{"self":[{"href":"https:\/\/www.ruderclub-salzburg.at\/wordpress\/wp-json\/wp\/v2\/pages\/703","targetHints":{"allow":["GET"]}}],"collection":[{"href":"https:\/\/www.ruderclub-salzburg.at\/wordpress\/wp-json\/wp\/v2\/pages"}],"about":[{"href":"https:\/\/www.ruderclub-salzburg.at\/wordpress\/wp-json\/wp\/v2\/types\/page"}],"author":[{"embeddable":true,"href":"https:\/\/www.ruderclub-salzburg.at\/wordpress\/wp-json\/wp\/v2\/users\/2"}],"replies":[{"embeddable":true,"href":"https:\/\/www.ruderclub-salzburg.at\/wordpress\/wp-json\/wp\/v2\/comments?post=703"}],"version-history":[{"count":10,"href":"https:\/\/www.ruderclub-salzburg.at\/wordpress\/wp-json\/wp\/v2\/pages\/703\/revisions"}],"predecessor-version":[{"id":740,"href":"https:\/\/www.ruderclub-salzburg.at\/wordpress\/wp-json\/wp\/v2\/pages\/703\/revisions\/740"}],"wp:attachment":[{"href":"https:\/\/www.ruderclub-salzburg.at\/wordpress\/wp-json\/wp\/v2\/media?parent=703"}],"curies":[{"name":"wp","href":"https:\/\/api.w.org\/{rel}","templated":true}]}}