{"id":749,"date":"2021-07-06T09:27:40","date_gmt":"2021-07-06T07:27:40","guid":{"rendered":"http:\/\/www.ruderclub-salzburg.at\/wordpress\/?page_id=749"},"modified":"2022-05-22T09:02:44","modified_gmt":"2022-05-22T07:02:44","slug":"tag-des-rudersports-2021-schnupperrudern-auf-der-koenigsseeache","status":"publish","type":"page","link":"https:\/\/www.ruderclub-salzburg.at\/wordpress\/tag-des-rudersports-2021-schnupperrudern-auf-der-koenigsseeache\/","title":{"rendered":"Tag des Rudersports 2021 &#8211; Schnupperrudern auf der K\u00f6nigsseeache"},"content":{"rendered":"<h3>\u00dcberraschend gro\u00dfes Interesse am Ruderangebot<\/h3>\n<h3><img loading=\"lazy\" decoding=\"async\" class=\"alignright wp-image-757\" src=\"https:\/\/www.ruderclub-salzburg.at\/wordpress\/wp-content\/uploads\/2021\/07\/TdRS-4-scaled-e1625638228537-1024x1008.jpg\" alt=\"\" width=\"411\" height=\"405\" \/><\/h3>\n<p>Der Ruderclub Salzburg hat am 3. Juli 2021 beim Tag des Rudersports mitgemacht und sich dabei besonders auf Neueinsteiger konzentriert. Schon im Vorfeld haben wir pers\u00f6nlich und \u00fcber soziale Medien daf\u00fcr Werbung gemacht.<\/p>\n<p>Am Veranstaltungstag selbst zeigte sich auch das Wetter von seiner besten Seite. Beim Bootszelt in Anif neben dem Kletterpark sowie beim Bootssteg an der K\u00f6nigsseeache haben wir Plakate ausgeh\u00e4ngt, um auf unser Angebot aufmerksam zu machen. Zwei C-Vierer waren von 11 bis 17 Uhr im Einsatz. Interessierte konnten somit spontan beim Schnupperrudern teilnehmen. Der Zuspruch war so gro\u00df, dass &#8222;Schnupperwillige&#8220; sogar Wartezeiten in Kauf nahmen!<\/p>\n<h3><img loading=\"lazy\" decoding=\"async\" class=\"wp-image-754 aligncenter\" src=\"https:\/\/www.ruderclub-salzburg.at\/wordpress\/wp-content\/uploads\/2021\/07\/TdRS-1-1024x646.jpg\" alt=\"\" width=\"489\" height=\"308\" srcset=\"https:\/\/www.ruderclub-salzburg.at\/wordpress\/wp-content\/uploads\/2021\/07\/TdRS-1-1024x646.jpg 1024w, https:\/\/www.ruderclub-salzburg.at\/wordpress\/wp-content\/uploads\/2021\/07\/TdRS-1-300x189.jpg 300w, https:\/\/www.ruderclub-salzburg.at\/wordpress\/wp-content\/uploads\/2021\/07\/TdRS-1-768x484.jpg 768w, https:\/\/www.ruderclub-salzburg.at\/wordpress\/wp-content\/uploads\/2021\/07\/TdRS-1-1536x968.jpg 1536w, https:\/\/www.ruderclub-salzburg.at\/wordpress\/wp-content\/uploads\/2021\/07\/TdRS-1-2048x1291.jpg 2048w\" sizes=\"auto, (max-width: 489px) 100vw, 489px\" \/><\/h3>\n<p>Danke an Heinz, Markus und Hartmut f\u00fcr die Betreuung der Interessenten! Wir freuen uns, dass wir einige Neue f\u00fcr den Rudersport begeistern konnten. Unsere Anf\u00e4ngerkurse sind somit komplett ausgebucht!<\/p>\n<div id=\"attachment_756\" style=\"width: 562px\" class=\"wp-caption aligncenter\"><img loading=\"lazy\" decoding=\"async\" aria-describedby=\"caption-attachment-756\" class=\"wp-image-756\" src=\"https:\/\/www.ruderclub-salzburg.at\/wordpress\/wp-content\/uploads\/2021\/07\/TdRS-3-1024x458.jpg\" alt=\"\" width=\"552\" height=\"247\" srcset=\"https:\/\/www.ruderclub-salzburg.at\/wordpress\/wp-content\/uploads\/2021\/07\/TdRS-3-1024x458.jpg 1024w, https:\/\/www.ruderclub-salzburg.at\/wordpress\/wp-content\/uploads\/2021\/07\/TdRS-3-300x134.jpg 300w, https:\/\/www.ruderclub-salzburg.at\/wordpress\/wp-content\/uploads\/2021\/07\/TdRS-3-768x344.jpg 768w, https:\/\/www.ruderclub-salzburg.at\/wordpress\/wp-content\/uploads\/2021\/07\/TdRS-3-1536x687.jpg 1536w, https:\/\/www.ruderclub-salzburg.at\/wordpress\/wp-content\/uploads\/2021\/07\/TdRS-3-2048x916.jpg 2048w\" sizes=\"auto, (max-width: 552px) 100vw, 552px\" \/><p id=\"caption-attachment-756\" class=\"wp-caption-text\">Markus (auf der Eins) und Hartmut (am Steuer) mit drei besonders talentierten &#8222;Schnupperern&#8220;<\/p><\/div>\n","protected":false},"excerpt":{"rendered":"<p>\u00dcberraschend gro\u00dfes Interesse am Ruderangebot Der Ruderclub Salzburg hat am 3. Juli 2021 beim Tag des Rudersports mitgemacht und sich dabei besonders auf Neueinsteiger konzentriert. Schon im Vorfeld haben wir pers\u00f6nlich und \u00fcber soziale Medien daf\u00fcr Werbung gemacht. Am Veranstaltungstag selbst zeigte sich auch das Wetter von seiner besten Seite. Beim Bootszelt in Anif neben <a class=\"more-link\" href=\"https:\/\/www.ruderclub-salzburg.at\/wordpress\/tag-des-rudersports-2021-schnupperrudern-auf-der-koenigsseeache\/\">weiterlesen&#8230;<\/a><\/p>\n","protected":false},"author":2,"featured_media":0,"parent":0,"menu_order":0,"comment_status":"closed","ping_status":"closed","template":"","meta":{"footnotes":""},"class_list":["post-749","page","type-page","status-publish","hentry"],"_links":{"self":[{"href":"https:\/\/www.ruderclub-salzburg.at\/wordpress\/wp-json\/wp\/v2\/pages\/749","targetHints":{"allow":["GET"]}}],"collection":[{"href":"https:\/\/www.ruderclub-salzburg.at\/wordpress\/wp-json\/wp\/v2\/pages"}],"about":[{"href":"https:\/\/www.ruderclub-salzburg.at\/wordpress\/wp-json\/wp\/v2\/types\/page"}],"author":[{"embeddable":true,"href":"https:\/\/www.ruderclub-salzburg.at\/wordpress\/wp-json\/wp\/v2\/users\/2"}],"replies":[{"embeddable":true,"href":"https:\/\/www.ruderclub-salzburg.at\/wordpress\/wp-json\/wp\/v2\/comments?post=749"}],"version-history":[{"count":9,"href":"https:\/\/www.ruderclub-salzburg.at\/wordpress\/wp-json\/wp\/v2\/pages\/749\/revisions"}],"predecessor-version":[{"id":762,"href":"https:\/\/www.ruderclub-salzburg.at\/wordpress\/wp-json\/wp\/v2\/pages\/749\/revisions\/762"}],"wp:attachment":[{"href":"https:\/\/www.ruderclub-salzburg.at\/wordpress\/wp-json\/wp\/v2\/media?parent=749"}],"curies":[{"name":"wp","href":"https:\/\/api.w.org\/{rel}","templated":true}]}}